{"id":36577,"date":"2025-02-20T23:38:35","date_gmt":"2025-02-20T22:38:35","guid":{"rendered":"http:\/\/olemosaic.com\/producto\/plato-de-ceramica-de-20-cm-toros-blanco-2\/"},"modified":"2025-07-25T19:27:07","modified_gmt":"2025-07-25T17:27:07","slug":"assiette-en-ceramique-de-20-cm-taureaux-blanc-2","status":"publish","type":"product","link":"https:\/\/olemosaic.com\/fr\/produit\/assiette-en-ceramique-de-20-cm-taureaux-blanc-2\/","title":{"rendered":"Assiette en c\u00e9ramique de 20 cm. Taureaux. Espagne. Blanc."},"content":{"rendered":"<p>Cette spectaculaire assiette en c\u00e9ramique de 20 cm est un hommage vibrant \u00e0 la culture espagnole, d\u00e9cor\u00e9e d&rsquo;un design frappant de taureaux qui capture l&rsquo;essence du folklore espagnol. La pi\u00e8ce pr\u00e9sente un style mosa\u00efque color\u00e9, o\u00f9 les taureaux se distinguent dans de riches tons rouges et verts, entour\u00e9s d&rsquo;un paysage de feuilles et de fleurs, le tout sur un fond blanc \u00e9clatant qui souligne la beaut\u00e9 des illustrations. L&rsquo;inscription \u00ab\u00a0ESPAGNE\u00a0\u00bb est \u00e9l\u00e9gamment plac\u00e9e en haut, ajoutant une touche d&rsquo;authenticit\u00e9 qui en fait un souvenir id\u00e9al d&rsquo;Espagne.<\/p>\n<p>La c\u00e9ramique se distingue non seulement par son design accrocheur, mais aussi par sa finition brillante qui r\u00e9fl\u00e9chit la lumi\u00e8re, rehaussant encore plus les d\u00e9tails artistiques de l&rsquo;\u0153uvre. Les taureaux, symboles de la tradition taurine et de l&rsquo;esprit indomptable de l&rsquo;Espagne, s&rsquo;\u00e9rigent en ic\u00f4nes de fiert\u00e9 nationale, faisant de cette assiette un souvenir repr\u00e9sentatif qui apportera un morceau de la culture espagnole dans n&rsquo;importe quel foyer.<\/p>\n<p>Ol\u00e9 Mosaic est fier de proposer des souvenirs en c\u00e9ramique authentique, id\u00e9aux pour les boutiques de cadeaux touristiques \u00e0 la recherche d&rsquo;articles de qualit\u00e9 et de pertinence culturelle. Cette assiette de taureaux est une excellente option pour les touristes souhaitant emporter un morceau de la tradition espagnole, garantissant que leur voyage en Espagne se refl\u00e8te \u00e0 chaque instant.<\/p>\n","protected":false},"excerpt":{"rendered":"<p>Assiette en c\u00e9ramique de 20 cm, d\u00e9cor\u00e9e d&rsquo;un design vibrant de taureaux symbolisant la culture espagnole. Cette assiette pr\u00e9sente un style mosa\u00efque dans des tons rouges, verts et bleus, entour\u00e9e de feuilles et de fleurs, sur un fond blanc. Avec l&rsquo;inscription \u00ab\u00a0ESPAGNE\u00a0\u00bb, sa surface brillante et d\u00e9taill\u00e9e capture l&rsquo;essence du folklore espagnol, en faisant un souvenir attrayant id\u00e9al pour tout amateur de la tradition espagnole.<\/p>\n","protected":false},"featured_media":8562,"template":"","meta":{"_acf_changed":false},"product_brand":[],"product_cat":[656],"product_tag":[530,585],"class_list":{"0":"post-36577","1":"product","2":"type-product","3":"status-publish","4":"has-post-thumbnail","6":"product_cat-assiettes-decoratives","7":"product_tag-animaux","8":"product_tag-ceramique","9":"pa_motivo-taureaux","11":"first","12":"instock","13":"shipping-taxable","14":"product-type-simple"},"acf":[],"_links":{"self":[{"href":"https:\/\/olemosaic.com\/fr\/wp-json\/wp\/v2\/product\/36577","targetHints":{"allow":["GET"]}}],"collection":[{"href":"https:\/\/olemosaic.com\/fr\/wp-json\/wp\/v2\/product"}],"about":[{"href":"https:\/\/olemosaic.com\/fr\/wp-json\/wp\/v2\/types\/product"}],"wp:featuredmedia":[{"embeddable":true,"href":"https:\/\/olemosaic.com\/fr\/wp-json\/wp\/v2\/media\/8562"}],"wp:attachment":[{"href":"https:\/\/olemosaic.com\/fr\/wp-json\/wp\/v2\/media?parent=36577"}],"wp:term":[{"taxonomy":"product_brand","embeddable":true,"href":"https:\/\/olemosaic.com\/fr\/wp-json\/wp\/v2\/product_brand?post=36577"},{"taxonomy":"product_cat","embeddable":true,"href":"https:\/\/olemosaic.com\/fr\/wp-json\/wp\/v2\/product_cat?post=36577"},{"taxonomy":"product_tag","embeddable":true,"href":"https:\/\/olemosaic.com\/fr\/wp-json\/wp\/v2\/product_tag?post=36577"}],"curies":[{"name":"wp","href":"https:\/\/api.w.org\/{rel}","templated":true}]}}