{"id":36576,"date":"2025-02-20T23:38:35","date_gmt":"2025-02-20T22:38:35","guid":{"rendered":"http:\/\/olemosaic.com\/producto\/vaso-de-chupito-de-vidrio-glaceado-toro-2\/"},"modified":"2025-07-25T18:56:13","modified_gmt":"2025-07-25T16:56:13","slug":"verre-a-shot-en-verre-depoli-taureau-2","status":"publish","type":"product","link":"https:\/\/olemosaic.com\/fr\/produit\/verre-a-shot-en-verre-depoli-taureau-2\/","title":{"rendered":"Verre \u00e0 shot en verre d\u00e9poli. Taureau. Motif floral."},"content":{"rendered":"<p>Ce verre \u00e0 shot en verre d\u00e9poli, d\u00e9cor\u00e9 d&rsquo;un taureau vibrant, est un hommage authentique \u00e0 la tradition taurine espagnole. La pi\u00e8ce se distingue par son design captivant : un taureau, symbole de force et de courage, est pr\u00e9sent\u00e9 dans un style mosa\u00efque innovant, \u00e9labor\u00e9 avec une palette de couleurs \u00e9clatantes incluant des tons verts, bleus et rouges. Ce taureau dynamique se dresse sur un fond simulant le sable de l&rsquo;ar\u00e8ne, compl\u00e9t\u00e9 par de d\u00e9licats motifs floraux en vert et rouge qui encadrent la sc\u00e8ne avec une touche de fra\u00eecheur et d&rsquo;\u00e9l\u00e9gance.<\/p>\n<p>La finition d\u00e9polie du verre lui conf\u00e8re non seulement un aspect contemporain, mais rehausse \u00e9galement son \u00e9clat et sa texture, en faisant un objet attrayant pour les collectionneurs et les touristes. Ce r\u00e9cipient fonctionnel est id\u00e9al pour savourer vos boissons pr\u00e9f\u00e9r\u00e9es tout en \u00e9tant un souvenir unique qui encapsule l&rsquo;essence culturelle de l&rsquo;Espagne.<\/p>\n<p>Chez Ol\u00e9 Mosaic, nous nous sp\u00e9cialisons dans la distribution de souvenirs en gros qui c\u00e9l\u00e8brent le riche h\u00e9ritage culturel espagnol. Ce verre \u00e0 shot de taureau est une excellente option pour les boutiques de cadeaux touristiques \u00e0 la recherche de produits authentiques et de qualit\u00e9. Nous proposons des verres \u00e0 shot d\u00e9coratifs parfaits pour ceux qui souhaitent emporter un morceau d&rsquo;Espagne de leur voyage.<\/p>\n","protected":false},"excerpt":{"rendered":"<p>Verre \u00e0 shot en verre d\u00e9poli d\u00e9cor\u00e9 d&rsquo;un taureau vibrant de style mosa\u00efque, \u00e9voquant la tradition taurine d&rsquo;Espagne. Ce verre attrayant pr\u00e9sente une palette de couleurs \u00e9clatantes, avec un taureau d\u00e9ployant des tons verts, bleus et rouges sur un fond simulant le sable, entour\u00e9 de d\u00e9licats motifs floraux en vert et rouge. Sa finition d\u00e9polie lui donne une touche \u00e9l\u00e9gante et contemporaine, parfaite pour les collectionneurs ou comme souvenir unique.<\/p>\n","protected":false},"featured_media":8806,"template":"","meta":{"_acf_changed":false},"product_brand":[],"product_cat":[814],"product_tag":[530],"class_list":{"0":"post-36576","1":"product","2":"type-product","3":"status-publish","4":"has-post-thumbnail","6":"product_cat-verres-a-shot","7":"product_tag-animaux","8":"pa_motivo-taureaux","10":"first","11":"instock","12":"shipping-taxable","13":"product-type-simple"},"acf":[],"_links":{"self":[{"href":"https:\/\/olemosaic.com\/fr\/wp-json\/wp\/v2\/product\/36576","targetHints":{"allow":["GET"]}}],"collection":[{"href":"https:\/\/olemosaic.com\/fr\/wp-json\/wp\/v2\/product"}],"about":[{"href":"https:\/\/olemosaic.com\/fr\/wp-json\/wp\/v2\/types\/product"}],"wp:featuredmedia":[{"embeddable":true,"href":"https:\/\/olemosaic.com\/fr\/wp-json\/wp\/v2\/media\/8806"}],"wp:attachment":[{"href":"https:\/\/olemosaic.com\/fr\/wp-json\/wp\/v2\/media?parent=36576"}],"wp:term":[{"taxonomy":"product_brand","embeddable":true,"href":"https:\/\/olemosaic.com\/fr\/wp-json\/wp\/v2\/product_brand?post=36576"},{"taxonomy":"product_cat","embeddable":true,"href":"https:\/\/olemosaic.com\/fr\/wp-json\/wp\/v2\/product_cat?post=36576"},{"taxonomy":"product_tag","embeddable":true,"href":"https:\/\/olemosaic.com\/fr\/wp-json\/wp\/v2\/product_tag?post=36576"}],"curies":[{"name":"wp","href":"https:\/\/api.w.org\/{rel}","templated":true}]}}