{"id":36548,"date":"2025-02-20T22:38:34","date_gmt":"2025-02-20T22:38:34","guid":{"rendered":"http:\/\/olemosaic.com\/producto\/vaso-de-ceramica-sardinas-blanco\/"},"modified":"2025-07-25T18:46:09","modified_gmt":"2025-07-25T16:46:09","slug":"gobelet-en-ceramique-sardines-blanc","status":"publish","type":"product","link":"https:\/\/olemosaic.com\/fr\/produit\/gobelet-en-ceramique-sardines-blanc\/","title":{"rendered":"Gobelet en c\u00e9ramique. Sardines. Blanc."},"content":{"rendered":"<p>Ce gobelet en c\u00e9ramique, d\u00e9cor\u00e9 de sardines attrayantes, est une pi\u00e8ce vibrante qui ajoute de la couleur et de la culture \u00e0 n&rsquo;importe quel foyer. Le design pr\u00e9sente des sardines dans une palette de couleurs vives, avec des tons fascinants de bleu, vert, jaune, rouge et orange, qui contrastent merveilleusement avec un fond d&rsquo;azulejos blancs et bleus, \u00e9voquant la richesse du style traditionnel portugais. Le couvercle turquoise n&rsquo;est pas seulement fonctionnel, il compl\u00e8te \u00e9galement le design, permettant de savourer vos boissons pr\u00e9f\u00e9r\u00e9es sans \u00e9claboussures, tout en c\u00e9l\u00e9brant l&rsquo;authentique h\u00e9ritage maritime de la r\u00e9gion.<\/p>\n<p>Ce gobelet est plus qu&rsquo;un simple objet d\u00e9coratif ; c&rsquo;est un souvenir repr\u00e9sentatif de la culture c\u00f4ti\u00e8re du Portugal, o\u00f9 les sardines sont un symbole de festivit\u00e9s et de gastronomie. Que ce soit pour le quotidien ou pour des occasions sp\u00e9ciales, son design joyeux et color\u00e9 en fait un souvenir id\u00e9al pour les touristes recherchant une connexion authentique avec la tradition portugaise.<\/p>\n<p>Chez Ol\u00e9 Mosaic, nous nous sp\u00e9cialisons dans la distribution de souvenirs en gros, offrant des produits authentiques et de qualit\u00e9. Ce gobelet en c\u00e9ramique d\u00e9cor\u00e9 de sardines est une excellente option pour les boutiques de cadeaux touristiques souhaitant proposer des articles uniques et culturels refl\u00e9tant l&rsquo;essence du Portugal. En tant que grossiste en c\u00e9ramique, nous garantissons l&rsquo;authenticit\u00e9 et un design attrayant pour chaque pi\u00e8ce.<\/p>\n","protected":false},"excerpt":{"rendered":"<p>Gobelet en c\u00e9ramique d\u00e9cor\u00e9 de sardines attrayantes, id\u00e9al pour ajouter une touche de couleur et de culture \u00e0 n&rsquo;importe quel foyer. Il pr\u00e9sente un design vibrant avec des sardines dans les tons bleu, vert, jaune, rouge et orange, sur un fond d&rsquo;azulejos blancs et bleus \u00e9voquant le style traditionnel du Portugal. Son couvercle turquoise apporte de la fonctionnalit\u00e9, en faisant une option pratique pour savourer vos boissons pr\u00e9f\u00e9r\u00e9es tout en c\u00e9l\u00e9brant le riche h\u00e9ritage maritime de la r\u00e9gion.<\/p>\n","protected":false},"featured_media":9050,"template":"","meta":{"_acf_changed":false},"product_brand":[],"product_cat":[819],"product_tag":[530,585],"class_list":{"0":"post-36548","1":"product","2":"type-product","3":"status-publish","4":"has-post-thumbnail","6":"product_cat-verres","7":"product_tag-animaux","8":"product_tag-ceramique","9":"pa_motivo-sardines","11":"first","12":"instock","13":"shipping-taxable","14":"product-type-simple"},"acf":[],"_links":{"self":[{"href":"https:\/\/olemosaic.com\/fr\/wp-json\/wp\/v2\/product\/36548","targetHints":{"allow":["GET"]}}],"collection":[{"href":"https:\/\/olemosaic.com\/fr\/wp-json\/wp\/v2\/product"}],"about":[{"href":"https:\/\/olemosaic.com\/fr\/wp-json\/wp\/v2\/types\/product"}],"wp:featuredmedia":[{"embeddable":true,"href":"https:\/\/olemosaic.com\/fr\/wp-json\/wp\/v2\/media\/9050"}],"wp:attachment":[{"href":"https:\/\/olemosaic.com\/fr\/wp-json\/wp\/v2\/media?parent=36548"}],"wp:term":[{"taxonomy":"product_brand","embeddable":true,"href":"https:\/\/olemosaic.com\/fr\/wp-json\/wp\/v2\/product_brand?post=36548"},{"taxonomy":"product_cat","embeddable":true,"href":"https:\/\/olemosaic.com\/fr\/wp-json\/wp\/v2\/product_cat?post=36548"},{"taxonomy":"product_tag","embeddable":true,"href":"https:\/\/olemosaic.com\/fr\/wp-json\/wp\/v2\/product_tag?post=36548"}],"curies":[{"name":"wp","href":"https:\/\/api.w.org\/{rel}","templated":true}]}}