{"id":36547,"date":"2025-02-20T23:38:34","date_gmt":"2025-02-20T22:38:34","guid":{"rendered":"http:\/\/olemosaic.com\/producto\/taza-de-ceramica-toro-beige-2\/"},"modified":"2025-07-25T23:25:07","modified_gmt":"2025-07-25T21:25:07","slug":"tasse-en-ceramique-taureau-beige-2","status":"publish","type":"product","link":"https:\/\/olemosaic.com\/fr\/produit\/tasse-en-ceramique-taureau-beige-2\/","title":{"rendered":"Tasse en c\u00e9ramique. Taureau. Beige."},"content":{"rendered":"<p>Ce design de tasse en c\u00e9ramique beige pr\u00e9sente un taureau vibrant en mosa\u00efque, un symbole embl\u00e9matique de la riche tradition taurine espagnole. La figure du taureau, avec un effet peint \u00e0 la main et des d\u00e9tails en rouge, se d\u00e9tache sur le fond blanc, capturant l&rsquo;essence d&rsquo;une des cultures les plus singuli\u00e8res du pays. Chaque tasse, dot\u00e9e d&rsquo;une anse verte, offre l&rsquo;option d&rsquo;un int\u00e9rieur dans diverses combinaisons de couleurs, apportant une touche de gaiet\u00e9 et de polyvalence au design.<\/p>\n<p>Le taureau, avec son imposante pr\u00e9sence, n&rsquo;est pas seulement une ic\u00f4ne de la culture espagnole, il repr\u00e9sente aussi la passion et l&rsquo;esprit indomptable de la f\u00eate taurine, une tradition qui a suscit\u00e9 admiration et d\u00e9bat au niveau mondial. Ce souvenir devient un pr\u00e9cieux rappel de la vie dans les ar\u00e8nes et de l&rsquo;essence de la culture espagnole, se transformant en un article attrayant et fonctionnel qui ravira certainement les amateurs de ce folklore.<\/p>\n<p>Chez Ol\u00e9 Mosaic, en tant que grossiste d&rsquo;articles culturels, nous proposons cette tasse en c\u00e9ramique comme un souvenir id\u00e9al, soulignant son authenticit\u00e9 et sa valeur en tant que souvenir repr\u00e9sentatif de l&rsquo;Espagne. Elle est parfaite pour les boutiques de cadeaux touristiques qui recherchent des produits racontant une histoire et c\u00e9l\u00e9brant l&rsquo;identit\u00e9 culturelle.<\/p>\n","protected":false},"excerpt":{"rendered":"<p>Tasse en c\u00e9ramique beige, d\u00e9cor\u00e9e d&rsquo;un taureau vibrant en mosa\u00efque symbolisant la riche tradition taurine espagnole. Ce design artisanal, peint \u00e0 la main, pr\u00e9sente des d\u00e9tails rouges sur un fond blanc, mettant en valeur la figure du taureau par ses couleurs. La tasse, avec une anse verte, est disponible avec l&rsquo;int\u00e9rieur dans diff\u00e9rentes combinaisons de couleurs, ce qui en fait un article attrayant et fonctionnel pour tout amateur de folklore espagnol.<\/p>\n","protected":false},"featured_media":6912,"template":"","meta":{"_acf_changed":false},"product_brand":[],"product_cat":[822],"product_tag":[530,585],"class_list":{"0":"post-36547","1":"product","2":"type-product","3":"status-publish","4":"has-post-thumbnail","6":"product_cat-mugs-fr","7":"product_tag-animaux","8":"product_tag-ceramique","9":"pa_motivo-taureaux","11":"first","12":"instock","13":"shipping-taxable","14":"product-type-simple"},"acf":[],"_links":{"self":[{"href":"https:\/\/olemosaic.com\/fr\/wp-json\/wp\/v2\/product\/36547","targetHints":{"allow":["GET"]}}],"collection":[{"href":"https:\/\/olemosaic.com\/fr\/wp-json\/wp\/v2\/product"}],"about":[{"href":"https:\/\/olemosaic.com\/fr\/wp-json\/wp\/v2\/types\/product"}],"wp:featuredmedia":[{"embeddable":true,"href":"https:\/\/olemosaic.com\/fr\/wp-json\/wp\/v2\/media\/6912"}],"wp:attachment":[{"href":"https:\/\/olemosaic.com\/fr\/wp-json\/wp\/v2\/media?parent=36547"}],"wp:term":[{"taxonomy":"product_brand","embeddable":true,"href":"https:\/\/olemosaic.com\/fr\/wp-json\/wp\/v2\/product_brand?post=36547"},{"taxonomy":"product_cat","embeddable":true,"href":"https:\/\/olemosaic.com\/fr\/wp-json\/wp\/v2\/product_cat?post=36547"},{"taxonomy":"product_tag","embeddable":true,"href":"https:\/\/olemosaic.com\/fr\/wp-json\/wp\/v2\/product_tag?post=36547"}],"curies":[{"name":"wp","href":"https:\/\/api.w.org\/{rel}","templated":true}]}}