{"id":36545,"date":"2025-02-20T23:38:34","date_gmt":"2025-02-20T22:38:34","guid":{"rendered":"http:\/\/olemosaic.com\/producto\/mug-de-ceramica-toro-beige-2\/"},"modified":"2025-07-25T18:47:49","modified_gmt":"2025-07-25T16:47:49","slug":"mug-en-ceramique-taureau-beige-2","status":"publish","type":"product","link":"https:\/\/olemosaic.com\/fr\/produit\/mug-en-ceramique-taureau-beige-2\/","title":{"rendered":"Mug en c\u00e9ramique. Taureau. Beige."},"content":{"rendered":"<p>D\u00e9couvrez cette charmante tasse en c\u00e9ramique au design de taureau, une pi\u00e8ce id\u00e9ale pour ceux qui souhaitent emporter un morceau de la riche culture espagnole. Avec une \u00e9l\u00e9gante finition beige, cette tasse se distingue par une mosa\u00efque vibrante qui orne l&rsquo;image d&rsquo;un taureau, symbole iconique de la tradition et de la tauromachie en Espagne. L&rsquo;utilisation de couleurs intenses et le style artistique refl\u00e8tent la passion et l&rsquo;art qui entourent le monde du flamenco et des corridas, faisant de cette tasse un souvenir essentiel de la culture castillane.<\/p>\n<p>La tasse n&rsquo;est pas seulement visuellement attrayante, elle est aussi fonctionnelle, car elle est accompagn\u00e9e d&rsquo;une petite cuill\u00e8re assortie, qui ajoute une touche de praticit\u00e9 \u00e0 vos moments caf\u00e9 ou th\u00e9. Parfaite pour savourer vos boissons pr\u00e9f\u00e9r\u00e9es, cette pi\u00e8ce capture l&rsquo;essence de l&rsquo;hospitalit\u00e9 et de la tradition espagnole, ce qui en fait un cadeau id\u00e9al pour les touristes et les amateurs de culture. Chez Ol\u00e9 Mosaic, nous nous consacrons \u00e0 offrir des souvenirs authentiques, et cette tasse taureau est une excellente option qui refl\u00e8te la richesse du patrimoine espagnol. Si vous recherchez un point de vente proposant des souvenirs en c\u00e9ramique authentiques, notre tasse est le choix parfait pour les boutiques de cadeaux touristiques souhaitant mettre en avant le meilleur de la culture espagnole.<\/p>\n","protected":false},"excerpt":{"rendered":"<p>Tasse en c\u00e9ramique avec un design de taureau, id\u00e9ale pour les amoureux de la culture espagnole. Son \u00e9l\u00e9gante finition beige contraste avec les couleurs vibrantes du taureau, repr\u00e9sent\u00e9 dans un style mosa\u00efque qui \u00e9voque la tradition et l&rsquo;art de la tauromachie. La tasse comprend une cuill\u00e8re assortie, ce qui en fait une option fonctionnelle et d\u00e9corative. Parfaite pour savourer vos boissons pr\u00e9f\u00e9r\u00e9es avec une touche de folklore castillan.<\/p>\n","protected":false},"featured_media":6894,"template":"","meta":{"_acf_changed":false},"product_brand":[],"product_cat":[728],"product_tag":[530,585],"class_list":{"0":"post-36545","1":"product","2":"type-product","3":"status-publish","4":"has-post-thumbnail","6":"product_cat-mugs","7":"product_tag-animaux","8":"product_tag-ceramique","9":"pa_motivo-taureaux","11":"first","12":"instock","13":"shipping-taxable","14":"product-type-simple"},"acf":[],"_links":{"self":[{"href":"https:\/\/olemosaic.com\/fr\/wp-json\/wp\/v2\/product\/36545","targetHints":{"allow":["GET"]}}],"collection":[{"href":"https:\/\/olemosaic.com\/fr\/wp-json\/wp\/v2\/product"}],"about":[{"href":"https:\/\/olemosaic.com\/fr\/wp-json\/wp\/v2\/types\/product"}],"wp:featuredmedia":[{"embeddable":true,"href":"https:\/\/olemosaic.com\/fr\/wp-json\/wp\/v2\/media\/6894"}],"wp:attachment":[{"href":"https:\/\/olemosaic.com\/fr\/wp-json\/wp\/v2\/media?parent=36545"}],"wp:term":[{"taxonomy":"product_brand","embeddable":true,"href":"https:\/\/olemosaic.com\/fr\/wp-json\/wp\/v2\/product_brand?post=36545"},{"taxonomy":"product_cat","embeddable":true,"href":"https:\/\/olemosaic.com\/fr\/wp-json\/wp\/v2\/product_cat?post=36545"},{"taxonomy":"product_tag","embeddable":true,"href":"https:\/\/olemosaic.com\/fr\/wp-json\/wp\/v2\/product_tag?post=36545"}],"curies":[{"name":"wp","href":"https:\/\/api.w.org\/{rel}","templated":true}]}}