{"id":36532,"date":"2025-02-20T22:38:33","date_gmt":"2025-02-20T22:38:33","guid":{"rendered":"http:\/\/olemosaic.com\/producto\/4-bols-de-coco-de-13-x-6-cm-flecha-camino-de-santiago\/"},"modified":"2025-07-25T19:35:31","modified_gmt":"2025-07-25T17:35:31","slug":"4-bols-en-noix-de-coco-de-13-x-6-cm-fleche-chemin-de-compostelle","status":"publish","type":"product","link":"https:\/\/olemosaic.com\/fr\/produit\/4-bols-en-noix-de-coco-de-13-x-6-cm-fleche-chemin-de-compostelle\/","title":{"rendered":"4 Bols en noix de coco de 13 x 6 cm. Fl\u00e8che. Chemin de Compostelle."},"content":{"rendered":"<p>Ce jeu de 4 bols en noix de coco est un souvenir attrayant et color\u00e9, inspir\u00e9 du Chemin de Compostelle. Chaque bol, d&rsquo;un diam\u00e8tre de 13 cm et d&rsquo;une hauteur de 6 cm, pr\u00e9sente un design vibrant qui se distingue par ses tonalit\u00e9s de bleu, rouge, orange et rose, parfaites pour apporter vie et joie \u00e0 n&rsquo;importe quel espace. Le signe distinctif de chaque bol est une fl\u00e8che blanche qui indique la direction du chemin, accompagn\u00e9e du texte \u00ab\u00a0CAMINO DE SANTIAGO\u00a0\u00bb, ce qui en fait un symbole de cette c\u00e9l\u00e8bre route de p\u00e8lerinage europ\u00e9enne. La texture organique pr\u00e9sente sur les bords des bols souligne leur aspect artisanal, apportant une touche unique et authentique \u00e0 chaque pi\u00e8ce. Ces bols ne sont pas seulement id\u00e9aux pour un usage d\u00e9coratif, mais ils s&rsquo;av\u00e8rent \u00e9galement fonctionnels \u00e0 table, parfaits pour servir des ap\u00e9ritifs ou simplement comme objets de d\u00e9coration. Ce jeu de souvenirs de qualit\u00e9 est une excellente option pour les touristes \u00e0 la recherche de souvenirs repr\u00e9sentatifs et authentiques de leur voyage. Chez Ol\u00e9 Mosaic, en tant que distributeurs de souvenirs en gros, nous proposons des articles que c\u00e9l\u00e8brent la riche tradition du Chemin de Compostelle, id\u00e9aux pour les boutiques de cadeaux touristiques souhaitant offrir des produits d&rsquo;une grande pertinence culturelle et esth\u00e9tique.<\/p>\n","protected":false},"excerpt":{"rendered":"<p>Lot de 4 bols en noix de coco, chacun d&rsquo;un diam\u00e8tre de 13 cm et d&rsquo;une hauteur de 6 cm, inspir\u00e9s du Chemin de Compostelle. Ces bols color\u00e9s pr\u00e9sentent un design vibrant dans les tons bleu, rouge, orange et rose, chacun avec une fl\u00e8che blanche indiquant le chemin, accompagn\u00e9e du texte \u00ab\u00a0CAMINO DE SANTIAGO\u00a0\u00bb. Les bords des bols pr\u00e9sentent une texture organique qui rehausse leur aspect artisanal, id\u00e9al pour la d\u00e9coration ou l&rsquo;utilisation \u00e0 table.<\/p>\n","protected":false},"featured_media":14219,"template":"","meta":{"_acf_changed":false},"product_brand":[],"product_cat":[521],"product_tag":[],"class_list":{"0":"post-36532","1":"product","2":"type-product","3":"status-publish","4":"has-post-thumbnail","6":"product_cat-bols","7":"pa_ciudad-santiago-de-compostela","8":"pa_motivo-fleches","9":"pa_pais-espana","11":"first","12":"instock","13":"shipping-taxable","14":"product-type-simple"},"acf":[],"_links":{"self":[{"href":"https:\/\/olemosaic.com\/fr\/wp-json\/wp\/v2\/product\/36532","targetHints":{"allow":["GET"]}}],"collection":[{"href":"https:\/\/olemosaic.com\/fr\/wp-json\/wp\/v2\/product"}],"about":[{"href":"https:\/\/olemosaic.com\/fr\/wp-json\/wp\/v2\/types\/product"}],"wp:featuredmedia":[{"embeddable":true,"href":"https:\/\/olemosaic.com\/fr\/wp-json\/wp\/v2\/media\/14219"}],"wp:attachment":[{"href":"https:\/\/olemosaic.com\/fr\/wp-json\/wp\/v2\/media?parent=36532"}],"wp:term":[{"taxonomy":"product_brand","embeddable":true,"href":"https:\/\/olemosaic.com\/fr\/wp-json\/wp\/v2\/product_brand?post=36532"},{"taxonomy":"product_cat","embeddable":true,"href":"https:\/\/olemosaic.com\/fr\/wp-json\/wp\/v2\/product_cat?post=36532"},{"taxonomy":"product_tag","embeddable":true,"href":"https:\/\/olemosaic.com\/fr\/wp-json\/wp\/v2\/product_tag?post=36532"}],"curies":[{"name":"wp","href":"https:\/\/api.w.org\/{rel}","templated":true}]}}