{"id":36530,"date":"2025-02-20T23:38:33","date_gmt":"2025-02-20T22:38:33","guid":{"rendered":"http:\/\/olemosaic.com\/producto\/4-bols-de-coco-de-13-x-6-cm-mariposa-6\/"},"modified":"2025-07-25T20:19:32","modified_gmt":"2025-07-25T18:19:32","slug":"4-bols-en-noix-de-coco-de-13-x-6-cm-papillon-6","status":"publish","type":"product","link":"https:\/\/olemosaic.com\/fr\/produit\/4-bols-en-noix-de-coco-de-13-x-6-cm-papillon-6\/","title":{"rendered":"4 Bols en noix de coco de 13 x 6 cm. Papillon. Bleu, rouge, orange, rose."},"content":{"rendered":"<p>Ce jeu de 4 bols en noix de coco est un v\u00e9ritable bijou artisanal, id\u00e9al pour ceux qui recherchent des souvenirs de qualit\u00e9 refl\u00e9tant la culture et le design artisanal. Chaque bol mesure 13 x 6 cm et se distingue par ses couleurs vibrantes : bleu, rouge, orange et rose. Ce qui en fait des pi\u00e8ces vraiment uniques est leur \u00e9l\u00e9gant motif de papillon, minutieusement d\u00e9cor\u00e9 en blanc, qui apporte un air frais et original. Les bords des bols pr\u00e9sentent une finition ludique qui \u00e9voque un style artisanal, faisant de chaque pi\u00e8ce non seulement un ustensile fonctionnel pour servir des ap\u00e9ritifs, mais aussi un \u00e9l\u00e9ment d\u00e9coratif qui illuminera n&rsquo;importe quelle table.<\/p>\n<p>Ce produit c\u00e9l\u00e8bre la connexion avec la nature et l&rsquo;art de l&rsquo;artisanat local, \u00e9tant un souvenir parfait pour les touristes qui souhaitent ramener chez eux une partie de la culture espagnole. Les bols en noix de coco sont une excellente option pour les boutiques de cadeaux touristiques \u00e0 la recherche de souvenirs authentiques et repr\u00e9sentatifs, apportant une touche de couleur et d&rsquo;\u00e9l\u00e9gance \u00e0 toute exposition. Chez Ol\u00e9 Mosaic, nous nous sp\u00e9cialisons dans la distribution de souvenirs en gros, garantissant que chaque pi\u00e8ce raconte une histoire de tradition et de cr\u00e9ativit\u00e9. Attrayants et pratiques, ces souvenirs de bols en noix de coco sont un choix id\u00e9al pour ceux qui recherchent qualit\u00e9 et authenticit\u00e9 dans leurs achats.<\/p>\n","protected":false},"excerpt":{"rendered":"<p>Lot de 4 bols en noix de coco de 13 x 6 cm, d\u00e9cor\u00e9s d&rsquo;un \u00e9l\u00e9gant motif de papillon. Chaque bol pr\u00e9sente une couleur vibrante diff\u00e9rente : bleu, rouge, orange et rose, compl\u00e9t\u00e9e par des d\u00e9tails blancs qui font ressortir le design du papillon. Ces bols sont parfaits pour servir des ap\u00e9ritifs ou comme pi\u00e8ces d\u00e9coratives. Leur finition artisanale et distinctive leur donne une touche de fra\u00eecheur et d&rsquo;originalit\u00e9, id\u00e9ale pour colorer n&rsquo;importe quelle table.<\/p>\n","protected":false},"featured_media":14213,"template":"","meta":{"_acf_changed":false},"product_brand":[],"product_cat":[521],"product_tag":[530],"class_list":{"0":"post-36530","1":"product","2":"type-product","3":"status-publish","4":"has-post-thumbnail","6":"product_cat-bols","7":"product_tag-animaux","8":"pa_motivo-papillons","10":"first","11":"instock","12":"shipping-taxable","13":"product-type-simple"},"acf":[],"_links":{"self":[{"href":"https:\/\/olemosaic.com\/fr\/wp-json\/wp\/v2\/product\/36530","targetHints":{"allow":["GET"]}}],"collection":[{"href":"https:\/\/olemosaic.com\/fr\/wp-json\/wp\/v2\/product"}],"about":[{"href":"https:\/\/olemosaic.com\/fr\/wp-json\/wp\/v2\/types\/product"}],"wp:featuredmedia":[{"embeddable":true,"href":"https:\/\/olemosaic.com\/fr\/wp-json\/wp\/v2\/media\/14213"}],"wp:attachment":[{"href":"https:\/\/olemosaic.com\/fr\/wp-json\/wp\/v2\/media?parent=36530"}],"wp:term":[{"taxonomy":"product_brand","embeddable":true,"href":"https:\/\/olemosaic.com\/fr\/wp-json\/wp\/v2\/product_brand?post=36530"},{"taxonomy":"product_cat","embeddable":true,"href":"https:\/\/olemosaic.com\/fr\/wp-json\/wp\/v2\/product_cat?post=36530"},{"taxonomy":"product_tag","embeddable":true,"href":"https:\/\/olemosaic.com\/fr\/wp-json\/wp\/v2\/product_tag?post=36530"}],"curies":[{"name":"wp","href":"https:\/\/api.w.org\/{rel}","templated":true}]}}