{"id":36529,"date":"2025-02-20T23:38:32","date_gmt":"2025-02-20T22:38:32","guid":{"rendered":"http:\/\/olemosaic.com\/producto\/4-bols-de-coco-de-13-x-6-cm-salamandra-menorca\/"},"modified":"2025-07-25T20:41:06","modified_gmt":"2025-07-25T18:41:06","slug":"4-bols-en-noix-de-coco-de-13-x-6-cm-salamandre-minorque","status":"publish","type":"product","link":"https:\/\/olemosaic.com\/fr\/produit\/4-bols-en-noix-de-coco-de-13-x-6-cm-salamandre-minorque\/","title":{"rendered":"4 Bols en noix de coco de 13 x 6 cm. Salamandre. Minorque."},"content":{"rendered":"<p>Ce lot de 4 bols en noix de coco, de 13 x 6 cm, est une repr\u00e9sentation vibrante de la culture minorquine, d\u00e9cor\u00e9s d&rsquo;un design captivant de salamandre. Chaque bol a \u00e9t\u00e9 peint \u00e0 la main, affichant une charmante palette de couleurs comprenant le bleu, le dor\u00e9, le rose et le violet, cr\u00e9ant un effet visuel unique qui rehausse la texture naturelle de la noix de coco. La finition brillante de chaque pi\u00e8ce non seulement embellit le design, mais les rend \u00e9galement parfaits pour servir des ap\u00e9ritifs ou comme \u00e9l\u00e9ments d\u00e9coratifs qui ajoutent une touche de tradition \u00e0 n&rsquo;importe quel foyer.<\/p>\n<p>Le motif de la salamandre, symbole de la faune locale, souligne la riche biodiversit\u00e9 de Minorque et permet aux utilisateurs de se connecter \u00e0 l&rsquo;essence de l&rsquo;\u00eele \u00e0 chaque utilisation. L&rsquo;utilisation de couleurs vives refl\u00e8te l&rsquo;ambiance joyeuse et accueillante de Minorque, faisant de ces bols un souvenir id\u00e9al pour ceux qui souhaitent emporter un souvenir authentique de leur visite. Chez Ol\u00e9 Mosaic, nous sommes sp\u00e9cialistes de la distribution de souvenirs en gros, et nous proposons ce lot de bols comme une option parfaite pour les boutiques de cadeaux touristiques \u00e0 la recherche de produits qui racontent des histoires et repr\u00e9sentent la culture locale. Ce lot de 4 bols en noix de coco est, sans aucun doute, un excellent souvenir de Minorque qui allie fonctionnalit\u00e9 et art.<\/p>\n","protected":false},"excerpt":{"rendered":"<p>Lot de 4 bols en noix de coco de 13 x 6 cm, d\u00e9cor\u00e9s d&rsquo;un design vibrant de salamandre, typique de Minorque. Chaque bol est de conception artisanale, peint \u00e0 la main, dans les couleurs bleu, dor\u00e9, rose et violet, et pr\u00e9sente une finition brillante qui souligne la texture naturelle de la noix de coco. Id\u00e9aux pour servir des ap\u00e9ritifs ou comme \u00e9l\u00e9ment d\u00e9coratif, ces bols apportent une touche de tradition minorquine \u00e0 n&rsquo;importe quel foyer. Les motifs color\u00e9s et joyeux refl\u00e8tent le charme de l&rsquo;\u00eele.<\/p>\n","protected":false},"featured_media":14218,"template":"","meta":{"_acf_changed":false},"product_brand":[],"product_cat":[521],"product_tag":[530],"class_list":{"0":"post-36529","1":"product","2":"type-product","3":"status-publish","4":"has-post-thumbnail","6":"product_cat-bols","7":"product_tag-animaux","8":"pa_ciudad-menorca","9":"pa_motivo-salamandres","10":"pa_pais-espana","12":"first","13":"instock","14":"shipping-taxable","15":"product-type-simple"},"acf":[],"_links":{"self":[{"href":"https:\/\/olemosaic.com\/fr\/wp-json\/wp\/v2\/product\/36529","targetHints":{"allow":["GET"]}}],"collection":[{"href":"https:\/\/olemosaic.com\/fr\/wp-json\/wp\/v2\/product"}],"about":[{"href":"https:\/\/olemosaic.com\/fr\/wp-json\/wp\/v2\/types\/product"}],"wp:featuredmedia":[{"embeddable":true,"href":"https:\/\/olemosaic.com\/fr\/wp-json\/wp\/v2\/media\/14218"}],"wp:attachment":[{"href":"https:\/\/olemosaic.com\/fr\/wp-json\/wp\/v2\/media?parent=36529"}],"wp:term":[{"taxonomy":"product_brand","embeddable":true,"href":"https:\/\/olemosaic.com\/fr\/wp-json\/wp\/v2\/product_brand?post=36529"},{"taxonomy":"product_cat","embeddable":true,"href":"https:\/\/olemosaic.com\/fr\/wp-json\/wp\/v2\/product_cat?post=36529"},{"taxonomy":"product_tag","embeddable":true,"href":"https:\/\/olemosaic.com\/fr\/wp-json\/wp\/v2\/product_tag?post=36529"}],"curies":[{"name":"wp","href":"https:\/\/api.w.org\/{rel}","templated":true}]}}