{"id":36501,"date":"2025-02-20T23:38:32","date_gmt":"2025-02-20T22:38:32","guid":{"rendered":"http:\/\/olemosaic.com\/producto\/4-bols-de-coco-de-13-x-6-cm-toro-4\/"},"modified":"2025-07-25T19:49:37","modified_gmt":"2025-07-25T17:49:37","slug":"4-bols-en-coco-de-13-x-6-cm-taureau-4","status":"publish","type":"product","link":"https:\/\/olemosaic.com\/fr\/produit\/4-bols-en-coco-de-13-x-6-cm-taureau-4\/","title":{"rendered":"4 Bols en coco de 13 x 6 cm. Taureau. Folklore espagnol."},"content":{"rendered":"<p>Ce jeu de 4 bols en coco est un v\u00e9ritable joyau de l&rsquo;artisanat espagnol, id\u00e9al pour ceux qui souhaitent emporter un morceau de la culture d&rsquo;Espagne chez eux. Chaque bol, d&rsquo;une dimension de 13 x 6 cm, a \u00e9t\u00e9 m\u00e9ticuleusement fabriqu\u00e9 et d\u00e9cor\u00e9 \u00e0 la main, pr\u00e9sentant un design unique qui c\u00e9l\u00e8bre l&#8217;embl\u00e9matique taureau, symbole incontest\u00e9 de la tradition et du folklore espagnol. Les couleurs vibrantes de chaque bol \u2013 bleu, rouge, orange et dor\u00e9 \u2013 se combinent dans une texture spectaculaire qui \u00e9voque la richesse du paysage espagnol. Au centre de chaque bol, la silhouette du taureau se d\u00e9tache, rendant hommage aux f\u00eates taurines et \u00e0 l&rsquo;h\u00e9ritage culturel qu&rsquo;elles repr\u00e9sentent.<\/p>\n<p>Ces bols ne sont pas seulement un compl\u00e9ment d\u00e9coratif, ils repr\u00e9sentent \u00e9galement un style de vie plein de passion et de culture, parfaits pour rehausser n&rsquo;importe quelle table ou \u00e9v\u00e9nement, qu&rsquo;il s&rsquo;agisse d&rsquo;un d\u00eener, d&rsquo;une c\u00e9l\u00e9bration ou d&rsquo;une r\u00e9union entre amis. Chez Ol\u00e9 Mosaic, nous sommes fiers de proposer des souvenirs authentiques et repr\u00e9sentatifs de diverses r\u00e9gions, et ces bols en coco sont une excellente option pour les boutiques de cadeaux touristiques recherchant des produits de haute qualit\u00e9. En tant que grossistes de souvenirs en Espagne, nous garantissons l&rsquo;authenticit\u00e9 et la singularit\u00e9 de chaque pi\u00e8ce, id\u00e9ale pour les touristes cherchant un souvenir significatif de leur visite. Ne manquez pas l&rsquo;occasion de proposer ces bols en coco attrayants qui embellissent autant la table que le c\u0153ur de celui qui les re\u00e7oit.<\/p>\n","protected":false},"excerpt":{"rendered":"<p>Ensemble de 4 bols en coco de 13 x 6 cm, d\u00e9cor\u00e9s de l&#8217;embl\u00e9matique motif du taureau, symbole de la culture espagnole. Chaque bol pr\u00e9sente un design unique, avec des couleurs vibrantes comme le bleu, le rouge, l&rsquo;orange et le dor\u00e9, qui s&rsquo;entrelacent dans un motif de texture naturelle. Les bols sont soigneusement fabriqu\u00e9s et peints \u00e0 la main, incorporant la silhouette d&rsquo;un taureau au centre, id\u00e9aux pour mettre en valeur la tradition et le folklore espagnol sur n&rsquo;importe quelle table ou \u00e9v\u00e9nement.<\/p>\n","protected":false},"featured_media":14215,"template":"","meta":{"_acf_changed":false},"product_brand":[],"product_cat":[521],"product_tag":[530],"class_list":{"0":"post-36501","1":"product","2":"type-product","3":"status-publish","4":"has-post-thumbnail","6":"product_cat-bols","7":"product_tag-animaux","8":"pa_motivo-taureaux","10":"first","11":"instock","12":"shipping-taxable","13":"product-type-simple"},"acf":[],"_links":{"self":[{"href":"https:\/\/olemosaic.com\/fr\/wp-json\/wp\/v2\/product\/36501","targetHints":{"allow":["GET"]}}],"collection":[{"href":"https:\/\/olemosaic.com\/fr\/wp-json\/wp\/v2\/product"}],"about":[{"href":"https:\/\/olemosaic.com\/fr\/wp-json\/wp\/v2\/types\/product"}],"wp:featuredmedia":[{"embeddable":true,"href":"https:\/\/olemosaic.com\/fr\/wp-json\/wp\/v2\/media\/14215"}],"wp:attachment":[{"href":"https:\/\/olemosaic.com\/fr\/wp-json\/wp\/v2\/media?parent=36501"}],"wp:term":[{"taxonomy":"product_brand","embeddable":true,"href":"https:\/\/olemosaic.com\/fr\/wp-json\/wp\/v2\/product_brand?post=36501"},{"taxonomy":"product_cat","embeddable":true,"href":"https:\/\/olemosaic.com\/fr\/wp-json\/wp\/v2\/product_cat?post=36501"},{"taxonomy":"product_tag","embeddable":true,"href":"https:\/\/olemosaic.com\/fr\/wp-json\/wp\/v2\/product_tag?post=36501"}],"curies":[{"name":"wp","href":"https:\/\/api.w.org\/{rel}","templated":true}]}}