{"id":36499,"date":"2025-02-20T23:38:32","date_gmt":"2025-02-20T22:38:32","guid":{"rendered":"http:\/\/olemosaic.com\/producto\/4-bols-de-coco-de-13-x-6-cm-sagrada-familia-barcelona-3\/"},"modified":"2025-07-25T19:45:32","modified_gmt":"2025-07-25T17:45:32","slug":"4-bols-en-coco-de-13-x-6-cm-sagrada-familia-barcelone-3","status":"publish","type":"product","link":"https:\/\/olemosaic.com\/fr\/produit\/4-bols-en-coco-de-13-x-6-cm-sagrada-familia-barcelone-3\/","title":{"rendered":"4 Bols en coco de 13 x 6 cm. Sagrada Familia. Barcelone. Motifs floraux."},"content":{"rendered":"<p>D\u00e9couvrez notre ensemble de 4 bols en coco d\u00e9cor\u00e9s, une pi\u00e8ce unique inspir\u00e9e de l&#8217;embl\u00e9matique Sagrada Familia de Barcelone. Chaque bol, d&rsquo;une dimension de 13 x 6 cm, est m\u00e9ticuleusement fabriqu\u00e9 en coco et pr\u00e9sente un design vibrant \u00e9voquant la beaut\u00e9 architecturale de ce monument iconique. Les couleurs vives \u2014 bleu, rose et orange \u2014 donnent vie \u00e0 la mosa\u00efque qui d\u00e9core la surface de chaque bol, capturant l&rsquo;essence de l&rsquo;art moderniste qui caract\u00e9rise la cit\u00e9 comtale. Au centre, l&rsquo;illustration de la Sagrada Familia est compl\u00e9t\u00e9e par de joyeux motifs floraux, offrant non seulement un usage pratique, mais aussi un attrait d\u00e9coratif qui illuminera n&rsquo;importe quel foyer.<\/p>\n<p>Cet ensemble de bols est parfait pour servir des ap\u00e9ritifs lors de r\u00e9unions de famille ou pour rehausser l&rsquo;esth\u00e9tique de votre d\u00e9coration. De plus, sa finition brillante fait ressortir les couleurs vibrantes, garantissant que chaque pi\u00e8ce soit un point focal attrayant. Le lien culturel de ces bols avec Barcelone n&rsquo;en fait pas seulement des souvenirs significatifs, mais aussi un reflet du riche h\u00e9ritage artistique de la ville. Chez Ol\u00e9 Mosaic, nous sommes fiers de proposer ce type de souvenirs authentiques qui c\u00e9l\u00e8brent le patrimoine culturel, devenant une option id\u00e9ale pour les boutiques de cadeaux touristiques \u00e0 la recherche de produits distinctifs et de qualit\u00e9. En choisissant ce jeu de bols en coco, vous vous assurez une pi\u00e8ce repr\u00e9sentative qui r\u00e9sonnera aupr\u00e8s de tous ceux qui l&rsquo;acqui\u00e8rent.<\/p>\n","protected":false},"excerpt":{"rendered":"<p>Ensemble de 4 bols en coco de 13 x 6 cm d\u00e9cor\u00e9s d&rsquo;un design \u00e9voquant la Sagrada Familia de Barcelone. Chaque bol pr\u00e9sente une mosa\u00efque de couleurs vibrantes, avec des d\u00e9tails en bleu, rose et orange, et une finition brillante qui rehausse son attrait. L&rsquo;illustration centrale montre l&rsquo;iconique basilique, accompagn\u00e9e de motifs floraux qui apportent une touche joyeuse \u00e0 la pi\u00e8ce. Ces bols polyvalents sont id\u00e9aux pour servir des ap\u00e9ritifs ou comme \u00e9l\u00e9ments d\u00e9coratifs dans votre maison.<\/p>\n","protected":false},"featured_media":14211,"template":"","meta":{"_acf_changed":false},"product_brand":[],"product_cat":[521],"product_tag":[],"class_list":{"0":"post-36499","1":"product","2":"type-product","3":"status-publish","4":"has-post-thumbnail","6":"product_cat-bols","7":"pa_ciudad-barcelona","8":"pa_motivo-sagrada-familia","9":"pa_pais-espana","11":"first","12":"instock","13":"shipping-taxable","14":"product-type-simple"},"acf":[],"_links":{"self":[{"href":"https:\/\/olemosaic.com\/fr\/wp-json\/wp\/v2\/product\/36499","targetHints":{"allow":["GET"]}}],"collection":[{"href":"https:\/\/olemosaic.com\/fr\/wp-json\/wp\/v2\/product"}],"about":[{"href":"https:\/\/olemosaic.com\/fr\/wp-json\/wp\/v2\/types\/product"}],"wp:featuredmedia":[{"embeddable":true,"href":"https:\/\/olemosaic.com\/fr\/wp-json\/wp\/v2\/media\/14211"}],"wp:attachment":[{"href":"https:\/\/olemosaic.com\/fr\/wp-json\/wp\/v2\/media?parent=36499"}],"wp:term":[{"taxonomy":"product_brand","embeddable":true,"href":"https:\/\/olemosaic.com\/fr\/wp-json\/wp\/v2\/product_brand?post=36499"},{"taxonomy":"product_cat","embeddable":true,"href":"https:\/\/olemosaic.com\/fr\/wp-json\/wp\/v2\/product_cat?post=36499"},{"taxonomy":"product_tag","embeddable":true,"href":"https:\/\/olemosaic.com\/fr\/wp-json\/wp\/v2\/product_tag?post=36499"}],"curies":[{"name":"wp","href":"https:\/\/api.w.org\/{rel}","templated":true}]}}