{"id":36493,"date":"2025-02-20T23:38:31","date_gmt":"2025-02-20T22:38:31","guid":{"rendered":"http:\/\/olemosaic.com\/producto\/salvamanteles-de-ceramica-salamandra-tenerife-3\/"},"modified":"2025-07-25T20:09:27","modified_gmt":"2025-07-25T18:09:27","slug":"dessous-de-plat-en-ceramique-salamandre-tenerife-3","status":"publish","type":"product","link":"https:\/\/olemosaic.com\/fr\/produit\/dessous-de-plat-en-ceramique-salamandre-tenerife-3\/","title":{"rendered":"Dessous de plat en c\u00e9ramique. Salamandre. Tenerife. Blanc."},"content":{"rendered":"<p>Ce dessous de plat en c\u00e9ramique, inspir\u00e9 par l&#8217;embl\u00e9matique salamandre de Tenerife, est un magnifique exemple de la richesse culturelle des Canaries, id\u00e9al pour les touristes \u00e0 la recherche de souvenirs authentiques. Avec un design vibrant, cet article pr\u00e9sente une salamandre color\u00e9e dans des tons bleus, verts et jaunes, qui capture l&rsquo;essence de la faune locale, entour\u00e9e de charmantes fleurs rouges et bleues. Le fond en mosa\u00efque, aux tons gris et blancs, offre un contraste attrayant, rehaussant la figure centrale et cr\u00e9ant une \u0153uvre d&rsquo;art visuellement captivante. Le mot \u00ab\u00a0Tenerife\u00a0\u00bb est imprim\u00e9 en lettres voyantes, apportant une touche d&rsquo;authenticit\u00e9 et de connexion g\u00e9ographique.<\/p>\n<p>Ce dessous de plat n&rsquo;est pas seulement un \u00e9l\u00e9ment fonctionnel pour prot\u00e9ger vos surfaces, c&rsquo;est aussi une d\u00e9claration de style qui ajoute une touche de folklore canarien \u00e0 n&rsquo;importe quelle table. Parfait pour pr\u00e9senter vos plats lors de r\u00e9unions de famille ou de d\u00eeners entre amis, c&rsquo;est un souvenir qui \u00e9voque la beaut\u00e9 de Tenerife et sa riche tradition artisanale. Chez Ol\u00e9 Mosaic, nous sommes fiers d&rsquo;\u00eatre des distributeurs de souvenirs de qualit\u00e9 en gros. Ce dessous de plat est une excellente option pour les boutiques de cadeaux touristiques qui souhaitent offrir des produits uniques et repr\u00e9sentatifs de la culture canarienne, garantissant authenticit\u00e9 et attrait \u00e0 leurs clients.<\/p>\n","protected":false},"excerpt":{"rendered":"<p>Dessous de plat en c\u00e9ramique inspir\u00e9 par l&#8217;embl\u00e9matique salamandre de Tenerife. Cet article color\u00e9 pr\u00e9sente un design vibrant avec une salamandre dans les tons bleus, verts et jaunes, entour\u00e9e de fleurs rouges et bleues sur un fond de mosa\u00efque gris et blanc. Le mot \u00ab\u00a0Tenerife\u00a0\u00bb est imprim\u00e9 en lettres voyantes, apportant une touche authentique et culturelle. Id\u00e9al pour rehausser la pr\u00e9sentation de vos plats tout en ajoutant une touche de folklore canarien \u00e0 votre table.<\/p>\n","protected":false},"featured_media":14204,"template":"","meta":{"_acf_changed":false},"product_brand":[],"product_cat":[827],"product_tag":[530,585],"class_list":{"0":"post-36493","1":"product","2":"type-product","3":"status-publish","4":"has-post-thumbnail","6":"product_cat-dessous-de-plat","7":"product_tag-animaux","8":"product_tag-ceramique","9":"pa_ciudad-tenerife","10":"pa_motivo-salamandres","11":"pa_pais-espana","13":"first","14":"instock","15":"shipping-taxable","16":"product-type-simple"},"acf":[],"_links":{"self":[{"href":"https:\/\/olemosaic.com\/fr\/wp-json\/wp\/v2\/product\/36493","targetHints":{"allow":["GET"]}}],"collection":[{"href":"https:\/\/olemosaic.com\/fr\/wp-json\/wp\/v2\/product"}],"about":[{"href":"https:\/\/olemosaic.com\/fr\/wp-json\/wp\/v2\/types\/product"}],"wp:featuredmedia":[{"embeddable":true,"href":"https:\/\/olemosaic.com\/fr\/wp-json\/wp\/v2\/media\/14204"}],"wp:attachment":[{"href":"https:\/\/olemosaic.com\/fr\/wp-json\/wp\/v2\/media?parent=36493"}],"wp:term":[{"taxonomy":"product_brand","embeddable":true,"href":"https:\/\/olemosaic.com\/fr\/wp-json\/wp\/v2\/product_brand?post=36493"},{"taxonomy":"product_cat","embeddable":true,"href":"https:\/\/olemosaic.com\/fr\/wp-json\/wp\/v2\/product_cat?post=36493"},{"taxonomy":"product_tag","embeddable":true,"href":"https:\/\/olemosaic.com\/fr\/wp-json\/wp\/v2\/product_tag?post=36493"}],"curies":[{"name":"wp","href":"https:\/\/api.w.org\/{rel}","templated":true}]}}