{"id":36492,"date":"2025-02-20T23:38:30","date_gmt":"2025-02-20T22:38:30","guid":{"rendered":"http:\/\/olemosaic.com\/producto\/salvamanteles-de-ceramica-salamandra-mallorca-3\/"},"modified":"2025-07-25T20:09:26","modified_gmt":"2025-07-25T18:09:26","slug":"dessous-de-plat-en-ceramique-salamandre-majorque-3","status":"publish","type":"product","link":"https:\/\/olemosaic.com\/fr\/produit\/dessous-de-plat-en-ceramique-salamandre-majorque-3\/","title":{"rendered":"Dessous de plat en c\u00e9ramique. Salamandre. Majorque. Motifs floraux."},"content":{"rendered":"<p>Ce dessous de plat en c\u00e9ramique, inspir\u00e9 par la culture majorquine, est un authentique t\u00e9moignage de la richesse artisanale de la r\u00e9gion. Son design vibrant pr\u00e9sente une salamandre, symbole de chance et de vitalit\u00e9 dans la culture m\u00e9diterran\u00e9enne, entour\u00e9e de petites fleurs color\u00e9es qui ajoutent une touche joyeuse et vive. La technique de mosa\u00efque appliqu\u00e9e est exceptionnelle, combinant des tonalit\u00e9s brillantes de vert, bleu et rouge, ce qui en fait un objet d\u00e9coratif, en plus d&rsquo;\u00eatre fonctionnel, qui invite \u00e0 la conversation et \u00e9voque l&rsquo;essence de Majorque.<\/p>\n<p>Un cordon rouge distinctif parcourt le bord, compl\u00e9tant le design et offrant une finition soign\u00e9e et \u00e9l\u00e9gante qui rehausse l&rsquo;authenticit\u00e9 du produit. Le mot \u00ab\u00a0MALLORCA\u00a0\u00bb est pr\u00e9sent\u00e9 avec un style joyeux, capturant l&rsquo;essence du folklore local et en faisant un souvenir parfait pour les visiteurs de l&rsquo;\u00eele. Ce dessous de plat est id\u00e9al non seulement pour prot\u00e9ger les surfaces, mais aussi comme \u00e9l\u00e9ment d\u00e9coratif dans n&rsquo;importe quelle maison, apportant un air m\u00e9diterran\u00e9en.<\/p>\n<p>Chez Ol\u00e9 Mosaic, en tant que grossiste de souvenirs, nous proposons ce dessous de plat en c\u00e9ramique comme une excellente option pour les boutiques de cadeaux touristiques \u00e0 la recherche de produits authentiques et repr\u00e9sentatifs de la culture espagnole. Sa pertinence culturelle et son design soign\u00e9 en font un souvenir inoubliable pour ceux qui souhaitent emporter un petit morceau de Majorque.<\/p>\n","protected":false},"excerpt":{"rendered":"<p>Dessous de plat en c\u00e9ramique inspir\u00e9 par la culture majorquine, orn\u00e9 d&rsquo;un design vibrant de salamandre. Ce produit se distingue par sa technique de mosa\u00efque, avec des couleurs brillantes incluant des verts, des bleus et des rouges, ainsi que des petites fleurs dans des tons contrastants. Un cordon rouge sur le bord ajoute une touche distinctive. Le mot \u00ab\u00a0MALLORCA\u00a0\u00bb est imprim\u00e9 avec un style joyeux, capturant l&rsquo;essence du folklore local dans chaque d\u00e9tail.<\/p>\n","protected":false},"featured_media":14203,"template":"","meta":{"_acf_changed":false},"product_brand":[],"product_cat":[827],"product_tag":[530,585],"class_list":{"0":"post-36492","1":"product","2":"type-product","3":"status-publish","4":"has-post-thumbnail","6":"product_cat-dessous-de-plat","7":"product_tag-animaux","8":"product_tag-ceramique","9":"pa_ciudad-mallorca","10":"pa_motivo-salamandres","11":"pa_pais-espana","13":"first","14":"instock","15":"shipping-taxable","16":"product-type-simple"},"acf":[],"_links":{"self":[{"href":"https:\/\/olemosaic.com\/fr\/wp-json\/wp\/v2\/product\/36492","targetHints":{"allow":["GET"]}}],"collection":[{"href":"https:\/\/olemosaic.com\/fr\/wp-json\/wp\/v2\/product"}],"about":[{"href":"https:\/\/olemosaic.com\/fr\/wp-json\/wp\/v2\/types\/product"}],"wp:featuredmedia":[{"embeddable":true,"href":"https:\/\/olemosaic.com\/fr\/wp-json\/wp\/v2\/media\/14203"}],"wp:attachment":[{"href":"https:\/\/olemosaic.com\/fr\/wp-json\/wp\/v2\/media?parent=36492"}],"wp:term":[{"taxonomy":"product_brand","embeddable":true,"href":"https:\/\/olemosaic.com\/fr\/wp-json\/wp\/v2\/product_brand?post=36492"},{"taxonomy":"product_cat","embeddable":true,"href":"https:\/\/olemosaic.com\/fr\/wp-json\/wp\/v2\/product_cat?post=36492"},{"taxonomy":"product_tag","embeddable":true,"href":"https:\/\/olemosaic.com\/fr\/wp-json\/wp\/v2\/product_tag?post=36492"}],"curies":[{"name":"wp","href":"https:\/\/api.w.org\/{rel}","templated":true}]}}