{"id":36490,"date":"2025-02-20T23:38:30","date_gmt":"2025-02-20T22:38:30","guid":{"rendered":"http:\/\/olemosaic.com\/producto\/salvamanteles-de-ceramica-gato-mallorca-2\/"},"modified":"2025-07-25T19:09:05","modified_gmt":"2025-07-25T17:09:05","slug":"dessous-de-plat-en-ceramique-chat-majorque-2","status":"publish","type":"product","link":"https:\/\/olemosaic.com\/fr\/produit\/dessous-de-plat-en-ceramique-chat-majorque-2\/","title":{"rendered":"Dessous de plat en c\u00e9ramique. Chat. Design abstrait. Majorque."},"content":{"rendered":"<p>Ce dessous de plat en c\u00e9ramique, inspir\u00e9 par le charme de Majorque, est une pi\u00e8ce fonctionnelle et d\u00e9corative qui apportera une touche m\u00e9diterran\u00e9enne \u00e0 votre table. D\u00e9cor\u00e9 d&rsquo;un design abstrait vibrant en mosa\u00efque, il pr\u00e9sente un fond dans les tons gris et blancs qui rehausse la vivacit\u00e9 des chats color\u00e9s, chacun ayant son propre motif et sa personnalit\u00e9. Ces charmants f\u00e9lins, dans des tons harmonieux de bleu, vert, jaune et orange, jouent parmi des papillons d\u00e9licatement illustr\u00e9s, apportant un air joyeux et festif au design. L&rsquo;inscription \u00ab\u00a0MALLORCA\u00a0\u00bb se d\u00e9tache en haut, connectant instantan\u00e9ment le produit \u00e0 l&rsquo;idiosyncrasie de cette magnifique \u00eele espagnole.<\/p>\n<p>Le dessous de plat n&rsquo;est pas seulement un outil pratique pour prot\u00e9ger vos surfaces lors du service, mais aussi un v\u00e9ritable hommage \u00e0 l&rsquo;art de la mosa\u00efque, si typique de la d\u00e9coration espagnole. Cette pi\u00e8ce repr\u00e9sente la riche culture de Majorque, o\u00f9 les couleurs vibrantes sont pr\u00e9sentes dans chaque recoin, de son paysage \u00e0 sa flore et sa faune. En tant que souvenir, il capture l&rsquo;essence du lieu et est id\u00e9al pour ceux qui recherchent un souvenir authentique de leurs exp\u00e9riences sur l&rsquo;\u00eele.<\/p>\n<p>Chez Ol\u00e9 Mosaic, en tant que distributeurs de souvenirs en gros, nous proposons des produits qui allient qualit\u00e9 et authenticit\u00e9, ce dessous de plat en c\u00e9ramique \u00e9tant une excellente option pour les boutiques de cadeaux touristiques qui appr\u00e9cient l&rsquo;esth\u00e9tique fra\u00eeche et color\u00e9e de Majorque. Ce dessous de plat aux chats est, sans aucun doute, un symbole parfait de la beaut\u00e9 et de la joie de la M\u00e9diterran\u00e9e.<\/p>\n","protected":false},"excerpt":{"rendered":"<p>Dessous de plat en c\u00e9ramique inspir\u00e9 par le charme de Majorque, d\u00e9cor\u00e9 de chats color\u00e9s dans un design abstrait en mosa\u00efque. Cette pi\u00e8ce vibrante pr\u00e9sente un fond dans les tons gris et blancs, rehauss\u00e9 par des chats multicolores contrastant avec des papillons, apportant une touche joyeuse. L&rsquo;inscription \u00ab\u00a0MALLORCA\u00a0\u00bb se d\u00e9tache en haut, faisant de ce dessous de plat une pi\u00e8ce fonctionnelle et d\u00e9corative, parfaite pour ajouter une touche m\u00e9diterran\u00e9enne \u00e0 votre table.<\/p>\n","protected":false},"featured_media":14201,"template":"","meta":{"_acf_changed":false},"product_brand":[],"product_cat":[827],"product_tag":[530,585],"class_list":{"0":"post-36490","1":"product","2":"type-product","3":"status-publish","4":"has-post-thumbnail","6":"product_cat-dessous-de-plat","7":"product_tag-animaux","8":"product_tag-ceramique","9":"pa_ciudad-mallorca","10":"pa_motivo-chats","11":"pa_pais-espana","13":"first","14":"instock","15":"shipping-taxable","16":"product-type-simple"},"acf":[],"_links":{"self":[{"href":"https:\/\/olemosaic.com\/fr\/wp-json\/wp\/v2\/product\/36490","targetHints":{"allow":["GET"]}}],"collection":[{"href":"https:\/\/olemosaic.com\/fr\/wp-json\/wp\/v2\/product"}],"about":[{"href":"https:\/\/olemosaic.com\/fr\/wp-json\/wp\/v2\/types\/product"}],"wp:featuredmedia":[{"embeddable":true,"href":"https:\/\/olemosaic.com\/fr\/wp-json\/wp\/v2\/media\/14201"}],"wp:attachment":[{"href":"https:\/\/olemosaic.com\/fr\/wp-json\/wp\/v2\/media?parent=36490"}],"wp:term":[{"taxonomy":"product_brand","embeddable":true,"href":"https:\/\/olemosaic.com\/fr\/wp-json\/wp\/v2\/product_brand?post=36490"},{"taxonomy":"product_cat","embeddable":true,"href":"https:\/\/olemosaic.com\/fr\/wp-json\/wp\/v2\/product_cat?post=36490"},{"taxonomy":"product_tag","embeddable":true,"href":"https:\/\/olemosaic.com\/fr\/wp-json\/wp\/v2\/product_tag?post=36490"}],"curies":[{"name":"wp","href":"https:\/\/api.w.org\/{rel}","templated":true}]}}