{"id":36489,"date":"2025-02-20T23:38:30","date_gmt":"2025-02-20T22:38:30","guid":{"rendered":"http:\/\/olemosaic.com\/producto\/salvamanteles-de-ceramica-patio-valencia\/"},"modified":"2025-07-25T18:46:12","modified_gmt":"2025-07-25T16:46:12","slug":"dessous-de-plat-en-ceramique-patio-valence","status":"publish","type":"product","link":"https:\/\/olemosaic.com\/fr\/produit\/dessous-de-plat-en-ceramique-patio-valence\/","title":{"rendered":"Dessous de plat en c\u00e9ramique. Patio. Valence."},"content":{"rendered":"<p>Ce dessous de plat en c\u00e9ramique est un souvenir pr\u00e9cieux qui capture l&rsquo;essence du folklore valencien, parfait pour apporter une touche culturelle \u00e0 n&rsquo;importe quelle table. Fabriqu\u00e9 de mani\u00e8re artisanale, il repr\u00e9sente une sc\u00e8ne de danse vibrante dans un charmant patio orn\u00e9 de pots de fleurs color\u00e9s. Au centre, une danseuse de flamenco dans une spectaculaire robe rouge \u00e0 volants et un homme en chemise blanche dansent, \u00e9voquant l&rsquo;esprit festif de Valence. Les d\u00e9tails, peints \u00e0 la main avec soin, incluent un environnement plein de vie, avec des lanternes et des chaises typiques qui compl\u00e8tent la sc\u00e8ne, ainsi que le nom \u00ab\u00a0VALENCIA\u00a0\u00bb en lettres color\u00e9es en bas, renfor\u00e7ant son identit\u00e9 et son authenticit\u00e9.<\/p>\n<p>Ce dessous de plat, en plus d&rsquo;\u00eatre fonctionnel, est un magnifique \u00e9l\u00e9ment d\u00e9coratif qui rend hommage \u00e0 la riche tradition culturelle de Valence, c\u00e9l\u00e8bre pour sa musique et sa danse. C&rsquo;est le souvenir parfait pour les touristes qui souhaitent emporter un petit morceau de cette communaut\u00e9 vibrante. Chez Ol\u00e9 Mosaic, nous nous sp\u00e9cialisons dans la distribution de souvenirs en gros, offrant des produits comme ce dessous de plat, qui refl\u00e8tent l&rsquo;authenticit\u00e9 et l&rsquo;art de la culture espagnole. Ce dessous de plat en c\u00e9ramique est une excellente option pour les boutiques de cadeaux touristiques \u00e0 la recherche de produits repr\u00e9sentatifs et de qualit\u00e9.<\/p>\n","protected":false},"excerpt":{"rendered":"<p>Dessous de plat en c\u00e9ramique avec une repr\u00e9sentation color\u00e9e du folklore valencien. Ce dessous de plat attrayant pr\u00e9sente une charmante sc\u00e8ne de danse : une danseuse en robe rouge \u00e0 volants et un homme en chemise blanche, dans un patio orn\u00e9 de pots de fleurs et de d\u00e9tails en c\u00e9ramique. Avec un design artisanal fini, peint \u00e0 la main, et le nom \u00ab\u00a0VALENCIA\u00a0\u00bb en bas, c&rsquo;est un \u00e9l\u00e9ment d\u00e9coratif id\u00e9al pour ajouter une touche culturelle \u00e0 votre table.<\/p>\n","protected":false},"featured_media":14200,"template":"","meta":{"_acf_changed":false},"product_brand":[],"product_cat":[827],"product_tag":[585],"class_list":{"0":"post-36489","1":"product","2":"type-product","3":"status-publish","4":"has-post-thumbnail","6":"product_cat-dessous-de-plat","7":"product_tag-ceramique","8":"pa_ciudad-valencia","9":"pa_motivo-cours-interieures","10":"pa_pais-espana","12":"first","13":"instock","14":"shipping-taxable","15":"product-type-simple"},"acf":[],"_links":{"self":[{"href":"https:\/\/olemosaic.com\/fr\/wp-json\/wp\/v2\/product\/36489","targetHints":{"allow":["GET"]}}],"collection":[{"href":"https:\/\/olemosaic.com\/fr\/wp-json\/wp\/v2\/product"}],"about":[{"href":"https:\/\/olemosaic.com\/fr\/wp-json\/wp\/v2\/types\/product"}],"wp:featuredmedia":[{"embeddable":true,"href":"https:\/\/olemosaic.com\/fr\/wp-json\/wp\/v2\/media\/14200"}],"wp:attachment":[{"href":"https:\/\/olemosaic.com\/fr\/wp-json\/wp\/v2\/media?parent=36489"}],"wp:term":[{"taxonomy":"product_brand","embeddable":true,"href":"https:\/\/olemosaic.com\/fr\/wp-json\/wp\/v2\/product_brand?post=36489"},{"taxonomy":"product_cat","embeddable":true,"href":"https:\/\/olemosaic.com\/fr\/wp-json\/wp\/v2\/product_cat?post=36489"},{"taxonomy":"product_tag","embeddable":true,"href":"https:\/\/olemosaic.com\/fr\/wp-json\/wp\/v2\/product_tag?post=36489"}],"curies":[{"name":"wp","href":"https:\/\/api.w.org\/{rel}","templated":true}]}}