{"id":36473,"date":"2025-02-20T23:38:30","date_gmt":"2025-02-20T22:38:30","guid":{"rendered":"http:\/\/olemosaic.com\/producto\/salvamanteles-de-ceramica-salamandra-fuerteventura-2\/"},"modified":"2025-07-25T18:47:27","modified_gmt":"2025-07-25T16:47:27","slug":"dessous-de-plat-en-ceramique-salamandre-fuerteventura-2","status":"publish","type":"product","link":"https:\/\/olemosaic.com\/fr\/produit\/dessous-de-plat-en-ceramique-salamandre-fuerteventura-2\/","title":{"rendered":"Dessous de plat en c\u00e9ramique. Salamandre. \u00cele de Fuerteventura."},"content":{"rendered":"<p>Ce dessous de plat d\u00e9coratif en c\u00e9ramique, inspir\u00e9 par la vie vibrante de Fuerteventura, est une pi\u00e8ce unique qui fusionne fonctionnalit\u00e9 et art. Orn\u00e9 de salamandres color\u00e9es dispos\u00e9es de mani\u00e8re dynamique, son design se distingue par un fond de mosa\u00efque qui \u00e9voque le paysage canarien, compl\u00e9t\u00e9 par des fleurs vibrantes qui ajoutent une touche de joie. La c\u00e9ramique est encadr\u00e9e par un bord tress\u00e9 qui non seulement rehausse son esth\u00e9tique, mais offre \u00e9galement une plus grande r\u00e9sistance et durabilit\u00e9, id\u00e9al pour prot\u00e9ger n&rsquo;importe quelle surface de la chaleur et des taches.<\/p>\n<p>Chaque salamandre repr\u00e9sent\u00e9e sur le dessous de plat est \u00e9labor\u00e9e avec une explosion de couleurs \u00e9clatantes, capturant l&rsquo;essence du folklore canarien. Cet \u00e9l\u00e9ment d\u00e9coratif n&rsquo;est pas seulement un accessoire utile pour la table, mais aussi un souvenir authentique des traditions de Fuerteventura, o\u00f9 ces reptiles sont un symbole de chance et d&rsquo;adaptation \u00e0 l&rsquo;environnement.<\/p>\n<p>Chez Ol\u00e9 Mosaic, nous distribuons des souvenirs en gros et ce dessous de plat en c\u00e9ramique est une excellente option pour les boutiques de cadeaux touristiques qui recherchent des produits refl\u00e9tant l&rsquo;authenticit\u00e9 et la richesse culturelle des \u00eeles Canaries. Ce dessous de plat n&rsquo;est pas seulement un cadeau fonctionnel, mais aussi une pi\u00e8ce significative qui permettra aux touristes d&#8217;emporter un morceau de la culture insulaire chez eux.<\/p>\n","protected":false},"excerpt":{"rendered":"<p>Dessous de plat d\u00e9coratif en c\u00e9ramique inspir\u00e9 par la vie de Fuerteventura, orn\u00e9 de salamandres color\u00e9es dispos\u00e9es de mani\u00e8re dynamique. Son design, avec un fond de mosa\u00efque et des fleurs vibrantes, capture l&rsquo;essence du folklore canarien. La c\u00e9ramique est encadr\u00e9e par un bord tress\u00e9 qui allie style et fonctionnalit\u00e9, parfait pour prot\u00e9ger les surfaces tout en ajoutant une touche artistique \u00e0 votre table. Id\u00e9al pour les amoureux de la culture insulaire.<\/p>\n","protected":false},"featured_media":14199,"template":"","meta":{"_acf_changed":false},"product_brand":[],"product_cat":[827],"product_tag":[530,585],"class_list":{"0":"post-36473","1":"product","2":"type-product","3":"status-publish","4":"has-post-thumbnail","6":"product_cat-dessous-de-plat","7":"product_tag-animaux","8":"product_tag-ceramique","9":"pa_ciudad-fuerteventura","10":"pa_motivo-salamandres","11":"pa_pais-espana","13":"first","14":"instock","15":"shipping-taxable","16":"product-type-simple"},"acf":[],"_links":{"self":[{"href":"https:\/\/olemosaic.com\/fr\/wp-json\/wp\/v2\/product\/36473","targetHints":{"allow":["GET"]}}],"collection":[{"href":"https:\/\/olemosaic.com\/fr\/wp-json\/wp\/v2\/product"}],"about":[{"href":"https:\/\/olemosaic.com\/fr\/wp-json\/wp\/v2\/types\/product"}],"wp:featuredmedia":[{"embeddable":true,"href":"https:\/\/olemosaic.com\/fr\/wp-json\/wp\/v2\/media\/14199"}],"wp:attachment":[{"href":"https:\/\/olemosaic.com\/fr\/wp-json\/wp\/v2\/media?parent=36473"}],"wp:term":[{"taxonomy":"product_brand","embeddable":true,"href":"https:\/\/olemosaic.com\/fr\/wp-json\/wp\/v2\/product_brand?post=36473"},{"taxonomy":"product_cat","embeddable":true,"href":"https:\/\/olemosaic.com\/fr\/wp-json\/wp\/v2\/product_cat?post=36473"},{"taxonomy":"product_tag","embeddable":true,"href":"https:\/\/olemosaic.com\/fr\/wp-json\/wp\/v2\/product_tag?post=36473"}],"curies":[{"name":"wp","href":"https:\/\/api.w.org\/{rel}","templated":true}]}}