{"id":36469,"date":"2025-02-20T22:38:29","date_gmt":"2025-02-20T22:38:29","guid":{"rendered":"http:\/\/olemosaic.com\/producto\/salvamanteles-de-ceramica-mariposa-tenerife\/"},"modified":"2025-07-25T20:08:39","modified_gmt":"2025-07-25T18:08:39","slug":"dessous-de-plat-en-ceramique-papillon-tenerife","status":"publish","type":"product","link":"https:\/\/olemosaic.com\/fr\/produit\/dessous-de-plat-en-ceramique-papillon-tenerife\/","title":{"rendered":"Dessous de plat en c\u00e9ramique. Papillon. Tenerife."},"content":{"rendered":"<p>Ce dessous de plat en c\u00e9ramique, d\u00e9cor\u00e9 d&rsquo;une illustration vibrante de papillons et de fleurs, est une magnifique expression de la beaut\u00e9 de Tenerife. Avec un design en mosa\u00efque utilisant une palette de couleurs \u00e9clatantes, ce dessous de plat comprend des tons rouges, jaunes, bleus et verts saisissants, qui s&rsquo;entrelacent pour cr\u00e9er une atmosph\u00e8re joyeuse et festive. Dans le design se distinguent deux papillons en plein vol, avec des ailes d\u00e9taill\u00e9es qui soulignent le savoir-faire m\u00e9ticuleux. Autour des papillons fleurissent diverses fleurs color\u00e9es qui apportent fra\u00eecheur et vie, encadr\u00e9es par un bord en corde robuste qui assure fonctionnalit\u00e9 et style.<\/p>\n<p>Le mot \u00ab\u00a0Tenerife\u00a0\u00bb est pr\u00e9sent\u00e9 dans une typographie attrayante, un rappel de l&rsquo;\u00eele paradisiaque qui a inspir\u00e9 ce pr\u00e9cieux souvenir. Cette pi\u00e8ce est non seulement pratique pour prot\u00e9ger les surfaces des tables, mais elle sert \u00e9galement d&rsquo;\u00e9l\u00e9ment d\u00e9coratif charmant qui apportera de la personnalit\u00e9 \u00e0 n&rsquo;importe quel environnement. Son design refl\u00e8te la riche flore et faune de Tenerife, symbolisant l&rsquo;esprit vibrant des Canaries.<\/p>\n<p>Id\u00e9al pour les touristes \u00e0 la recherche de souvenirs authentiques, ce dessous de plat en c\u00e9ramique devient un beau souvenir qui encapsule le meilleur de Tenerife, parfait pour les boutiques de cadeaux touristiques souhaitant offrir des produits de qualit\u00e9. Chez Ol\u00e9 Mosaic, nous nous sp\u00e9cialisons dans la distribution de souvenirs uniques en gros, garantissant l&rsquo;authenticit\u00e9 et un lien culturel dans chaque pi\u00e8ce.<\/p>\n","protected":false},"excerpt":{"rendered":"<p>Dessous de plat en c\u00e9ramique d\u00e9cor\u00e9 d&rsquo;une illustration vibrante de papillons et de fleurs, inspir\u00e9 par la beaut\u00e9 de Tenerife. Ce dessous de plat original pr\u00e9sente un design en mosa\u00efque aux couleurs \u00e9clatantes, avec des tons rouges, jaunes, bleus et verts, et une typographie attrayante qui met en valeur le mot \u00ab\u00a0Tenerife\u00a0\u00bb. Fini avec un bord en corde robuste, il est \u00e0 la fois fonctionnel et d\u00e9coratif, ajoutant une touche de couleur \u00e0 n&rsquo;importe quelle table.<\/p>\n","protected":false},"featured_media":14195,"template":"","meta":{"_acf_changed":false},"product_brand":[],"product_cat":[827],"product_tag":[530,585],"class_list":{"0":"post-36469","1":"product","2":"type-product","3":"status-publish","4":"has-post-thumbnail","6":"product_cat-dessous-de-plat","7":"product_tag-animaux","8":"product_tag-ceramique","9":"pa_ciudad-tenerife","10":"pa_motivo-papillons","11":"pa_pais-espana","13":"first","14":"instock","15":"shipping-taxable","16":"product-type-simple"},"acf":[],"_links":{"self":[{"href":"https:\/\/olemosaic.com\/fr\/wp-json\/wp\/v2\/product\/36469","targetHints":{"allow":["GET"]}}],"collection":[{"href":"https:\/\/olemosaic.com\/fr\/wp-json\/wp\/v2\/product"}],"about":[{"href":"https:\/\/olemosaic.com\/fr\/wp-json\/wp\/v2\/types\/product"}],"wp:featuredmedia":[{"embeddable":true,"href":"https:\/\/olemosaic.com\/fr\/wp-json\/wp\/v2\/media\/14195"}],"wp:attachment":[{"href":"https:\/\/olemosaic.com\/fr\/wp-json\/wp\/v2\/media?parent=36469"}],"wp:term":[{"taxonomy":"product_brand","embeddable":true,"href":"https:\/\/olemosaic.com\/fr\/wp-json\/wp\/v2\/product_brand?post=36469"},{"taxonomy":"product_cat","embeddable":true,"href":"https:\/\/olemosaic.com\/fr\/wp-json\/wp\/v2\/product_cat?post=36469"},{"taxonomy":"product_tag","embeddable":true,"href":"https:\/\/olemosaic.com\/fr\/wp-json\/wp\/v2\/product_tag?post=36469"}],"curies":[{"name":"wp","href":"https:\/\/api.w.org\/{rel}","templated":true}]}}