{"id":36453,"date":"2025-02-20T22:38:29","date_gmt":"2025-02-20T22:38:29","guid":{"rendered":"http:\/\/olemosaic.com\/producto\/salvamanteles-de-ceramica-mosaico-valencia\/"},"modified":"2025-07-25T18:53:49","modified_gmt":"2025-07-25T16:53:49","slug":"dessous-de-plat-en-ceramique-mosaique-valence","status":"publish","type":"product","link":"https:\/\/olemosaic.com\/fr\/produit\/dessous-de-plat-en-ceramique-mosaique-valence\/","title":{"rendered":"Dessous de plat en c\u00e9ramique. Mosa\u00efque. Valence."},"content":{"rendered":"<p>Ce dessous de plat en c\u00e9ramique, d\u00e9cor\u00e9 d&rsquo;une mosa\u00efque vibrante, est un hommage au riche h\u00e9ritage culturel de Valence. Son design circulaire s&rsquo;inspire des azulejos traditionnels valenciens, combinant des couleurs \u00e9clatantes comme le rouge, le bleu et le jaune, qui \u00e9voquent la chaleur et la joie de la M\u00e9diterran\u00e9e. Chaque section de la mosa\u00efque pr\u00e9sente des motifs uniques et distinctifs qui refl\u00e8tent la tradition artisanale de la r\u00e9gion, tandis que le mot \u00ab\u00a0Val\u00e8ncia\u00a0\u00bb est imprim\u00e9 \u00e0 plusieurs endroits, soulignant l&rsquo;identit\u00e9 culturelle de cette ville espagnole embl\u00e9matique.<\/p>\n<p>La finition en c\u00e9ramique n&rsquo;offre pas seulement un attrait visuel, mais assure \u00e9galement une fonctionnalit\u00e9, prot\u00e9geant les surfaces de vos tables et compl\u00e9tant n&rsquo;importe quelle d\u00e9coration. Ce dessous de plat est plus qu&rsquo;un simple accessoire ; c&rsquo;est une pi\u00e8ce qui raconte l&rsquo;histoire de Valence, c\u00e9l\u00e8bre pour son architecture d&rsquo;azulejos et pour \u00eatre le berceau de la paella et de la f\u00eate des Fallas. Id\u00e9al pour les touristes \u00e0 la recherche de souvenirs authentiques et repr\u00e9sentatifs de leur visite, ce produit capture l&rsquo;essence du folklore et de la culture locale.<\/p>\n<p>Chez Ol\u00e9 Mosaic, nous sommes experts dans la distribution de souvenirs en c\u00e9ramique en gros, et ce dessous de plat ne satisfait pas seulement la demande d&rsquo;articles authentiques, mais met \u00e9galement en valeur la beaut\u00e9 du design espagnol. Parfait pour les boutiques de cadeaux touristiques souhaitant offrir un morceau de Valence \u00e0 leurs clients, ce dessous de plat est une option id\u00e9ale pour se souvenir de la chaleur et de la riche tradition de cette ville.<\/p>\n","protected":false},"excerpt":{"rendered":"<p>Dessous de plat en c\u00e9ramique d\u00e9cor\u00e9 d&rsquo;une mosa\u00efque vibrante \u00e9voquant le style traditionnel de Valence. Ce produit pr\u00e9sente un design circulaire combinant des couleurs \u00e9clatantes comme le rouge, le bleu et le jaune, formant des motifs typiques des azulejos valenciens. Le mot \u00ab\u00a0Val\u00e8ncia\u00a0\u00bb est imprim\u00e9 dans plusieurs sections, soulignant le riche h\u00e9ritage culturel de la ville. Sa finition en c\u00e9ramique, en plus d&rsquo;\u00eatre attrayante, est fonctionnelle et id\u00e9ale pour prot\u00e9ger les surfaces.<\/p>\n","protected":false},"featured_media":14194,"template":"","meta":{"_acf_changed":false},"product_brand":[],"product_cat":[827],"product_tag":[585],"class_list":{"0":"post-36453","1":"product","2":"type-product","3":"status-publish","4":"has-post-thumbnail","6":"product_cat-dessous-de-plat","7":"product_tag-ceramique","8":"pa_ciudad-valencia","9":"pa_motivo-mosaique","10":"pa_pais-espana","12":"first","13":"instock","14":"shipping-taxable","15":"product-type-simple"},"acf":[],"_links":{"self":[{"href":"https:\/\/olemosaic.com\/fr\/wp-json\/wp\/v2\/product\/36453","targetHints":{"allow":["GET"]}}],"collection":[{"href":"https:\/\/olemosaic.com\/fr\/wp-json\/wp\/v2\/product"}],"about":[{"href":"https:\/\/olemosaic.com\/fr\/wp-json\/wp\/v2\/types\/product"}],"wp:featuredmedia":[{"embeddable":true,"href":"https:\/\/olemosaic.com\/fr\/wp-json\/wp\/v2\/media\/14194"}],"wp:attachment":[{"href":"https:\/\/olemosaic.com\/fr\/wp-json\/wp\/v2\/media?parent=36453"}],"wp:term":[{"taxonomy":"product_brand","embeddable":true,"href":"https:\/\/olemosaic.com\/fr\/wp-json\/wp\/v2\/product_brand?post=36453"},{"taxonomy":"product_cat","embeddable":true,"href":"https:\/\/olemosaic.com\/fr\/wp-json\/wp\/v2\/product_cat?post=36453"},{"taxonomy":"product_tag","embeddable":true,"href":"https:\/\/olemosaic.com\/fr\/wp-json\/wp\/v2\/product_tag?post=36453"}],"curies":[{"name":"wp","href":"https:\/\/api.w.org\/{rel}","templated":true}]}}