{"id":36452,"date":"2025-02-20T22:38:28","date_gmt":"2025-02-20T22:38:28","guid":{"rendered":"http:\/\/olemosaic.com\/producto\/salvamanteles-de-ceramica-toros-pamplona\/"},"modified":"2025-07-25T20:30:25","modified_gmt":"2025-07-25T18:30:25","slug":"dessous-de-plat-en-ceramique-taureaux-pampelune","status":"publish","type":"product","link":"https:\/\/olemosaic.com\/fr\/produit\/dessous-de-plat-en-ceramique-taureaux-pampelune\/","title":{"rendered":"Dessous de plat en c\u00e9ramique. Taureaux. Pampelune."},"content":{"rendered":"<p>Dessous de plat en c\u00e9ramique d\u00e9cor\u00e9 d&rsquo;un design vibrant inspir\u00e9 des c\u00e9l\u00e8bres taureaux de Pampelune. Cette v\u00e9ritable \u0153uvre d&rsquo;art capture l&rsquo;essence des f\u00eates populaires de San Ferm\u00edn et de la riche culture de Navarre. Avec une mosa\u00efque color\u00e9e pr\u00e9sentant des images de taureaux dans des tons vifs de rouge et de vert, cette pi\u00e8ce irradie vie et \u00e9nergie, entour\u00e9e de fleurs rouges et d&rsquo;un soleil radieux d\u00e9bordant de joie. Le fond gris, avec des d\u00e9tails de textures imitant la pierre, rehausse le dynamisme du design et apporte une touche sophistiqu\u00e9e, transformant ce dessous de plat non seulement en un ustensile d\u00e9coratif, mais aussi en un symbole festif qui \u00e9gaye n&rsquo;importe quelle table.<\/p>\n<p>Le lien culturel de ce dessous de plat avec Pampelune est ind\u00e9niable, rappelant \u00e0 ceux qui l&rsquo;utilisent les c\u00e9l\u00e9brations vibrantes et l&rsquo;esprit d&rsquo;aventure qui caract\u00e9risent ses f\u00eates. Ce souvenir en c\u00e9ramique, id\u00e9al pour incorporer une touche festive \u00e0 la table, est parfait pour ceux qui souhaitent emporter un petit morceau de ces festivit\u00e9s chez eux. Chez Ol\u00e9 Mosaic, en tant que distributeurs de souvenirs en gros, nous proposons ce dessous de plat exclusif de Pampelune non seulement comme un \u00e9l\u00e9ment d\u00e9coratif, mais comme un rappel d&rsquo;une exp\u00e9rience v\u00e9cue lors de la f\u00eate de San Ferm\u00edn. Une excellente option pour les boutiques de cadeaux touristiques \u00e0 la recherche de produits authentiques et repr\u00e9sentatifs de l&rsquo;Espagne.<\/p>\n","protected":false},"excerpt":{"rendered":"<p>Dessous de plat en c\u00e9ramique d\u00e9cor\u00e9 d&rsquo;un design vibrant inspir\u00e9 des c\u00e9l\u00e8bres taureaux de Pampelune. Cette pi\u00e8ce pr\u00e9sente une mosa\u00efque color\u00e9e avec des images de taureaux dans des tons rouges et verts, entour\u00e9s de fleurs et d&rsquo;un soleil radieux sur un fond aux d\u00e9tails gris. Id\u00e9al pour ajouter une touche festive \u00e0 la table, c&rsquo;est un excellent souvenir des f\u00eates populaires de San Ferm\u00edn et de la culture de Navarre.<\/p>\n","protected":false},"featured_media":14193,"template":"","meta":{"_acf_changed":false},"product_brand":[],"product_cat":[827],"product_tag":[530,585],"class_list":{"0":"post-36452","1":"product","2":"type-product","3":"status-publish","4":"has-post-thumbnail","6":"product_cat-dessous-de-plat","7":"product_tag-animaux","8":"product_tag-ceramique","9":"pa_ciudad-pamplona","10":"pa_motivo-taureaux","11":"pa_pais-espana","13":"first","14":"instock","15":"shipping-taxable","16":"product-type-simple"},"acf":[],"_links":{"self":[{"href":"https:\/\/olemosaic.com\/fr\/wp-json\/wp\/v2\/product\/36452","targetHints":{"allow":["GET"]}}],"collection":[{"href":"https:\/\/olemosaic.com\/fr\/wp-json\/wp\/v2\/product"}],"about":[{"href":"https:\/\/olemosaic.com\/fr\/wp-json\/wp\/v2\/types\/product"}],"wp:featuredmedia":[{"embeddable":true,"href":"https:\/\/olemosaic.com\/fr\/wp-json\/wp\/v2\/media\/14193"}],"wp:attachment":[{"href":"https:\/\/olemosaic.com\/fr\/wp-json\/wp\/v2\/media?parent=36452"}],"wp:term":[{"taxonomy":"product_brand","embeddable":true,"href":"https:\/\/olemosaic.com\/fr\/wp-json\/wp\/v2\/product_brand?post=36452"},{"taxonomy":"product_cat","embeddable":true,"href":"https:\/\/olemosaic.com\/fr\/wp-json\/wp\/v2\/product_cat?post=36452"},{"taxonomy":"product_tag","embeddable":true,"href":"https:\/\/olemosaic.com\/fr\/wp-json\/wp\/v2\/product_tag?post=36452"}],"curies":[{"name":"wp","href":"https:\/\/api.w.org\/{rel}","templated":true}]}}