{"id":36448,"date":"2025-02-20T22:38:28","date_gmt":"2025-02-20T22:38:28","guid":{"rendered":"http:\/\/olemosaic.com\/producto\/salvamanteles-de-ceramica-salamandra-y-flores-tenerife\/"},"modified":"2025-07-25T20:34:22","modified_gmt":"2025-07-25T18:34:22","slug":"dessous-de-plat-en-ceramique-salamandre-et-fleurs-tenerife","status":"publish","type":"product","link":"https:\/\/olemosaic.com\/fr\/produit\/dessous-de-plat-en-ceramique-salamandre-et-fleurs-tenerife\/","title":{"rendered":"Dessous de plat en c\u00e9ramique. Salamandre et fleurs. Tenerife."},"content":{"rendered":"<p>Ce dessous de plat en c\u00e9ramique, d\u00e9cor\u00e9 de salamandres et de fleurs frappantes, est un hommage \u00e0 la nature vibrante de Tenerife, capturant l&rsquo;essence de cette magnifique \u00eele des Canaries. Son design radieux pr\u00e9sente une mosa\u00efque dans une palette de couleurs vives \u2014 rouges, jaunes, bleus et verts \u2014 qui s&rsquo;entrelacent avec un fond gris, cr\u00e9ant un effet visuel attrayant et joyeux. Les salamandres, symboles de transformation et de renouveau, sont \u00e9l\u00e9gamment int\u00e9gr\u00e9es dans le design, \u00e9voquant la riche biodiversit\u00e9 de la r\u00e9gion. L&rsquo;inscription \u00ab\u00a0Tenerife\u00a0\u00bb, situ\u00e9e en bas, ajoute une touche distinctive et personnalise cet article comme un authentique souvenir de votre visite sur l&rsquo;\u00eele.<\/p>\n<p>Ce dessous de plat ne sert pas seulement \u00e0 prot\u00e9ger les tables, mais il agit \u00e9galement comme une pi\u00e8ce d\u00e9corative fascinante qui rehausse l&rsquo;atmosph\u00e8re joyeuse de n&rsquo;importe quelle maison. Son lien avec la culture locale et la nature canarienne en fait un excellent souvenir, id\u00e9al pour ceux qui cherchent \u00e0 emporter un morceau de Tenerife avec eux. Chez Ol\u00e9 Mosaic, nous nous sp\u00e9cialisons dans la distribution de souvenirs en gros, y compris ces pi\u00e8ces authentiques en c\u00e9ramique qui refl\u00e8tent la richesse culturelle de l&rsquo;Espagne. Ce dessous de plat est une option parfaite pour les boutiques de cadeaux touristiques souhaitant proposer des produits uniques et repr\u00e9sentatifs de Tenerife.<\/p>\n","protected":false},"excerpt":{"rendered":"<p>Dessous de plat en c\u00e9ramique d\u00e9cor\u00e9 de salamandres et de fleurs frappantes, inspir\u00e9 par la nature vibrante de Tenerife. Ce dessous de plat color\u00e9 pr\u00e9sente un design qui combine des mosa\u00efques dans des tons rouges, jaunes, bleus et verts, cr\u00e9ant un effet visuel attrayant. L&rsquo;inscription \u00ab\u00a0Tenerife\u00a0\u00bb en bas ajoute une touche distinctive. Parfait pour rehausser la d\u00e9coration de n&rsquo;importe quelle table et la prot\u00e9ger avec style.<\/p>\n","protected":false},"featured_media":14190,"template":"","meta":{"_acf_changed":false},"product_brand":[],"product_cat":[827],"product_tag":[530,585],"class_list":{"0":"post-36448","1":"product","2":"type-product","3":"status-publish","4":"has-post-thumbnail","6":"product_cat-dessous-de-plat","7":"product_tag-animaux","8":"product_tag-ceramique","9":"pa_ciudad-tenerife","10":"pa_motivo-salamandres","11":"pa_pais-espana","13":"first","14":"instock","15":"shipping-taxable","16":"product-type-simple"},"acf":[],"_links":{"self":[{"href":"https:\/\/olemosaic.com\/fr\/wp-json\/wp\/v2\/product\/36448","targetHints":{"allow":["GET"]}}],"collection":[{"href":"https:\/\/olemosaic.com\/fr\/wp-json\/wp\/v2\/product"}],"about":[{"href":"https:\/\/olemosaic.com\/fr\/wp-json\/wp\/v2\/types\/product"}],"wp:featuredmedia":[{"embeddable":true,"href":"https:\/\/olemosaic.com\/fr\/wp-json\/wp\/v2\/media\/14190"}],"wp:attachment":[{"href":"https:\/\/olemosaic.com\/fr\/wp-json\/wp\/v2\/media?parent=36448"}],"wp:term":[{"taxonomy":"product_brand","embeddable":true,"href":"https:\/\/olemosaic.com\/fr\/wp-json\/wp\/v2\/product_brand?post=36448"},{"taxonomy":"product_cat","embeddable":true,"href":"https:\/\/olemosaic.com\/fr\/wp-json\/wp\/v2\/product_cat?post=36448"},{"taxonomy":"product_tag","embeddable":true,"href":"https:\/\/olemosaic.com\/fr\/wp-json\/wp\/v2\/product_tag?post=36448"}],"curies":[{"name":"wp","href":"https:\/\/api.w.org\/{rel}","templated":true}]}}