{"id":36447,"date":"2025-02-20T22:38:28","date_gmt":"2025-02-20T22:38:28","guid":{"rendered":"http:\/\/olemosaic.com\/producto\/salvamanteles-de-ceramica-salamandra-gran-canaria\/"},"modified":"2025-07-25T19:46:45","modified_gmt":"2025-07-25T17:46:45","slug":"dessous-de-plat-en-ceramique-salamandre-gran-canaria","status":"publish","type":"product","link":"https:\/\/olemosaic.com\/fr\/produit\/dessous-de-plat-en-ceramique-salamandre-gran-canaria\/","title":{"rendered":"Dessous de plat en c\u00e9ramique. Salamandre. Gran Canaria."},"content":{"rendered":"<p>Dessous de plat en c\u00e9ramique d\u00e9cor\u00e9 de salamandres color\u00e9es, repr\u00e9sentant la riche faune de Gran Canaria. Ce dessous de plat vibrant est un chef-d&rsquo;\u0153uvre qui capture l&rsquo;essence de la biodiversit\u00e9 canarienne. Avec un design dynamique, les salamandres, illustr\u00e9es dans une vari\u00e9t\u00e9 de couleurs vibrantes, jouent sur un fond de mosa\u00efque blanche qui \u00e9voque l&rsquo;architecture traditionnelle des \u00eeles. Les motifs floraux qui les accompagnent ajoutent une touche de fra\u00eecheur et de vivacit\u00e9 \u00e0 l&rsquo;ensemble, cr\u00e9ant une atmosph\u00e8re joyeuse qui souligne la chaleur du climat canarien. Au centre, le texte \u00ab\u00a0Gran Canaria\u00a0\u00bb se d\u00e9ploie avec des lettres frappantes, rappelant \u00e0 chaque convive la singularit\u00e9 de ce coin du monde.<\/p>\n<p>Ce dessous de plat n&rsquo;est pas seulement un \u00e9l\u00e9ment fonctionnel pour prot\u00e9ger votre table des temp\u00e9ratures \u00e9lev\u00e9es, mais il sert \u00e9galement de charmante pi\u00e8ce d\u00e9corative, \u00e9voquant la riche tradition artisanale de Gran Canaria. Sa finition brillante et m\u00e9ticuleusement d\u00e9taill\u00e9e garantit que chaque pi\u00e8ce est unique, repr\u00e9sentant un authentique souvenir de l&rsquo;\u00eele, id\u00e9al pour ceux qui cherchent \u00e0 emporter un petit morceau de l&rsquo;esprit canarien. Chez Ol\u00e9 Mosaic, nous sommes votre distributeur de dessous de plat en gros, fournissant des produits de qualit\u00e9 qui racontent des histoires culturelles. C&rsquo;est le cadeau parfait pour les touristes qui souhaitent se souvenir de la beaut\u00e9 et de la faune exceptionnelle de Gran Canaria dans leurs foyers.<\/p>\n","protected":false},"excerpt":{"rendered":"<p>Dessous de plat en c\u00e9ramique d\u00e9cor\u00e9 de salamandres color\u00e9es, repr\u00e9sentant la riche faune de Gran Canaria. Cet article pr\u00e9sente un design vibrant, avec des salamandres de diverses couleurs qui ressortent sur un fond de mosa\u00efque blanche et de fleurs, \u00e9voquant le style artistique canarien. Le texte \u00ab\u00a0Gran Canaria\u00a0\u00bb ressort au centre, \u00e9tant un \u00e9l\u00e9ment fonctionnel et ornemental id\u00e9al pour n&rsquo;importe quelle table. Sa finition brillante et d\u00e9taill\u00e9e garantit qu&rsquo;il s&rsquo;agit d&rsquo;un charmant souvenir de l&rsquo;\u00eele.<\/p>\n","protected":false},"featured_media":14189,"template":"","meta":{"_acf_changed":false},"product_brand":[],"product_cat":[827],"product_tag":[530,585],"class_list":{"0":"post-36447","1":"product","2":"type-product","3":"status-publish","4":"has-post-thumbnail","6":"product_cat-dessous-de-plat","7":"product_tag-animaux","8":"product_tag-ceramique","9":"pa_ciudad-gran-canaria","10":"pa_motivo-salamandres","11":"pa_pais-espana","13":"first","14":"instock","15":"shipping-taxable","16":"product-type-simple"},"acf":[],"_links":{"self":[{"href":"https:\/\/olemosaic.com\/fr\/wp-json\/wp\/v2\/product\/36447","targetHints":{"allow":["GET"]}}],"collection":[{"href":"https:\/\/olemosaic.com\/fr\/wp-json\/wp\/v2\/product"}],"about":[{"href":"https:\/\/olemosaic.com\/fr\/wp-json\/wp\/v2\/types\/product"}],"wp:featuredmedia":[{"embeddable":true,"href":"https:\/\/olemosaic.com\/fr\/wp-json\/wp\/v2\/media\/14189"}],"wp:attachment":[{"href":"https:\/\/olemosaic.com\/fr\/wp-json\/wp\/v2\/media?parent=36447"}],"wp:term":[{"taxonomy":"product_brand","embeddable":true,"href":"https:\/\/olemosaic.com\/fr\/wp-json\/wp\/v2\/product_brand?post=36447"},{"taxonomy":"product_cat","embeddable":true,"href":"https:\/\/olemosaic.com\/fr\/wp-json\/wp\/v2\/product_cat?post=36447"},{"taxonomy":"product_tag","embeddable":true,"href":"https:\/\/olemosaic.com\/fr\/wp-json\/wp\/v2\/product_tag?post=36447"}],"curies":[{"name":"wp","href":"https:\/\/api.w.org\/{rel}","templated":true}]}}