{"id":36446,"date":"2025-02-20T23:38:27","date_gmt":"2025-02-20T22:38:27","guid":{"rendered":"http:\/\/olemosaic.com\/producto\/salvamanteles-de-ceramica-salamandra-lanzarote\/"},"modified":"2025-07-25T18:46:11","modified_gmt":"2025-07-25T16:46:11","slug":"dessous-de-plat-en-ceramique-salamandre-lanzarote","status":"publish","type":"product","link":"https:\/\/olemosaic.com\/fr\/produit\/dessous-de-plat-en-ceramique-salamandre-lanzarote\/","title":{"rendered":"Dessous de plat en c\u00e9ramique. Salamandre. Lanzarote."},"content":{"rendered":"<p>Ce dessous de plat en c\u00e9ramique, d\u00e9cor\u00e9 de salamandres color\u00e9es, est une expression artistique qui capture l&rsquo;essence vibrante de Lanzarote. Avec son design circulaire, cet accessoire \u00e9l\u00e9gant se distingue par ses couleurs \u00e9clatantes bleu, vert, rouge et jaune, qui donnent vie aux salamandres sur un fond \u00e9voquant les pierres volcaniques de l&rsquo;\u00eele. Chaque salamandre est m\u00e9ticuleusement peinte \u00e0 la main (effet), ce qui fait de chaque pi\u00e8ce un objet unique, reflet de la diversit\u00e9 et de la beaut\u00e9 naturelle des \u00eeles Canaries. Le mot \u00ab\u00a0Lanzarote\u00a0\u00bb, \u00e9crit avec une typographie joyeuse, compl\u00e8te le design, faisant de ce dessous de plat un souvenir repr\u00e9sentatif de la culture et du paysage insulaires.<\/p>\n<p>La technique artisanale utilis\u00e9e pour sa fabrication souligne la riche tradition de la c\u00e9ramique \u00e0 Lanzarote, une \u00eele connue pour sa beaut\u00e9 volcanique et son paysage extraordinaire. Ce dessous de plat n&rsquo;est pas seulement fonctionnel, prot\u00e9geant la surface de votre table, mais il sert \u00e9galement d&rsquo;\u0153uvre d&rsquo;art \u00e9voquant les souvenirs des terres chaudes des Canaries. Id\u00e9al comme souvenir de Lanzarote, ce produit attirera les touristes cherchant \u00e0 ramener chez eux un morceau authentique de la culture canarienne. Chez Ol\u00e9 Mosaic, nous sommes distributeurs de souvenirs en c\u00e9ramique en gros, offrant des options authentiques et color\u00e9es qui enchanteront les visiteurs et enrichiront n&rsquo;importe quelle boutique de cadeaux touristiques. Ce dessous de plat salamandre est un choix parfait pour ceux qui recherchent une touche canarienne dans leur maison.<\/p>\n","protected":false},"excerpt":{"rendered":"<p>Dessous de plat en c\u00e9ramique d\u00e9cor\u00e9 de salamandres color\u00e9es, repr\u00e9sentant l&rsquo;essence de Lanzarote. Cet accessoire \u00e9l\u00e9gant pr\u00e9sente un design vibrant et des mosa\u00efques florales, id\u00e9al pour ajouter une touche canarienne \u00e0 votre table. La technique de design artisanal, peinte \u00e0 la main, souligne les couleurs \u00e9clatantes bleu, vert, rouge et jaune des salamandres, sur un fond \u00e9voquant des pierres. Le mot &lsquo;Lanzarote&rsquo; est affich\u00e9 avec un design joyeux, faisant de ce dessous de plat une pi\u00e8ce unique et fonctionnelle.<\/p>\n","protected":false},"featured_media":14188,"template":"","meta":{"_acf_changed":false},"product_brand":[],"product_cat":[827],"product_tag":[530,585],"class_list":{"0":"post-36446","1":"product","2":"type-product","3":"status-publish","4":"has-post-thumbnail","6":"product_cat-dessous-de-plat","7":"product_tag-animaux","8":"product_tag-ceramique","9":"pa_ciudad-lanzarote","10":"pa_motivo-salamandres","11":"pa_pais-espana","13":"first","14":"instock","15":"shipping-taxable","16":"product-type-simple"},"acf":[],"_links":{"self":[{"href":"https:\/\/olemosaic.com\/fr\/wp-json\/wp\/v2\/product\/36446","targetHints":{"allow":["GET"]}}],"collection":[{"href":"https:\/\/olemosaic.com\/fr\/wp-json\/wp\/v2\/product"}],"about":[{"href":"https:\/\/olemosaic.com\/fr\/wp-json\/wp\/v2\/types\/product"}],"wp:featuredmedia":[{"embeddable":true,"href":"https:\/\/olemosaic.com\/fr\/wp-json\/wp\/v2\/media\/14188"}],"wp:attachment":[{"href":"https:\/\/olemosaic.com\/fr\/wp-json\/wp\/v2\/media?parent=36446"}],"wp:term":[{"taxonomy":"product_brand","embeddable":true,"href":"https:\/\/olemosaic.com\/fr\/wp-json\/wp\/v2\/product_brand?post=36446"},{"taxonomy":"product_cat","embeddable":true,"href":"https:\/\/olemosaic.com\/fr\/wp-json\/wp\/v2\/product_cat?post=36446"},{"taxonomy":"product_tag","embeddable":true,"href":"https:\/\/olemosaic.com\/fr\/wp-json\/wp\/v2\/product_tag?post=36446"}],"curies":[{"name":"wp","href":"https:\/\/api.w.org\/{rel}","templated":true}]}}