{"id":36445,"date":"2025-02-20T22:38:27","date_gmt":"2025-02-20T22:38:27","guid":{"rendered":"http:\/\/olemosaic.com\/producto\/salvamanteles-de-ceramica-salamandra-fuerteventura\/"},"modified":"2025-07-25T19:08:25","modified_gmt":"2025-07-25T17:08:25","slug":"dessous-de-plat-en-ceramique-salamandre-fuerteventura","status":"publish","type":"product","link":"https:\/\/olemosaic.com\/fr\/produit\/dessous-de-plat-en-ceramique-salamandre-fuerteventura\/","title":{"rendered":"Dessous de plat en c\u00e9ramique. Salamandre. Fuerteventura."},"content":{"rendered":"<p>Ce dessous de plat en c\u00e9ramique, d\u00e9cor\u00e9 de salamandres color\u00e9es, est une pi\u00e8ce embl\u00e9matique de Fuerteventura, con\u00e7ue pour apporter une touche vibrante \u00e0 n&rsquo;importe quelle table. Son design attrayant pr\u00e9sente des salamandres dans des tons brillants tels que le rouge, le vert, le bleu et le jaune, \u00e9labor\u00e9es avec un effet de mosa\u00efque d\u00e9taill\u00e9 qui refl\u00e8te la riche flore et faune de l&rsquo;\u00eele. Le fond blanc contraste merveilleusement avec les couleurs, faisant ressortir chaque d\u00e9tail et captant l&rsquo;attention. L&rsquo;inscription \u00ab\u00a0FUERTEVENTURA\u00a0\u00bb appara\u00eet dans une typographie joyeuse, ajoutant une touche distinctive et personnelle \u00e0 cet objet fonctionnel.<\/p>\n<p>L&rsquo;esth\u00e9tique artisanale est compl\u00e9t\u00e9e par un bord en corde qui non seulement encadre le design, mais garantit \u00e9galement la durabilit\u00e9 et la praticit\u00e9 n\u00e9cessaires dans la cuisine. Ce dessous de plat est plus qu&rsquo;un simple accessoire ; c&rsquo;est un souvenir authentique qui capture l&rsquo;essence du patrimoine culturel de Fuerteventura. Id\u00e9al pour ceux qui recherchent des souvenirs repr\u00e9sentatifs de leur voyage, son design vibrant et color\u00e9 en fait une excellente option pour les boutiques de cadeaux touristiques. Chez Ol\u00e9 Mosaic, nous proposons des dessous de plat en c\u00e9ramique en gros, garantissant l&rsquo;authenticit\u00e9 et la qualit\u00e9 de chaque pi\u00e8ce, parfaits pour ceux qui souhaitent ramener un morceau de Fuerteventura chez eux.<\/p>\n","protected":false},"excerpt":{"rendered":"<p>Dessous de plat en c\u00e9ramique d\u00e9cor\u00e9 de salamandres color\u00e9es, inspir\u00e9 par la flore et la faune de Fuerteventura. Ce dessous de plat attrayant pr\u00e9sente un design vibrant avec des d\u00e9tails de mosa\u00efque et de fleurs, combinant des tons brillants comme le rouge, le vert, le bleu et le jaune sur un fond blanc. L&rsquo;inscription \u00ab\u00a0FUERTEVENTURA\u00a0\u00bb ajoute une touche distinctive au produit, tandis que le bord en corde renforce son esth\u00e9tique artisanale et sa fonctionnalit\u00e9 en cuisine.<\/p>\n","protected":false},"featured_media":14187,"template":"","meta":{"_acf_changed":false},"product_brand":[],"product_cat":[827],"product_tag":[530,585],"class_list":{"0":"post-36445","1":"product","2":"type-product","3":"status-publish","4":"has-post-thumbnail","6":"product_cat-dessous-de-plat","7":"product_tag-animaux","8":"product_tag-ceramique","9":"pa_ciudad-fuerteventura","10":"pa_motivo-salamandres","11":"pa_pais-espana","13":"first","14":"instock","15":"shipping-taxable","16":"product-type-simple"},"acf":[],"_links":{"self":[{"href":"https:\/\/olemosaic.com\/fr\/wp-json\/wp\/v2\/product\/36445","targetHints":{"allow":["GET"]}}],"collection":[{"href":"https:\/\/olemosaic.com\/fr\/wp-json\/wp\/v2\/product"}],"about":[{"href":"https:\/\/olemosaic.com\/fr\/wp-json\/wp\/v2\/types\/product"}],"wp:featuredmedia":[{"embeddable":true,"href":"https:\/\/olemosaic.com\/fr\/wp-json\/wp\/v2\/media\/14187"}],"wp:attachment":[{"href":"https:\/\/olemosaic.com\/fr\/wp-json\/wp\/v2\/media?parent=36445"}],"wp:term":[{"taxonomy":"product_brand","embeddable":true,"href":"https:\/\/olemosaic.com\/fr\/wp-json\/wp\/v2\/product_brand?post=36445"},{"taxonomy":"product_cat","embeddable":true,"href":"https:\/\/olemosaic.com\/fr\/wp-json\/wp\/v2\/product_cat?post=36445"},{"taxonomy":"product_tag","embeddable":true,"href":"https:\/\/olemosaic.com\/fr\/wp-json\/wp\/v2\/product_tag?post=36445"}],"curies":[{"name":"wp","href":"https:\/\/api.w.org\/{rel}","templated":true}]}}