{"id":36443,"date":"2025-02-20T23:38:27","date_gmt":"2025-02-20T22:38:27","guid":{"rendered":"http:\/\/olemosaic.com\/producto\/salvamanteles-de-ceramica-mosaico-mallorca\/"},"modified":"2025-07-25T18:54:13","modified_gmt":"2025-07-25T16:54:13","slug":"dessous-de-plat-ceramique-mosaique-majorque","status":"publish","type":"product","link":"https:\/\/olemosaic.com\/fr\/produit\/dessous-de-plat-ceramique-mosaique-majorque\/","title":{"rendered":"Dessous de plat en c\u00e9ramique. Mosa\u00efque. Majorque."},"content":{"rendered":"<p>Ce dessous de plat en c\u00e9ramique, au design color\u00e9, est un v\u00e9ritable joyau qui capture l&rsquo;essence de Majorque. Inspir\u00e9 par les mosa\u00efques embl\u00e9matiques de l&rsquo;\u00eele des Bal\u00e9ares, il pr\u00e9sente une vari\u00e9t\u00e9 captivante de motifs g\u00e9om\u00e9triques dans une palette vibrante de tons bleus, gris et oranges. Avec des dimensions id\u00e9ales pour n&rsquo;importe quelle table, ce dessous de plat inclut le texte \u00ab\u00a0MALLORCA\u00a0\u00bb dans une typographie joyeuse, qui renforce son lien culturel avec la r\u00e9gion.<\/p>\n<p>Chaque pi\u00e8ce est soigneusement con\u00e7ue avec un effet peint \u00e0 la main, ce qui assure non seulement l&rsquo;exclusivit\u00e9 de chaque dessous de plat, mais refl\u00e8te \u00e9galement la riche tradition artisanale de Majorque. Les motifs g\u00e9om\u00e9triques \u00e9voquent la beaut\u00e9 des carreaux traditionnels qui ornent les rues et les b\u00e2timents de l&rsquo;\u00eele, apportant une touche artistique \u00e0 chaque repas. Ce produit fonctionnel ne prot\u00e8ge pas seulement la surface de votre table, mais apporte \u00e9galement un attrait visuel qui transportera vos convives vers les plages ensoleill\u00e9es et les march\u00e9s vibrants de Majorque.<\/p>\n<p>Chez Ol\u00e9 Mosaic, notre mission est d&rsquo;offrir des souvenirs authentiques qui c\u00e9l\u00e8brent le patrimoine culturel de l&rsquo;Espagne. Ce dessous de plat en c\u00e9ramique est une excellente option pour les boutiques de cadeaux touristiques \u00e0 la recherche d&rsquo;articles de qualit\u00e9. En tant que distributeurs de souvenirs de Majorque, nous garantissons que chaque pi\u00e8ce est un souvenir repr\u00e9sentatif et significatif, id\u00e9al pour les touristes qui souhaitent emporter un morceau de la culture bal\u00e9are.<\/p>\n","protected":false},"excerpt":{"rendered":"<p>Dessous de plat en c\u00e9ramique au design color\u00e9, inspir\u00e9 des mosa\u00efques embl\u00e9matiques de Majorque. Cet article fonctionnel pr\u00e9sente une collection vari\u00e9e de motifs g\u00e9om\u00e9triques dans des tons bleus, gris et oranges, compl\u00e9t\u00e9s par le texte \u00ab\u00a0MALLORCA\u00a0\u00bb dans une typographie joyeuse. Avec une finition au design artisanal, peint \u00e0 la main, chaque pi\u00e8ce prot\u00e8ge non seulement la surface de la table, mais ajoute \u00e9galement une touche artistique et culturelle \u00e0 vos repas, \u00e9voquant la beaut\u00e9 de l&rsquo;\u00eele des Bal\u00e9ares.<\/p>\n","protected":false},"featured_media":14185,"template":"","meta":{"_acf_changed":false},"product_brand":[],"product_cat":[827],"product_tag":[585],"class_list":{"0":"post-36443","1":"product","2":"type-product","3":"status-publish","4":"has-post-thumbnail","6":"product_cat-dessous-de-plat","7":"product_tag-ceramique","8":"pa_ciudad-mallorca","9":"pa_motivo-mosaique","10":"pa_pais-espana","12":"first","13":"instock","14":"shipping-taxable","15":"product-type-simple"},"acf":[],"_links":{"self":[{"href":"https:\/\/olemosaic.com\/fr\/wp-json\/wp\/v2\/product\/36443","targetHints":{"allow":["GET"]}}],"collection":[{"href":"https:\/\/olemosaic.com\/fr\/wp-json\/wp\/v2\/product"}],"about":[{"href":"https:\/\/olemosaic.com\/fr\/wp-json\/wp\/v2\/types\/product"}],"wp:featuredmedia":[{"embeddable":true,"href":"https:\/\/olemosaic.com\/fr\/wp-json\/wp\/v2\/media\/14185"}],"wp:attachment":[{"href":"https:\/\/olemosaic.com\/fr\/wp-json\/wp\/v2\/media?parent=36443"}],"wp:term":[{"taxonomy":"product_brand","embeddable":true,"href":"https:\/\/olemosaic.com\/fr\/wp-json\/wp\/v2\/product_brand?post=36443"},{"taxonomy":"product_cat","embeddable":true,"href":"https:\/\/olemosaic.com\/fr\/wp-json\/wp\/v2\/product_cat?post=36443"},{"taxonomy":"product_tag","embeddable":true,"href":"https:\/\/olemosaic.com\/fr\/wp-json\/wp\/v2\/product_tag?post=36443"}],"curies":[{"name":"wp","href":"https:\/\/api.w.org\/{rel}","templated":true}]}}