{"id":36442,"date":"2025-02-20T22:38:27","date_gmt":"2025-02-20T22:38:27","guid":{"rendered":"http:\/\/olemosaic.com\/producto\/salvamanteles-de-ceramica-toros-mallorca\/"},"modified":"2025-07-25T19:05:29","modified_gmt":"2025-07-25T17:05:29","slug":"dessous-de-plat-ceramique-taureaux-majorque","status":"publish","type":"product","link":"https:\/\/olemosaic.com\/fr\/produit\/dessous-de-plat-ceramique-taureaux-majorque\/","title":{"rendered":"Dessous de plat en c\u00e9ramique. Taureaux. Majorque."},"content":{"rendered":"<p>Ce dessous de plat en c\u00e9ramique, avec son design vibrant de taureaux, est une pi\u00e8ce singuli\u00e8re qui capture l&rsquo;essence de Majorque et sa riche tradition culturelle. Fabriqu\u00e9 avec une c\u00e9ramique de haute qualit\u00e9, il pr\u00e9sente une finition color\u00e9e qui fusionne un style de mosa\u00efque avec des tons rouges, verts et jaunes, \u00e9voquant la joie et le dynamisme des f\u00eates majorquines. Au centre, deux taureaux majestueux, symboles de force et de tradition dans la r\u00e9gion, se dressent entour\u00e9s de motifs floraux qui ajoutent une touche de fra\u00eecheur et de localisme.<\/p>\n<p>Le mot \u00ab\u00a0MALLORCA\u00a0\u00bb se distingue par une typographie artistique, compl\u00e9tant le design aux c\u00f4t\u00e9s d&rsquo;un soleil stylis\u00e9 qui \u00e9voque le climat m\u00e9diterran\u00e9en chaleureux. Ce dessous de plat n&rsquo;est pas seulement un accessoire fonctionnel, id\u00e9al pour prot\u00e9ger les surfaces de votre table, mais aussi une \u0153uvre d\u00e9corative qui apporte du caract\u00e8re \u00e0 n&rsquo;importe quelle ambiance. Son authenticit\u00e9 en tant que souvenir majorquin en fait un cadeau parfait pour les touristes qui souhaitent emporter un morceau de la culture locale.<\/p>\n<p>Chez Ol\u00e9 Mosaic, nous nous sp\u00e9cialisons dans la distribution de souvenirs en gros, offrant des produits uniques et repr\u00e9sentatifs comme ce dessous de plat en c\u00e9ramique. C&rsquo;est une excellente option pour les boutiques de cadeaux touristiques, alliant qualit\u00e9 et pertinence culturelle dans chaque pi\u00e8ce. En int\u00e9grant ce dessous de plat dans votre offre, vous proposerez \u00e0 vos clients un souvenir authentique et color\u00e9 de Majorque qui rendra leur visite inoubliable.<\/p>\n","protected":false},"excerpt":{"rendered":"<p>Dessous de plat en c\u00e9ramique avec un design vibrant de taureaux, repr\u00e9sentant la tradition et la culture de Majorque. Cette pi\u00e8ce pr\u00e9sente une finition color\u00e9e, avec un style de mosa\u00efque combinant des tons rouges, verts et jaunes, accompagn\u00e9e de motifs floraux sur un fond clair. D\u00e9cor\u00e9 du mot \u00ab\u00a0MALLORCA\u00a0\u00bb et d&rsquo;un soleil stylis\u00e9, c&rsquo;est un accessoire fonctionnel et d\u00e9coratif qui apporte une touche locale et joyeuse \u00e0 n&rsquo;importe quelle table.<\/p>\n","protected":false},"featured_media":14184,"template":"","meta":{"_acf_changed":false},"product_brand":[],"product_cat":[827],"product_tag":[530,585],"class_list":{"0":"post-36442","1":"product","2":"type-product","3":"status-publish","4":"has-post-thumbnail","6":"product_cat-dessous-de-plat","7":"product_tag-animaux","8":"product_tag-ceramique","9":"pa_ciudad-mallorca","10":"pa_motivo-taureaux","11":"pa_pais-espana","13":"first","14":"instock","15":"shipping-taxable","16":"product-type-simple"},"acf":[],"_links":{"self":[{"href":"https:\/\/olemosaic.com\/fr\/wp-json\/wp\/v2\/product\/36442","targetHints":{"allow":["GET"]}}],"collection":[{"href":"https:\/\/olemosaic.com\/fr\/wp-json\/wp\/v2\/product"}],"about":[{"href":"https:\/\/olemosaic.com\/fr\/wp-json\/wp\/v2\/types\/product"}],"wp:featuredmedia":[{"embeddable":true,"href":"https:\/\/olemosaic.com\/fr\/wp-json\/wp\/v2\/media\/14184"}],"wp:attachment":[{"href":"https:\/\/olemosaic.com\/fr\/wp-json\/wp\/v2\/media?parent=36442"}],"wp:term":[{"taxonomy":"product_brand","embeddable":true,"href":"https:\/\/olemosaic.com\/fr\/wp-json\/wp\/v2\/product_brand?post=36442"},{"taxonomy":"product_cat","embeddable":true,"href":"https:\/\/olemosaic.com\/fr\/wp-json\/wp\/v2\/product_cat?post=36442"},{"taxonomy":"product_tag","embeddable":true,"href":"https:\/\/olemosaic.com\/fr\/wp-json\/wp\/v2\/product_tag?post=36442"}],"curies":[{"name":"wp","href":"https:\/\/api.w.org\/{rel}","templated":true}]}}