{"id":36440,"date":"2025-02-20T22:38:26","date_gmt":"2025-02-20T22:38:26","guid":{"rendered":"http:\/\/olemosaic.com\/producto\/salvamanteles-de-ceramica-gato-tenerife\/"},"modified":"2025-07-25T18:55:54","modified_gmt":"2025-07-25T16:55:54","slug":"dessous-de-plat-ceramique-chat-tenerife","status":"publish","type":"product","link":"https:\/\/olemosaic.com\/fr\/produit\/dessous-de-plat-ceramique-chat-tenerife\/","title":{"rendered":"Dessous de plat en c\u00e9ramique. Chat. Tenerife."},"content":{"rendered":"<p>Ce dessous de plat en c\u00e9ramique pr\u00e9sente un design vibrant de chats inspir\u00e9 de la faune unique de Tenerife. Fabriqu\u00e9 avec une c\u00e9ramique de haute qualit\u00e9, cette pi\u00e8ce est non seulement fonctionnelle, mais elle ajoute \u00e9galement une touche d\u00e9corative et joyeuse \u00e0 votre table. Sa mosa\u00efque color\u00e9e montre trois chats dans diverses tonalit\u00e9s, soulignant leur beaut\u00e9 gr\u00e2ce \u00e0 un travail artistique complexe qui capture l&rsquo;essence de la vie sauvage canarienne. Autour de ces charmants animaux, des papillons joueurs compl\u00e8tent le design, contrastant avec un fond textur\u00e9 qui renforce son attrait visuel. Dans la partie sup\u00e9rieure, le mot \u00ab\u00a0Tenerife\u00a0\u00bb se d\u00e9tache avec un style frappant, rappelant la r\u00e9gion d&rsquo;origine de cette pi\u00e8ce unique. Ce dessous de plat, en plus d&rsquo;\u00eatre repr\u00e9sentatif de la culture canarienne, est une excellente id\u00e9e de souvenir pour les touristes \u00e0 la recherche d&rsquo;un objet authentique. Chez Ol\u00e9 Mosaic, nous sommes distributeurs de souvenirs en gros, proposant des produits qui c\u00e9l\u00e8brent la richesse de la tradition espagnole, comme ce dessous de plat en c\u00e9ramique qui allie fonctionnalit\u00e9 et esth\u00e9tique en une seule pi\u00e8ce.<\/p>\n","protected":false},"excerpt":{"rendered":"<p>Dessous de plat en c\u00e9ramique avec un design vibrant de chats, inspir\u00e9 de la faune de Tenerife. Ce dessous de plat attrayant pr\u00e9sente une mosa\u00efque color\u00e9e repr\u00e9sentant trois chats dans diverses tonalit\u00e9s, entour\u00e9s de papillons et sur un fond textur\u00e9. Avec le mot \u00ab\u00a0Tenerife\u00a0\u00bb mis en \u00e9vidence dans la partie sup\u00e9rieure, cette pi\u00e8ce est non seulement fonctionnelle, mais elle ajoute \u00e9galement une touche d\u00e9corative joyeuse \u00e0 votre table. Sa finition c\u00e9ramique garantit durabilit\u00e9 et style dans votre foyer.<\/p>\n","protected":false},"featured_media":14182,"template":"","meta":{"_acf_changed":false},"product_brand":[],"product_cat":[827],"product_tag":[530,585],"class_list":{"0":"post-36440","1":"product","2":"type-product","3":"status-publish","4":"has-post-thumbnail","6":"product_cat-dessous-de-plat","7":"product_tag-animaux","8":"product_tag-ceramique","9":"pa_ciudad-tenerife","10":"pa_motivo-chats","11":"pa_pais-espana","13":"first","14":"instock","15":"shipping-taxable","16":"product-type-simple"},"acf":[],"_links":{"self":[{"href":"https:\/\/olemosaic.com\/fr\/wp-json\/wp\/v2\/product\/36440","targetHints":{"allow":["GET"]}}],"collection":[{"href":"https:\/\/olemosaic.com\/fr\/wp-json\/wp\/v2\/product"}],"about":[{"href":"https:\/\/olemosaic.com\/fr\/wp-json\/wp\/v2\/types\/product"}],"wp:featuredmedia":[{"embeddable":true,"href":"https:\/\/olemosaic.com\/fr\/wp-json\/wp\/v2\/media\/14182"}],"wp:attachment":[{"href":"https:\/\/olemosaic.com\/fr\/wp-json\/wp\/v2\/media?parent=36440"}],"wp:term":[{"taxonomy":"product_brand","embeddable":true,"href":"https:\/\/olemosaic.com\/fr\/wp-json\/wp\/v2\/product_brand?post=36440"},{"taxonomy":"product_cat","embeddable":true,"href":"https:\/\/olemosaic.com\/fr\/wp-json\/wp\/v2\/product_cat?post=36440"},{"taxonomy":"product_tag","embeddable":true,"href":"https:\/\/olemosaic.com\/fr\/wp-json\/wp\/v2\/product_tag?post=36440"}],"curies":[{"name":"wp","href":"https:\/\/api.w.org\/{rel}","templated":true}]}}