{"id":36423,"date":"2025-02-20T22:38:25","date_gmt":"2025-02-20T22:38:25","guid":{"rendered":"http:\/\/olemosaic.com\/producto\/posavasos-de-ceramica-sardinas-tenerife\/"},"modified":"2025-07-25T18:54:54","modified_gmt":"2025-07-25T16:54:54","slug":"dessous-de-verre-ceramique-sardines-tenerife","status":"publish","type":"product","link":"https:\/\/olemosaic.com\/fr\/produit\/dessous-de-verre-ceramique-sardines-tenerife\/","title":{"rendered":"Dessous de verre en c\u00e9ramique. Sardines. Tenerife."},"content":{"rendered":"<p>Ce dessous de verre rond en c\u00e9ramique, inspir\u00e9 de la culture de Tenerife, est une pi\u00e8ce vibrante et charmante qui capture l&rsquo;essence de l&rsquo;\u00eele. D\u00e9cor\u00e9 de quatre sardines dans une palette de couleurs vives \u2014 rouge, jaune, vert et bleu \u2014, ce design est non seulement visuellement attrayant, mais refl\u00e8te \u00e9galement le mode de vie c\u00f4tier de Tenerife. Les sardines, repr\u00e9sent\u00e9es dans un style graphique captivant, nagent sur un fond qui simule le design d&rsquo;un carreau traditionnel dans des tons blancs et bleus, \u00e9voquant ainsi le lien avec l&rsquo;h\u00e9ritage culturel canarien. Le nom \u00ab\u00a0TENERIFE\u00a0\u00bb appara\u00eet imprim\u00e9 en bas, ajoutant une touche distinctive qui souligne l&rsquo;origine de cet authentique souvenir.<\/p>\n<p>Ce dessous de verre, en plus d&rsquo;\u00eatre fonctionnel, agit comme un \u00e9l\u00e9ment d\u00e9coratif qui \u00e9gayera n&rsquo;importe quelle table, devenant un souvenir id\u00e9al pour ceux qui visitent Tenerife. Chaque pi\u00e8ce est fabriqu\u00e9e avec une c\u00e9ramique de haute qualit\u00e9, ce qui garantit sa durabilit\u00e9 et une finition parfaite, id\u00e9ale aussi bien pour un usage quotidien que pour des occasions sp\u00e9ciales. Chez Ol\u00e9 Mosaic, nous proposons des souvenirs authentiques qui refl\u00e8tent la culture et la tradition des diverses r\u00e9gions d&rsquo;Espagne, faisant de ce dessous de verre en c\u00e9ramique un excellent article pour les boutiques de cadeaux touristiques qui recherchent qualit\u00e9 et singularit\u00e9 dans leurs produits. Sans aucun doute, un excellent souvenir de Tenerife qui rappellera aux touristes la beaut\u00e9 et la joie de cette \u00eele fascinante.<\/p>\n","protected":false},"excerpt":{"rendered":"<p>Dessous de verre ronds en c\u00e9ramique inspir\u00e9s de la culture de Tenerife, d\u00e9cor\u00e9s de sardines color\u00e9es. La pi\u00e8ce montre quatre sardines dans des tons vibrants de rouge, jaune, vert et bleu, sur un fond qui imite les carreaux blancs et bleus. En bas, l&rsquo;inscription \u00ab\u00a0TENERIFE\u00a0\u00bb ajoute une touche distinctive qui souligne le lien avec l&rsquo;\u00eele. Id\u00e9al pour donner une touche artisanale et joyeuse \u00e0 n&rsquo;importe quelle table.<\/p>\n","protected":false},"featured_media":14177,"template":"","meta":{"_acf_changed":false},"product_brand":[],"product_cat":[812],"product_tag":[530,585],"class_list":{"0":"post-36423","1":"product","2":"type-product","3":"status-publish","4":"has-post-thumbnail","6":"product_cat-sous-verres","7":"product_tag-animaux","8":"product_tag-ceramique","9":"pa_ciudad-tenerife","10":"pa_motivo-sardines","11":"pa_pais-espana","13":"first","14":"instock","15":"shipping-taxable","16":"product-type-simple"},"acf":[],"_links":{"self":[{"href":"https:\/\/olemosaic.com\/fr\/wp-json\/wp\/v2\/product\/36423","targetHints":{"allow":["GET"]}}],"collection":[{"href":"https:\/\/olemosaic.com\/fr\/wp-json\/wp\/v2\/product"}],"about":[{"href":"https:\/\/olemosaic.com\/fr\/wp-json\/wp\/v2\/types\/product"}],"wp:featuredmedia":[{"embeddable":true,"href":"https:\/\/olemosaic.com\/fr\/wp-json\/wp\/v2\/media\/14177"}],"wp:attachment":[{"href":"https:\/\/olemosaic.com\/fr\/wp-json\/wp\/v2\/media?parent=36423"}],"wp:term":[{"taxonomy":"product_brand","embeddable":true,"href":"https:\/\/olemosaic.com\/fr\/wp-json\/wp\/v2\/product_brand?post=36423"},{"taxonomy":"product_cat","embeddable":true,"href":"https:\/\/olemosaic.com\/fr\/wp-json\/wp\/v2\/product_cat?post=36423"},{"taxonomy":"product_tag","embeddable":true,"href":"https:\/\/olemosaic.com\/fr\/wp-json\/wp\/v2\/product_tag?post=36423"}],"curies":[{"name":"wp","href":"https:\/\/api.w.org\/{rel}","templated":true}]}}