{"id":36421,"date":"2025-02-20T23:38:25","date_gmt":"2025-02-20T22:38:25","guid":{"rendered":"http:\/\/olemosaic.com\/producto\/posavasos-de-ceramica-salamandra-y-flores-lanzarote\/"},"modified":"2025-07-25T19:54:51","modified_gmt":"2025-07-25T17:54:51","slug":"dessous-de-verre-ceramique-salamandre-et-fleurs-lanzarote","status":"publish","type":"product","link":"https:\/\/olemosaic.com\/fr\/produit\/dessous-de-verre-ceramique-salamandre-et-fleurs-lanzarote\/","title":{"rendered":"Dessous de verre en c\u00e9ramique. Salamandre et fleurs. Lanzarote."},"content":{"rendered":"<p>Ce dessous de verre en c\u00e9ramique color\u00e9 est un v\u00e9ritable hommage visuel \u00e0 l&rsquo;essence de Lanzarote, capturant la vitalit\u00e9 vibrante du paysage canarien. Avec son design peint \u00e0 la main, le dessous de verre pr\u00e9sente une charmante salamandre dans des tons verts et bleus, accompagn\u00e9e de fleurs \u00e9clatantes en rouge, jaune et bleu, qui \u00e9voquent la nature exub\u00e9rante et la culture locale. Le mot \u00ab\u00a0Lanzarote\u00a0\u00bb, imprim\u00e9 avec une typographie joyeuse, compl\u00e8te parfaitement cette pi\u00e8ce, apportant une touche de fra\u00eecheur et de plaisir. Le fond au fini brillant souligne les d\u00e9tails artistiques, cr\u00e9ant un contraste frappant qui attire le regard et enrichit toute d\u00e9coration.<\/p>\n<p>Ce dessous de verre n&rsquo;est pas seulement un accessoire utile pour prot\u00e9ger vos surfaces, mais il agit \u00e9galement comme un charmant souvenir qui c\u00e9l\u00e8bre le riche h\u00e9ritage culturel de Lanzarote. Son design refl\u00e8te l&rsquo;influence artistique de l&rsquo;\u00eele, connue pour son paysage volcanique et sa flore vibrante, ce qui en fait un souvenir significatif pour les touristes souhaitant ramener un morceau de ce joyau canarien chez eux.<\/p>\n<p>Chez Ol\u00e9 Mosaic, nous nous sp\u00e9cialisons dans la distribution de souvenirs en gros et garantissons l&rsquo;authenticit\u00e9 et la qualit\u00e9 de chaque produit. Ce dessous de verre en c\u00e9ramique est une excellente option pour les boutiques de cadeaux touristiques qui cherchent \u00e0 offrir des articles uniques, color\u00e9s et repr\u00e9sentatifs de Lanzarote. En tant que grossistes de souvenirs, nous nous engageons \u00e0 fournir des pi\u00e8ces qui non seulement embellissent, mais racontent aussi des histoires de la riche culture espagnole.<\/p>\n","protected":false},"excerpt":{"rendered":"<p>Dessous de verre en c\u00e9ramique avec une salamandre et des fleurs color\u00e9es, \u00e9voquant l&rsquo;essence de Lanzarote. Ce produit se distingue par son design artisanal, peint \u00e0 la main, et une mosa\u00efque vibrante dans des tons verts, rouges, jaunes et bleus, qui capture la vitalit\u00e9 du paysage canarien. Le mot \u00ab\u00a0Lanzarote\u00a0\u00bb est imprim\u00e9 avec une typographie joyeuse, compl\u00e9tant l&rsquo;ensemble avec une finition brillante qui fait ressortir les motifs floraux et la salamandre, en faisant un souvenir attrayant.<\/p>\n","protected":false},"featured_media":14175,"template":"","meta":{"_acf_changed":false},"product_brand":[],"product_cat":[812],"product_tag":[530,585],"class_list":{"0":"post-36421","1":"product","2":"type-product","3":"status-publish","4":"has-post-thumbnail","6":"product_cat-sous-verres","7":"product_tag-animaux","8":"product_tag-ceramique","9":"pa_ciudad-lanzarote","10":"pa_motivo-salamandres","11":"pa_pais-espana","13":"first","14":"instock","15":"shipping-taxable","16":"product-type-simple"},"acf":[],"_links":{"self":[{"href":"https:\/\/olemosaic.com\/fr\/wp-json\/wp\/v2\/product\/36421","targetHints":{"allow":["GET"]}}],"collection":[{"href":"https:\/\/olemosaic.com\/fr\/wp-json\/wp\/v2\/product"}],"about":[{"href":"https:\/\/olemosaic.com\/fr\/wp-json\/wp\/v2\/types\/product"}],"wp:featuredmedia":[{"embeddable":true,"href":"https:\/\/olemosaic.com\/fr\/wp-json\/wp\/v2\/media\/14175"}],"wp:attachment":[{"href":"https:\/\/olemosaic.com\/fr\/wp-json\/wp\/v2\/media?parent=36421"}],"wp:term":[{"taxonomy":"product_brand","embeddable":true,"href":"https:\/\/olemosaic.com\/fr\/wp-json\/wp\/v2\/product_brand?post=36421"},{"taxonomy":"product_cat","embeddable":true,"href":"https:\/\/olemosaic.com\/fr\/wp-json\/wp\/v2\/product_cat?post=36421"},{"taxonomy":"product_tag","embeddable":true,"href":"https:\/\/olemosaic.com\/fr\/wp-json\/wp\/v2\/product_tag?post=36421"}],"curies":[{"name":"wp","href":"https:\/\/api.w.org\/{rel}","templated":true}]}}