{"id":36420,"date":"2025-02-20T22:38:25","date_gmt":"2025-02-20T22:38:25","guid":{"rendered":"http:\/\/olemosaic.com\/producto\/posavasos-de-ceramica-salamandra-y-flores-alicante\/"},"modified":"2025-07-25T20:04:59","modified_gmt":"2025-07-25T18:04:59","slug":"dessous-de-verre-ceramique-salamandre-et-fleurs-alicante","status":"publish","type":"product","link":"https:\/\/olemosaic.com\/fr\/produit\/dessous-de-verre-ceramique-salamandre-et-fleurs-alicante\/","title":{"rendered":"Dessous de verre en c\u00e9ramique. Salamandre et fleurs. Alicante."},"content":{"rendered":"<p>Ce dessous de verre en c\u00e9ramique capture l&rsquo;essence vibrante d&rsquo;Alicante, devenant un souvenir exceptionnel de cette belle ville m\u00e9diterran\u00e9enne. D\u00e9cor\u00e9 d&rsquo;une splendide salamandre, symbole de la diversit\u00e9 naturelle de la r\u00e9gion, et entour\u00e9 de fleurs color\u00e9es, ce dessous de verre se distingue par son design complexe en mosa\u00efque. La palette de couleurs vives, qui comprend des tons verts, rouges, jaunes et bleus, ressort sur un fond de textures grises, apportant une sensation de fra\u00eecheur et de joie \u00e0 chaque utilisation. Le mot \u00ab\u00a0ALICANTE\u00a0\u00bb est \u00e9l\u00e9gamment imprim\u00e9 avec une typographie joyeuse, ce qui lui conf\u00e8re non seulement un caract\u00e8re artistique, mais en fait \u00e9galement une pi\u00e8ce fonctionnelle qui ravira ceux qui recherchent des souvenirs authentiques de leur passage dans la ville.<\/p>\n<p>Plus qu&rsquo;un simple accessoire, ce dessous de verre est un reflet du patrimoine culturel d&rsquo;Alicante, o\u00f9 l&rsquo;artisanat et le design s&rsquo;entrelacent. Parfait pour ajouter une touche m\u00e9diterran\u00e9enne \u00e0 n&rsquo;importe quelle table, ce souvenir est id\u00e9al pour les touristes qui souhaitent emporter un morceau de la ville avec eux. Chez Ol\u00e9 Mosaic, en tant que distributeurs de souvenirs en gros, nous proposons des produits qui ne sont pas seulement pratiques, mais qui c\u00e9l\u00e8brent \u00e9galement le riche h\u00e9ritage culturel de l&rsquo;Espagne. Ce dessous de verre en c\u00e9ramique se positionne comme une option attrayante pour les boutiques de cadeaux touristiques qui cherchent \u00e0 offrir des articles porteurs de sens et d&rsquo;authenticit\u00e9 \u00e0 leurs clients.<\/p>\n","protected":false},"excerpt":{"rendered":"<p>Dessous de verre en c\u00e9ramique qui capture l&rsquo;essence d&rsquo;Alicante, d\u00e9cor\u00e9 d&rsquo;une salamandre color\u00e9e et de fleurs vibrantes. Le design, de style mosa\u00efque, pr\u00e9sente une palette de couleurs vives : vert, rouge, jaune et bleu sur un fond aux textures grises. Le mot \u00ab\u00a0ALICANTE\u00a0\u00bb est imprim\u00e9 avec une typographie joyeuse, faisant de ce dessous de verre une pi\u00e8ce fonctionnelle et artistique, id\u00e9ale pour ajouter une touche m\u00e9diterran\u00e9enne \u00e0 n&rsquo;importe quelle table.<\/p>\n","protected":false},"featured_media":14174,"template":"","meta":{"_acf_changed":false},"product_brand":[],"product_cat":[812],"product_tag":[530,585],"class_list":{"0":"post-36420","1":"product","2":"type-product","3":"status-publish","4":"has-post-thumbnail","6":"product_cat-sous-verres","7":"product_tag-animaux","8":"product_tag-ceramique","9":"pa_ciudad-alicante","10":"pa_motivo-salamandres","11":"pa_pais-espana","13":"first","14":"instock","15":"shipping-taxable","16":"product-type-simple"},"acf":[],"_links":{"self":[{"href":"https:\/\/olemosaic.com\/fr\/wp-json\/wp\/v2\/product\/36420","targetHints":{"allow":["GET"]}}],"collection":[{"href":"https:\/\/olemosaic.com\/fr\/wp-json\/wp\/v2\/product"}],"about":[{"href":"https:\/\/olemosaic.com\/fr\/wp-json\/wp\/v2\/types\/product"}],"wp:featuredmedia":[{"embeddable":true,"href":"https:\/\/olemosaic.com\/fr\/wp-json\/wp\/v2\/media\/14174"}],"wp:attachment":[{"href":"https:\/\/olemosaic.com\/fr\/wp-json\/wp\/v2\/media?parent=36420"}],"wp:term":[{"taxonomy":"product_brand","embeddable":true,"href":"https:\/\/olemosaic.com\/fr\/wp-json\/wp\/v2\/product_brand?post=36420"},{"taxonomy":"product_cat","embeddable":true,"href":"https:\/\/olemosaic.com\/fr\/wp-json\/wp\/v2\/product_cat?post=36420"},{"taxonomy":"product_tag","embeddable":true,"href":"https:\/\/olemosaic.com\/fr\/wp-json\/wp\/v2\/product_tag?post=36420"}],"curies":[{"name":"wp","href":"https:\/\/api.w.org\/{rel}","templated":true}]}}