{"id":36398,"date":"2025-02-20T23:38:24","date_gmt":"2025-02-20T22:38:24","guid":{"rendered":"http:\/\/olemosaic.com\/producto\/posavasos-de-ceramica-salamandra-lanzarote-2\/"},"modified":"2025-07-25T19:26:35","modified_gmt":"2025-07-25T17:26:35","slug":"dessous-de-verre-ceramique-salamandre-lanzarote-blanc","status":"publish","type":"product","link":"https:\/\/olemosaic.com\/fr\/produit\/dessous-de-verre-ceramique-salamandre-lanzarote-blanc\/","title":{"rendered":"Dessous de verre en c\u00e9ramique. Salamandre. Lanzarote. Blanc"},"content":{"rendered":"<p>Ce dessous de verre en c\u00e9ramique, inspir\u00e9 par la faune et la flore de Lanzarote, est un joyau d\u00e9coratif qui repr\u00e9sente la biodiversit\u00e9 vibrante des \u00eeles Canaries. Son design color\u00e9 se distingue par la pr\u00e9sence de deux salamandres aux tons vifs, entour\u00e9es de magnifiques fleurs et de motifs g\u00e9om\u00e9triques qui \u00e9voquent le paysage unique de Lanzarote. La c\u00e9ramique brillante souligne les d\u00e9tails d\u00e9licats de la mosa\u00efque, avec des teintes rouges, vertes et bleues qui cr\u00e9ent un effet visuel captivant sur un fond blanc propre et simple. En compl\u00e9ment de cette \u0153uvre d&rsquo;art, le texte \u00ab\u00a0Lanzarote\u00a0\u00bb est imprim\u00e9 avec une typographie attrayante, garantissant que ce dessous de verre ne soit pas seulement fonctionnel, mais aussi un souvenir m\u00e9morable de votre visite sur l&rsquo;\u00eele.<\/p>\n<p>Ce produit capture l&rsquo;essence culturelle de Lanzarote, o\u00f9 la nature et l&rsquo;artisanat s&rsquo;entrelacent dans chaque recoin. En choisissant ce dessous de verre comme souvenir, les touristes peuvent emporter chez eux un morceau authentique de la tradition canarienne et un symbole de sa riche biodiversit\u00e9. Chez Ol\u00e9 Mosaic, nous nous sp\u00e9cialisons dans la distribution de souvenirs en gros, et ce dessous de verre en c\u00e9ramique est l&rsquo;ajout parfait pour les magasins de cadeaux touristiques qui cherchent \u00e0 offrir des produits uniques et repr\u00e9sentatifs. Son design exclusif et sa connexion culturelle en font le souvenir id\u00e9al pour ceux qui souhaitent se souvenir de leur exp\u00e9rience \u00e0 Lanzarote.<\/p>\n","protected":false},"excerpt":{"rendered":"<p>Dessous de verre en c\u00e9ramique inspir\u00e9 par la faune et la flore de Lanzarote. Ce design color\u00e9 montre deux salamandres aux couleurs vibrantes, entour\u00e9es de fleurs et de motifs g\u00e9om\u00e9triques. La finition c\u00e9ramique brillante souligne les d\u00e9tails de la mosa\u00efque, combinant des teintes rouges, vertes et bleues sur un fond blanc. Avec le texte \u00ab\u00a0Lanzarote\u00a0\u00bb imprim\u00e9, ce dessous de verre est une pi\u00e8ce unique et fonctionnelle qui capture l&rsquo;essence du paysage canarien.<\/p>\n","protected":false},"featured_media":14172,"template":"","meta":{"_acf_changed":false},"product_brand":[],"product_cat":[812],"product_tag":[530,585],"class_list":{"0":"post-36398","1":"product","2":"type-product","3":"status-publish","4":"has-post-thumbnail","6":"product_cat-sous-verres","7":"product_tag-animaux","8":"product_tag-ceramique","9":"pa_ciudad-lanzarote","10":"pa_motivo-salamandres","11":"pa_pais-espana","13":"first","14":"instock","15":"shipping-taxable","16":"product-type-simple"},"acf":[],"_links":{"self":[{"href":"https:\/\/olemosaic.com\/fr\/wp-json\/wp\/v2\/product\/36398","targetHints":{"allow":["GET"]}}],"collection":[{"href":"https:\/\/olemosaic.com\/fr\/wp-json\/wp\/v2\/product"}],"about":[{"href":"https:\/\/olemosaic.com\/fr\/wp-json\/wp\/v2\/types\/product"}],"wp:featuredmedia":[{"embeddable":true,"href":"https:\/\/olemosaic.com\/fr\/wp-json\/wp\/v2\/media\/14172"}],"wp:attachment":[{"href":"https:\/\/olemosaic.com\/fr\/wp-json\/wp\/v2\/media?parent=36398"}],"wp:term":[{"taxonomy":"product_brand","embeddable":true,"href":"https:\/\/olemosaic.com\/fr\/wp-json\/wp\/v2\/product_brand?post=36398"},{"taxonomy":"product_cat","embeddable":true,"href":"https:\/\/olemosaic.com\/fr\/wp-json\/wp\/v2\/product_cat?post=36398"},{"taxonomy":"product_tag","embeddable":true,"href":"https:\/\/olemosaic.com\/fr\/wp-json\/wp\/v2\/product_tag?post=36398"}],"curies":[{"name":"wp","href":"https:\/\/api.w.org\/{rel}","templated":true}]}}