{"id":36397,"date":"2025-02-20T23:38:24","date_gmt":"2025-02-20T22:38:24","guid":{"rendered":"http:\/\/olemosaic.com\/producto\/posavasos-de-ceramica-patio-mallorca\/"},"modified":"2025-07-25T19:04:44","modified_gmt":"2025-07-25T17:04:44","slug":"dessous-de-verre-ceramique-patio-majorque","status":"publish","type":"product","link":"https:\/\/olemosaic.com\/fr\/produit\/dessous-de-verre-ceramique-patio-majorque\/","title":{"rendered":"Dessous de verre en c\u00e9ramique. Patio. Majorque."},"content":{"rendered":"<p>Ce dessous de verre en c\u00e9ramique, inspir\u00e9 par l&rsquo;ambiance vibrante d&rsquo;un patio majorquin, est un accessoire d\u00e9coratif \u00e9l\u00e9gant et color\u00e9 qui fusionne fonctionnalit\u00e9 et art. Avec un design peint \u00e0 la main, il pr\u00e9sente une charmante illustration d&rsquo;un couple dansant le flamenco, entour\u00e9 de pots de fleurs qui \u00e9voquent la beaut\u00e9 m\u00e9diterran\u00e9enne. Les tons rouges de la robe de la danseuse contrastent avec le blanc et le bleu de la c\u00e9ramique, tandis que les d\u00e9tails verts apportent de la fra\u00eecheur et une touche naturelle, faisant de ce dessous de verre une pi\u00e8ce unique et attrayante.<\/p>\n<p>Le patio majorquin est un symbole de la vie locale, o\u00f9 la musique et la danse s&rsquo;entrelacent avec la splendeur de la nature. Cette repr\u00e9sentation artistique ne capture pas seulement l&rsquo;essence de l&rsquo;\u00eele, mais invite \u00e9galement \u00e0 revivre des moments de joie et de c\u00e9l\u00e9bration, caract\u00e9ristiques de la culture majorquine. Ce dessous de verre n&rsquo;est pas seulement id\u00e9al pour prot\u00e9ger les surfaces, mais agit \u00e9galement comme un souvenir m\u00e9morable qui int\u00e8gre histoire et tradition.<\/p>\n<p>Chez Ol\u00e9 Mosaic, nous nous sp\u00e9cialisons dans la distribution de souvenirs en gros, et ce dessous de verre en c\u00e9ramique est une excellente option pour les magasins de cadeaux touristiques qui cherchent \u00e0 offrir des produits authentiques et repr\u00e9sentatifs de Majorque. Avec ce souvenir, les touristes pourront emporter un morceau de l&rsquo;\u00eele, id\u00e9al pour se souvenir de leur visite et exprimer leur amour pour la culture espagnole.<\/p>\n","protected":false},"excerpt":{"rendered":"<p>Dessous de verre en c\u00e9ramique inspir\u00e9 par l&rsquo;ambiance vibrante d&rsquo;un patio majorquin. Ce dessous de verre \u00e9l\u00e9gant pr\u00e9sente une illustration color\u00e9e d&rsquo;un couple dansant le flamenco, entour\u00e9 de pots de fleurs et d&rsquo;\u00e9l\u00e9ments d\u00e9coratifs qui \u00e9voquent la vie locale. Avec un design artisanal, peint \u00e0 la main, il int\u00e8gre des d\u00e9tails dans des tons rouges, verts et bleus, offrant une repr\u00e9sentation authentique de la culture majorquine. Id\u00e9al pour n&rsquo;importe quelle table, il allie fonctionnalit\u00e9 et art.<\/p>\n","protected":false},"featured_media":14171,"template":"","meta":{"_acf_changed":false},"product_brand":[],"product_cat":[812],"product_tag":[585],"class_list":{"0":"post-36397","1":"product","2":"type-product","3":"status-publish","4":"has-post-thumbnail","6":"product_cat-sous-verres","7":"product_tag-ceramique","8":"pa_ciudad-mallorca","9":"pa_motivo-cours-interieures","10":"pa_pais-espana","12":"first","13":"instock","14":"shipping-taxable","15":"product-type-simple"},"acf":[],"_links":{"self":[{"href":"https:\/\/olemosaic.com\/fr\/wp-json\/wp\/v2\/product\/36397","targetHints":{"allow":["GET"]}}],"collection":[{"href":"https:\/\/olemosaic.com\/fr\/wp-json\/wp\/v2\/product"}],"about":[{"href":"https:\/\/olemosaic.com\/fr\/wp-json\/wp\/v2\/types\/product"}],"wp:featuredmedia":[{"embeddable":true,"href":"https:\/\/olemosaic.com\/fr\/wp-json\/wp\/v2\/media\/14171"}],"wp:attachment":[{"href":"https:\/\/olemosaic.com\/fr\/wp-json\/wp\/v2\/media?parent=36397"}],"wp:term":[{"taxonomy":"product_brand","embeddable":true,"href":"https:\/\/olemosaic.com\/fr\/wp-json\/wp\/v2\/product_brand?post=36397"},{"taxonomy":"product_cat","embeddable":true,"href":"https:\/\/olemosaic.com\/fr\/wp-json\/wp\/v2\/product_cat?post=36397"},{"taxonomy":"product_tag","embeddable":true,"href":"https:\/\/olemosaic.com\/fr\/wp-json\/wp\/v2\/product_tag?post=36397"}],"curies":[{"name":"wp","href":"https:\/\/api.w.org\/{rel}","templated":true}]}}