{"id":36396,"date":"2025-02-20T22:38:24","date_gmt":"2025-02-20T22:38:24","guid":{"rendered":"http:\/\/olemosaic.com\/producto\/posavasos-de-ceramica-toros-tenerife\/"},"modified":"2025-07-25T18:34:47","modified_gmt":"2025-07-25T16:34:47","slug":"dessous-de-verre-ceramique-taureaux-tenerife","status":"publish","type":"product","link":"https:\/\/olemosaic.com\/fr\/produit\/dessous-de-verre-ceramique-taureaux-tenerife\/","title":{"rendered":"Dessous de verre en c\u00e9ramique. Taureaux. Tenerife."},"content":{"rendered":"<p>Ce dessous de verre en c\u00e9ramique, illustr\u00e9 d&rsquo;un design vibrant de taureau, est une repr\u00e9sentation authentique de la riche culture de l&rsquo;\u00e9levage de Tenerife. La pi\u00e8ce, qui allie fonctionnalit\u00e9 et art, montre une joyeuse mosa\u00efque de couleurs, incluant le bleu, le vert, le rouge et le jaune, qui soulignent la beaut\u00e9 naturelle de l&rsquo;\u00eele canarienne. Au premier plan, un taureau robuste se dresse avec fiert\u00e9, symbolisant la force et la tradition pastorale de la r\u00e9gion, entour\u00e9 d&rsquo;un paysage rempli de fleurs rouges qui se d\u00e9tachent sur un fond gris clair, lui donnant une touche contemporaine et attrayante.<\/p>\n<p>Le mot \u00ab\u00a0TENERIFE\u00a0\u00bb est situ\u00e9 sur la partie sup\u00e9rieure, ajoutant une valeur identitaire au produit et en faisant un souvenir parfait pour ceux qui cherchent \u00e0 emporter un morceau de l&rsquo;\u00eele. Le soleil radieux, qui pointe derri\u00e8re le taureau, \u00e9voque la chaleur du climat canarien et les traditions locales vibrantes. Ce dessous de verre n&rsquo;est pas seulement un article d\u00e9coratif, mais il permet \u00e9galement aux touristes de profiter de sa fonctionnalit\u00e9 tout en immortalisant l&rsquo;esprit de Tenerife dans leur foyer.<\/p>\n<p>Chez Ol\u00e9 Mosaic, nous proposons ce dessous de verre en c\u00e9ramique comme une excellente option pour les magasins de souvenirs, soulignant son authenticit\u00e9 et sa pertinence culturelle. Avec ce produit, les commer\u00e7ants peuvent offrir \u00e0 leurs clients un authentique souvenir de Tenerife qui c\u00e9l\u00e8bre le patrimoine des \u00eeles Canaries et son folklore, renfor\u00e7ant ainsi le lien \u00e9motionnel recherch\u00e9 par les voyageurs. En tant que distributeurs de souvenirs, nous garantissons la qualit\u00e9 et le design de chacun de nos produits, assurant que ce dessous de verre de taureau soit un article tr\u00e8s appr\u00e9ci\u00e9 au point de vente.<\/p>\n","protected":false},"excerpt":{"rendered":"<p>Dessous de verre en c\u00e9ramique avec un design vibrant de taureau, repr\u00e9sentant la culture de l&rsquo;\u00e9levage de Tenerife. Cet article color\u00e9 pr\u00e9sente une mosa\u00efque de tons tels que le bleu, le vert, le rouge et le jaune, sur un fond de fleurs rouges et un soleil radieux. Le mot \u00ab\u00a0TENERIFE\u00a0\u00bb se d\u00e9tache sur la partie sup\u00e9rieure, faisant de ce dessous de verre une pi\u00e8ce d\u00e9corative et fonctionnelle, parfaite pour se souvenir de la tradition et du folklore de l&rsquo;\u00eele canarienne.<\/p>\n","protected":false},"featured_media":14170,"template":"","meta":{"_acf_changed":false},"product_brand":[],"product_cat":[812],"product_tag":[530,585],"class_list":{"0":"post-36396","1":"product","2":"type-product","3":"status-publish","4":"has-post-thumbnail","6":"product_cat-sous-verres","7":"product_tag-animaux","8":"product_tag-ceramique","9":"pa_ciudad-tenerife","10":"pa_motivo-taureaux","11":"pa_pais-espana","13":"first","14":"instock","15":"shipping-taxable","16":"product-type-simple"},"acf":[],"_links":{"self":[{"href":"https:\/\/olemosaic.com\/fr\/wp-json\/wp\/v2\/product\/36396","targetHints":{"allow":["GET"]}}],"collection":[{"href":"https:\/\/olemosaic.com\/fr\/wp-json\/wp\/v2\/product"}],"about":[{"href":"https:\/\/olemosaic.com\/fr\/wp-json\/wp\/v2\/types\/product"}],"wp:featuredmedia":[{"embeddable":true,"href":"https:\/\/olemosaic.com\/fr\/wp-json\/wp\/v2\/media\/14170"}],"wp:attachment":[{"href":"https:\/\/olemosaic.com\/fr\/wp-json\/wp\/v2\/media?parent=36396"}],"wp:term":[{"taxonomy":"product_brand","embeddable":true,"href":"https:\/\/olemosaic.com\/fr\/wp-json\/wp\/v2\/product_brand?post=36396"},{"taxonomy":"product_cat","embeddable":true,"href":"https:\/\/olemosaic.com\/fr\/wp-json\/wp\/v2\/product_cat?post=36396"},{"taxonomy":"product_tag","embeddable":true,"href":"https:\/\/olemosaic.com\/fr\/wp-json\/wp\/v2\/product_tag?post=36396"}],"curies":[{"name":"wp","href":"https:\/\/api.w.org\/{rel}","templated":true}]}}