{"id":36395,"date":"2025-02-20T22:38:23","date_gmt":"2025-02-20T22:38:23","guid":{"rendered":"http:\/\/olemosaic.com\/producto\/posavasos-de-ceramica-toros-valencia\/"},"modified":"2025-07-25T19:44:59","modified_gmt":"2025-07-25T17:44:59","slug":"dessous-de-verre-ceramique-taureaux-valence","status":"publish","type":"product","link":"https:\/\/olemosaic.com\/fr\/produit\/dessous-de-verre-ceramique-taureaux-valence\/","title":{"rendered":"Dessous de verre en c\u00e9ramique. Taureaux. Valence."},"content":{"rendered":"<p>Ce dessous de verre en c\u00e9ramique, d\u00e9cor\u00e9 d&rsquo;un design vibrant de taureaux, est un excellent souvenir repr\u00e9sentatif de la riche culture valencienne. La pi\u00e8ce pr\u00e9sente une illustration color\u00e9e d&rsquo;un taureau, symbole iconique de la tradition espagnole, avec des teintes brillantes qui capturent l&rsquo;\u00e9nergie de la f\u00eate. Entour\u00e9 d&rsquo;un fond de fleurs rouges et d&rsquo;un soleil radieux, ce dessous de verre n&rsquo;est pas seulement fonctionnel, mais aussi une petite \u0153uvre d&rsquo;art qui ajoute une touche festive et culturelle \u00e0 n&rsquo;importe quelle table.<\/p>\n<p>Le mot \u00ab\u00a0Valence\u00a0\u00bb ressort sur la partie sup\u00e9rieure, soulignant son origine et le rendant parfait pour ceux qui souhaitent emporter un petit morceau de l&rsquo;essence valencienne. Le design est inspir\u00e9 de la c\u00e9l\u00e8bre mosa\u00efque, un \u00e9l\u00e9ment caract\u00e9ristique de l&rsquo;architecture et de l&rsquo;art de la r\u00e9gion, ce qui renforce son authenticit\u00e9 en tant que souvenir typique. Id\u00e9al \u00e0 partager avec les amis et la famille, ce dessous de verre est une excellente option pour les touristes \u00e0 la recherche de souvenirs de Valence qui encapsulent la joie et le folklore local.<\/p>\n<p>Chez Ol\u00e9 Mosaic, nous nous consacrons \u00e0 la distribution de souvenirs en gros, et ce dessous de verre de taureaux est une r\u00e9f\u00e9rence de la richesse culturelle de l&rsquo;Espagne, id\u00e9al pour les magasins de cadeaux touristiques \u00e0 la recherche de produits authentiques et significatifs. Avec chaque pi\u00e8ce, nous garantissons la qualit\u00e9 et un design respectueux de la tradition, faisant de ce souvenir un choix exceptionnel pour tout amateur de culture espagnole.<\/p>\n","protected":false},"excerpt":{"rendered":"<p>Dessous de verre en c\u00e9ramique d\u00e9cor\u00e9s d&rsquo;un design vibrant de taureaux, repr\u00e9sentant le folklore valencien. Ce dessous de verre color\u00e9 pr\u00e9sente l&rsquo;illustration d&rsquo;un taureau aux teintes brillantes sur un fond de fleurs rouges et un soleil radieux, le tout dispos\u00e9 sur un pavage en mosa\u00efque. Le mot \u00ab\u00a0Valence\u00a0\u00bb est imprim\u00e9 sur la partie sup\u00e9rieure, soulignant son origine. Id\u00e9al pour ajouter une touche culturelle \u00e0 n&rsquo;importe quelle table.<\/p>\n","protected":false},"featured_media":14169,"template":"","meta":{"_acf_changed":false},"product_brand":[],"product_cat":[812],"product_tag":[530,585],"class_list":{"0":"post-36395","1":"product","2":"type-product","3":"status-publish","4":"has-post-thumbnail","6":"product_cat-sous-verres","7":"product_tag-animaux","8":"product_tag-ceramique","9":"pa_ciudad-valencia","10":"pa_motivo-taureaux","11":"pa_pais-espana","13":"first","14":"instock","15":"shipping-taxable","16":"product-type-simple"},"acf":[],"_links":{"self":[{"href":"https:\/\/olemosaic.com\/fr\/wp-json\/wp\/v2\/product\/36395","targetHints":{"allow":["GET"]}}],"collection":[{"href":"https:\/\/olemosaic.com\/fr\/wp-json\/wp\/v2\/product"}],"about":[{"href":"https:\/\/olemosaic.com\/fr\/wp-json\/wp\/v2\/types\/product"}],"wp:featuredmedia":[{"embeddable":true,"href":"https:\/\/olemosaic.com\/fr\/wp-json\/wp\/v2\/media\/14169"}],"wp:attachment":[{"href":"https:\/\/olemosaic.com\/fr\/wp-json\/wp\/v2\/media?parent=36395"}],"wp:term":[{"taxonomy":"product_brand","embeddable":true,"href":"https:\/\/olemosaic.com\/fr\/wp-json\/wp\/v2\/product_brand?post=36395"},{"taxonomy":"product_cat","embeddable":true,"href":"https:\/\/olemosaic.com\/fr\/wp-json\/wp\/v2\/product_cat?post=36395"},{"taxonomy":"product_tag","embeddable":true,"href":"https:\/\/olemosaic.com\/fr\/wp-json\/wp\/v2\/product_tag?post=36395"}],"curies":[{"name":"wp","href":"https:\/\/api.w.org\/{rel}","templated":true}]}}