{"id":36394,"date":"2025-02-20T22:38:23","date_gmt":"2025-02-20T22:38:23","guid":{"rendered":"http:\/\/olemosaic.com\/producto\/posavasos-de-ceramica-gato-lanzarote\/"},"modified":"2025-07-25T19:58:30","modified_gmt":"2025-07-25T17:58:30","slug":"dessous-de-verre-ceramique-chat-lanzarote","status":"publish","type":"product","link":"https:\/\/olemosaic.com\/fr\/produit\/dessous-de-verre-ceramique-chat-lanzarote\/","title":{"rendered":"Dessous de verre en c\u00e9ramique. Chat. Lanzarote."},"content":{"rendered":"<p>Ce dessous de verre en c\u00e9ramique, d\u00e9cor\u00e9 d&rsquo;un motif f\u00e9lin vibrant, est une pi\u00e8ce unique qui capture l&rsquo;essence artistique de Lanzarote. Avec une mosa\u00efque multicolore, le dessous de verre pr\u00e9sente trois adorables chats dans diff\u00e9rentes postures, entour\u00e9s de papillons, ce qui lui donne un air ludique et joyeux. Le fond, avec un motif abstrait combinant des tons verts, rouges et bleus, cr\u00e9e un contraste harmonieux qui souligne l&rsquo;\u00e9l\u00e9gance des chats et la fra\u00eecheur du design.<\/p>\n<p>Chaque d\u00e9tail de ce dessous de verre refl\u00e8te le riche h\u00e9ritage culturel des \u00eeles Canaries, o\u00f9 l&rsquo;art de la mosa\u00efque est une tradition tr\u00e8s appr\u00e9ci\u00e9e. La repr\u00e9sentation des chats, animaux tr\u00e8s aim\u00e9s sur l&rsquo;\u00eele, ainsi que l&rsquo;utilisation de couleurs vibrantes, symbolise la connexion entre la nature et l&rsquo;esprit local, offrant une vision contemporaine de la culture canarienne. Ce dessous de verre n&rsquo;est pas seulement un accessoire fonctionnel pour n&rsquo;importe quelle table, mais aussi un souvenir authentique qui \u00e9voque la beaut\u00e9 et le caract\u00e8re de Lanzarote.<\/p>\n<p>Id\u00e9al pour les touristes \u00e0 la recherche de souvenirs en c\u00e9ramique authentiques, ce produit est parfait pour la revente dans les magasins de cadeaux touristiques. Chez Ol\u00e9 Mosaic, nous nous sp\u00e9cialisons dans la distribution d&rsquo;articles en gros qui c\u00e9l\u00e8brent la diversit\u00e9 et l&rsquo;art de l&rsquo;Espagne, et ce dessous de verre f\u00e9lin est une excellente option pour ceux qui recherchent des articles distinctifs et de qualit\u00e9.<\/p>\n","protected":false},"excerpt":{"rendered":"<p>Dessous de verre en c\u00e9ramique d\u00e9cor\u00e9s d&rsquo;un design vibrant de chats, inspir\u00e9 par les paysages color\u00e9s de Lanzarote. Ils pr\u00e9sentent une mosa\u00efque multicolore illustrant trois chats dans diff\u00e9rentes postures, entour\u00e9s de papillons. Le fond comprend un motif abstrait aux tons verts, rouges et bleus, apportant une touche joyeuse et contemporaine. Id\u00e9al pour ajouter une touche artistique \u00e0 n&rsquo;importe quelle table, ce dessous de verre allie fonctionnalit\u00e9 et esth\u00e9tique, \u00e9voquant l&rsquo;esprit des \u00eeles Canaries.<\/p>\n","protected":false},"featured_media":14168,"template":"","meta":{"_acf_changed":false},"product_brand":[],"product_cat":[812],"product_tag":[530,585],"class_list":{"0":"post-36394","1":"product","2":"type-product","3":"status-publish","4":"has-post-thumbnail","6":"product_cat-sous-verres","7":"product_tag-animaux","8":"product_tag-ceramique","9":"pa_ciudad-lanzarote","10":"pa_motivo-chats","11":"pa_pais-espana","13":"first","14":"instock","15":"shipping-taxable","16":"product-type-simple"},"acf":[],"_links":{"self":[{"href":"https:\/\/olemosaic.com\/fr\/wp-json\/wp\/v2\/product\/36394","targetHints":{"allow":["GET"]}}],"collection":[{"href":"https:\/\/olemosaic.com\/fr\/wp-json\/wp\/v2\/product"}],"about":[{"href":"https:\/\/olemosaic.com\/fr\/wp-json\/wp\/v2\/types\/product"}],"wp:featuredmedia":[{"embeddable":true,"href":"https:\/\/olemosaic.com\/fr\/wp-json\/wp\/v2\/media\/14168"}],"wp:attachment":[{"href":"https:\/\/olemosaic.com\/fr\/wp-json\/wp\/v2\/media?parent=36394"}],"wp:term":[{"taxonomy":"product_brand","embeddable":true,"href":"https:\/\/olemosaic.com\/fr\/wp-json\/wp\/v2\/product_brand?post=36394"},{"taxonomy":"product_cat","embeddable":true,"href":"https:\/\/olemosaic.com\/fr\/wp-json\/wp\/v2\/product_cat?post=36394"},{"taxonomy":"product_tag","embeddable":true,"href":"https:\/\/olemosaic.com\/fr\/wp-json\/wp\/v2\/product_tag?post=36394"}],"curies":[{"name":"wp","href":"https:\/\/api.w.org\/{rel}","templated":true}]}}