{"id":36393,"date":"2025-02-20T23:38:23","date_gmt":"2025-02-20T22:38:23","guid":{"rendered":"http:\/\/olemosaic.com\/producto\/posavasos-de-ceramica-mosaico-mallorca-3\/"},"modified":"2025-07-25T20:32:18","modified_gmt":"2025-07-25T18:32:18","slug":"dessous-de-verre-ceramique-mosaique-majorque-3","status":"publish","type":"product","link":"https:\/\/olemosaic.com\/fr\/produit\/dessous-de-verre-ceramique-mosaique-majorque-3\/","title":{"rendered":"Dessous de verre en c\u00e9ramique. Mosa\u00efque. Carreaux majorquins."},"content":{"rendered":"<p>Ce dessous de verre en c\u00e9ramique, d\u00e9cor\u00e9 d&rsquo;une mosa\u00efque color\u00e9e, est un hommage aux carreaux traditionnels de Majorque, l&rsquo;un des joyaux de la M\u00e9diterran\u00e9e. Avec son design circulaire, il pr\u00e9sente une vari\u00e9t\u00e9 de motifs g\u00e9om\u00e9triques dans les tons bleu, gris et orange, qui \u00e9voquent la fra\u00eecheur et la chaleur de l&rsquo;\u00eele. Chaque section de la mosa\u00efque semble \u00eatre peinte \u00e0 la main, ce qui garantit la singularit\u00e9 de chaque pi\u00e8ce et met en valeur le riche patrimoine culturel de Majorque. Le nom \u00ab Mallorca \u00bb encadr\u00e9 dans le design apporte une touche d&rsquo;authenticit\u00e9, en faisant un excellent souvenir qui se connecte profond\u00e9ment avec l&rsquo;histoire et l&rsquo;esth\u00e9tique locale.<\/p>\n<p>Ce dessous de verre n&rsquo;est pas seulement fonctionnel, prot\u00e9geant les surfaces des taches et de la chaleur, il agit \u00e9galement comme un \u00e9l\u00e9ment d\u00e9coratif qui peut rehausser n&rsquo;importe quelle table, que ce soit dans un cadre domestique ou sur une terrasse au bord de la mer. Son lien avec les carreaux embl\u00e9matiques de Majorque le rend id\u00e9al pour les touristes qui souhaitent emporter un petit morceau de l&rsquo;\u00eele chez eux.<\/p>\n<p>Chez Ol\u00e9 Mosaic, en tant que distributeurs de souvenirs authentiques, nous proposons ce dessous de verre en c\u00e9ramique qui encapsule l&rsquo;essence de Majorque et constitue une option parfaite pour les boutiques de cadeaux touristiques souhaitant offrir des produits de haute qualit\u00e9 et d&rsquo;une grande pertinence culturelle. Un v\u00e9ritable tr\u00e9sor qui se distingue par son design et sa fonctionnalit\u00e9.<\/p>\n","protected":false},"excerpt":{"rendered":"<p>Dessous de verre en c\u00e9ramique d\u00e9cor\u00e9 d&rsquo;une mosa\u00efque color\u00e9e reproduisant les carreaux traditionnels de Majorque. Cet article, id\u00e9al pour prot\u00e9ger vos surfaces, pr\u00e9sente une vari\u00e9t\u00e9 de motifs g\u00e9om\u00e9triques dans les tons bleu, gris et orange, encadr\u00e9s par le mot \u00ab Mallorca \u00bb. Son design artisanal, peint \u00e0 la main, met en valeur le riche patrimoine culturel de l&rsquo;\u00eele, faisant de ce dessous de verre une excellente pi\u00e8ce d\u00e9corative et fonctionnelle pour n&rsquo;importe quel foyer.<\/p>\n","protected":false},"featured_media":14167,"template":"","meta":{"_acf_changed":false},"product_brand":[],"product_cat":[812],"product_tag":[585],"class_list":{"0":"post-36393","1":"product","2":"type-product","3":"status-publish","4":"has-post-thumbnail","6":"product_cat-sous-verres","7":"product_tag-ceramique","8":"pa_ciudad-mallorca","9":"pa_motivo-mosaique","10":"pa_pais-espana","12":"first","13":"instock","14":"shipping-taxable","15":"product-type-simple"},"acf":[],"_links":{"self":[{"href":"https:\/\/olemosaic.com\/fr\/wp-json\/wp\/v2\/product\/36393","targetHints":{"allow":["GET"]}}],"collection":[{"href":"https:\/\/olemosaic.com\/fr\/wp-json\/wp\/v2\/product"}],"about":[{"href":"https:\/\/olemosaic.com\/fr\/wp-json\/wp\/v2\/types\/product"}],"wp:featuredmedia":[{"embeddable":true,"href":"https:\/\/olemosaic.com\/fr\/wp-json\/wp\/v2\/media\/14167"}],"wp:attachment":[{"href":"https:\/\/olemosaic.com\/fr\/wp-json\/wp\/v2\/media?parent=36393"}],"wp:term":[{"taxonomy":"product_brand","embeddable":true,"href":"https:\/\/olemosaic.com\/fr\/wp-json\/wp\/v2\/product_brand?post=36393"},{"taxonomy":"product_cat","embeddable":true,"href":"https:\/\/olemosaic.com\/fr\/wp-json\/wp\/v2\/product_cat?post=36393"},{"taxonomy":"product_tag","embeddable":true,"href":"https:\/\/olemosaic.com\/fr\/wp-json\/wp\/v2\/product_tag?post=36393"}],"curies":[{"name":"wp","href":"https:\/\/api.w.org\/{rel}","templated":true}]}}