{"id":36383,"date":"2025-02-20T22:38:22","date_gmt":"2025-02-20T22:38:22","guid":{"rendered":"http:\/\/olemosaic.com\/producto\/posavasos-de-ceramica-salamandra-gran-canaria-2\/"},"modified":"2025-07-25T18:53:39","modified_gmt":"2025-07-25T16:53:39","slug":"sous-verre-ceramique-salamandre-grande-canarie-2","status":"publish","type":"product","link":"https:\/\/olemosaic.com\/fr\/produit\/sous-verre-ceramique-salamandre-grande-canarie-2\/","title":{"rendered":"Sous-verre en c\u00e9ramique. Salamandre. Grande Canarie."},"content":{"rendered":"<p>Ce sous-verre en c\u00e9ramique, d\u00e9cor\u00e9 d&rsquo;illustrations vibrantes de salamandres, est un souvenir repr\u00e9sentatif de la Grande Canarie, con\u00e7u pour capturer l&rsquo;essence du folklore color\u00e9 des Canaries. Avec un design en mosa\u00efque qui d\u00e9ploie une explosion de tons rouges, verts, bleus et jaunes, ce sous-verre est \u00e0 la fois fonctionnel et d\u00e9coratif. Les salamandres, symbole de chance dans diverses cultures, s&rsquo;entrelacent avec des fleurs multicolores, cr\u00e9ant une composition joyeuse et pleine de vie. L&rsquo;inscription \u00ab\u00a0Gran Canaria\u00a0\u00bb est subtilement int\u00e9gr\u00e9e, ajoutant de l&rsquo;authenticit\u00e9 et renfor\u00e7ant sa connexion culturelle avec l&rsquo;\u00eele.<\/p>\n<p>Fabriqu\u00e9 en c\u00e9ramique de haute qualit\u00e9, ce sous-verre ne prot\u00e8ge pas seulement les surfaces de l&rsquo;humidit\u00e9, mais sert \u00e9galement d&rsquo;\u00e9l\u00e9ment d\u00e9coratif spectaculaire qui \u00e9voquera des souvenirs de vacances dans l&rsquo;archipel des Canaries. Chaque utilisation est un rappel des paysages ensoleill\u00e9s et de la culture vibrante de la Grande Canarie.<\/p>\n<p>Parfait pour les touristes \u00e0 la recherche de souvenirs uniques et authentiques, ce sous-verre en c\u00e9ramique est une excellente option pour les boutiques de cadeaux touristiques qui souhaitent des produits refl\u00e9tant le caract\u00e8re distinctif de la r\u00e9gion. Chez Ol\u00e9 Mosaic, en tant que distributeurs de souvenirs en gros, nous garantissons la qualit\u00e9 et la pertinence culturelle de chacun de nos produits, faisant de ce sous-verre un ajout pr\u00e9cieux \u00e0 n&rsquo;importe quelle boutique.<\/p>\n","protected":false},"excerpt":{"rendered":"<p>Sous-verre en c\u00e9ramique d\u00e9cor\u00e9 d&rsquo;une illustration vibrante de salamandres, inspir\u00e9 du folklore color\u00e9 de la Grande Canarie. Ce produit pr\u00e9sente un design en mosa\u00efque combinant des tons rouges, verts, bleus et jaunes, entour\u00e9 de fleurs multicolores sur un fond clair. L&rsquo;inscription \u00ab\u00a0Gran Canaria\u00a0\u00bb est subtilement int\u00e9gr\u00e9e \u00e0 la composition, apportant une touche d&rsquo;authenticit\u00e9 \u00e0 ce charmant souvenir qui refl\u00e9tera l&rsquo;essence de l&rsquo;\u00eele \u00e0 chaque utilisation.<\/p>\n","protected":false},"featured_media":14162,"template":"","meta":{"_acf_changed":false},"product_brand":[],"product_cat":[812],"product_tag":[530,585],"class_list":{"0":"post-36383","1":"product","2":"type-product","3":"status-publish","4":"has-post-thumbnail","6":"product_cat-sous-verres","7":"product_tag-animaux","8":"product_tag-ceramique","9":"pa_ciudad-gran-canaria","10":"pa_motivo-salamandres","11":"pa_pais-espana","13":"first","14":"instock","15":"shipping-taxable","16":"product-type-simple"},"acf":[],"_links":{"self":[{"href":"https:\/\/olemosaic.com\/fr\/wp-json\/wp\/v2\/product\/36383","targetHints":{"allow":["GET"]}}],"collection":[{"href":"https:\/\/olemosaic.com\/fr\/wp-json\/wp\/v2\/product"}],"about":[{"href":"https:\/\/olemosaic.com\/fr\/wp-json\/wp\/v2\/types\/product"}],"wp:featuredmedia":[{"embeddable":true,"href":"https:\/\/olemosaic.com\/fr\/wp-json\/wp\/v2\/media\/14162"}],"wp:attachment":[{"href":"https:\/\/olemosaic.com\/fr\/wp-json\/wp\/v2\/media?parent=36383"}],"wp:term":[{"taxonomy":"product_brand","embeddable":true,"href":"https:\/\/olemosaic.com\/fr\/wp-json\/wp\/v2\/product_brand?post=36383"},{"taxonomy":"product_cat","embeddable":true,"href":"https:\/\/olemosaic.com\/fr\/wp-json\/wp\/v2\/product_cat?post=36383"},{"taxonomy":"product_tag","embeddable":true,"href":"https:\/\/olemosaic.com\/fr\/wp-json\/wp\/v2\/product_tag?post=36383"}],"curies":[{"name":"wp","href":"https:\/\/api.w.org\/{rel}","templated":true}]}}