{"id":36382,"date":"2025-02-20T23:38:22","date_gmt":"2025-02-20T22:38:22","guid":{"rendered":"http:\/\/olemosaic.com\/producto\/posavasos-de-ceramica-barcelona-2\/"},"modified":"2025-07-25T18:33:51","modified_gmt":"2025-07-25T16:33:51","slug":"sous-verre-ceramique-barcelone-2","status":"publish","type":"product","link":"https:\/\/olemosaic.com\/fr\/produit\/sous-verre-ceramique-barcelone-2\/","title":{"rendered":"Sous-verre en c\u00e9ramique. Barcelone. Sagrada Familia."},"content":{"rendered":"<p>Ce sous-verre en c\u00e9ramique, d\u00e9cor\u00e9 d&rsquo;une illustration vibrante de Barcelone, capture l&rsquo;essence de la magnifique architecture moderniste d&rsquo;Antoni Gaud\u00ed, en particulier l&#8217;embl\u00e9matique Sagrada Familia. Son design color\u00e9 pr\u00e9sente des mosa\u00efques et des \u00e9l\u00e9ments distinctifs dans des tons bleus, rouges et jaunes qui s&rsquo;entrelacent pour former une repr\u00e9sentation visuelle qui souligne la cr\u00e9ativit\u00e9 et l&rsquo;ing\u00e9niosit\u00e9 de la cit\u00e9 comtale. Dans la partie sup\u00e9rieure, le texte \u00ab\u00a0Barcelona\u00a0\u00bb s&rsquo;int\u00e8gre de mani\u00e8re harmonieuse \u00e0 la sc\u00e8ne, \u00e9voquant l&rsquo;esprit culturel qui caract\u00e9rise cette m\u00e9tropole vibrante.<\/p>\n<p>Chaque sous-verre est une \u0153uvre d&rsquo;art en soi, \u00e9labor\u00e9 avec une c\u00e9ramique de haute qualit\u00e9 qui garantit durabilit\u00e9 et r\u00e9sistance, tandis que sa finition brillante rehausse les couleurs vives du design. Ce souvenir est parfait non seulement pour prot\u00e9ger les surfaces, mais aussi pour ajouter une touche esth\u00e9tique \u00e0 n&rsquo;importe quelle table, devenant un sujet de conversation entre les invit\u00e9s.<\/p>\n<p>Chez Ol\u00e9 Mosaic, nous comprenons l&rsquo;importance de ramener un morceau de Barcelone \u00e0 la maison. Ce sous-verre se pr\u00e9sente comme un excellent cadeau pour les touristes qui recherchent des souvenirs authentiques et repr\u00e9sentatifs de leur visite, soulignant la richesse culturelle de la ville. En tant que distributeurs de souvenirs en gros, nous garantissons que notre s\u00e9lection r\u00e9pond aux normes de qualit\u00e9 et d&rsquo;originalit\u00e9, faisant de ce produit une option parfaite pour les boutiques de cadeaux touristiques qui souhaitent proposer des pi\u00e8ces uniques reliant les clients \u00e0 l&rsquo;histoire et \u00e0 l&rsquo;art de Barcelone.<\/p>\n","protected":false},"excerpt":{"rendered":"<p>Sous-verre en c\u00e9ramique d\u00e9cor\u00e9 d&rsquo;une illustration vibrante de Barcelone, o\u00f9 se d\u00e9tache l&#8217;embl\u00e9matique Sagrada Familia. Ce sous-verre color\u00e9 pr\u00e9sente un design qui capture l&rsquo;essence de l&rsquo;architecture moderniste de Gaud\u00ed, avec des mosa\u00efques et des \u00e9l\u00e9ments distinctifs dans des tons bleus, rouges et jaunes. Le mot \u00ab\u00a0Barcelona\u00a0\u00bb couronne la sc\u00e8ne artistique, id\u00e9al pour ajouter une touche culturelle \u00e0 votre table, tout en prot\u00e9geant sa surface.<\/p>\n","protected":false},"featured_media":14161,"template":"","meta":{"_acf_changed":false},"product_brand":[],"product_cat":[812],"product_tag":[585],"class_list":{"0":"post-36382","1":"product","2":"type-product","3":"status-publish","4":"has-post-thumbnail","6":"product_cat-sous-verres","7":"product_tag-ceramique","8":"pa_ciudad-barcelona","9":"pa_pais-espana","11":"first","12":"instock","13":"shipping-taxable","14":"product-type-simple"},"acf":[],"_links":{"self":[{"href":"https:\/\/olemosaic.com\/fr\/wp-json\/wp\/v2\/product\/36382","targetHints":{"allow":["GET"]}}],"collection":[{"href":"https:\/\/olemosaic.com\/fr\/wp-json\/wp\/v2\/product"}],"about":[{"href":"https:\/\/olemosaic.com\/fr\/wp-json\/wp\/v2\/types\/product"}],"wp:featuredmedia":[{"embeddable":true,"href":"https:\/\/olemosaic.com\/fr\/wp-json\/wp\/v2\/media\/14161"}],"wp:attachment":[{"href":"https:\/\/olemosaic.com\/fr\/wp-json\/wp\/v2\/media?parent=36382"}],"wp:term":[{"taxonomy":"product_brand","embeddable":true,"href":"https:\/\/olemosaic.com\/fr\/wp-json\/wp\/v2\/product_brand?post=36382"},{"taxonomy":"product_cat","embeddable":true,"href":"https:\/\/olemosaic.com\/fr\/wp-json\/wp\/v2\/product_cat?post=36382"},{"taxonomy":"product_tag","embeddable":true,"href":"https:\/\/olemosaic.com\/fr\/wp-json\/wp\/v2\/product_tag?post=36382"}],"curies":[{"name":"wp","href":"https:\/\/api.w.org\/{rel}","templated":true}]}}