{"id":36381,"date":"2025-02-20T23:38:22","date_gmt":"2025-02-20T22:38:22","guid":{"rendered":"http:\/\/olemosaic.com\/producto\/posavasos-de-ceramica-patio-valencia\/"},"modified":"2025-07-25T18:50:41","modified_gmt":"2025-07-25T16:50:41","slug":"sous-verre-ceramique-patio-valence","status":"publish","type":"product","link":"https:\/\/olemosaic.com\/fr\/produit\/sous-verre-ceramique-patio-valence\/","title":{"rendered":"Sous-verre en c\u00e9ramique. Patio. Valence."},"content":{"rendered":"<p>Ce sous-verre en c\u00e9ramique d\u00e9cor\u00e9e est un chef-d&rsquo;\u0153uvre qui capture l&rsquo;essence vibrante de Valence, ville c\u00e9l\u00e8bre pour sa riche culture et ses traditions festives. Avec un design peint \u00e0 la main, le sous-verre pr\u00e9sente une charmante sc\u00e8ne de danse dans un patio typique de Valence, o\u00f9 un couple, v\u00eatu de costumes traditionnels, bouge joyeusement parmi des pots de fleurs color\u00e9s. La femme irradie de l&rsquo;\u00e9nergie avec sa robe rouge et son \u00e9ventail, tandis que l&rsquo;homme, \u00e9l\u00e9gamment v\u00eatu, accompagne le rythme de ses mouvements. Le fond pr\u00e9sente des d\u00e9tails embl\u00e9matiques de c\u00e9ramique, embellissant encore plus l&rsquo;atmosph\u00e8re festive.<\/p>\n<p>Le texte \u00ab\u00a0VALENCIA\u00a0\u00bb se d\u00e9tache de mani\u00e8re frappante, s&rsquo;int\u00e9grant dans le design et faisant de ce sous-verre un souvenir repr\u00e9sentatif de la ville. Cet article n&rsquo;est pas seulement fonctionnel, mais aussi un excellent rappel de l&rsquo;hospitalit\u00e9 et de la joie qui d\u00e9finissent la culture valencienne. En choisissant ce sous-verre, vous n&rsquo;acqu\u00e9rez pas seulement un objet d\u00e9coratif, mais aussi un symbole de la riche tradition locale qui attire des touristes du monde entier.<\/p>\n<p>Chez Ol\u00e9 Mosaic, nous sommes fiers d&rsquo;\u00eatre des distributeurs de souvenirs en gros, offrant des produits authentiques qui refl\u00e8tent l&rsquo;essence de chaque r\u00e9gion. Ce sous-verre en c\u00e9ramique est un choix parfait pour les boutiques de cadeaux touristiques qui recherchent une connexion culturelle authentique et unique avec leur client\u00e8le. Avec son design attrayant et sa riche repr\u00e9sentation culturelle, il sera un succ\u00e8s garanti dans n&rsquo;importe quel \u00e9tablissement.<\/p>\n","protected":false},"excerpt":{"rendered":"<p>Sous-verre en c\u00e9ramique d\u00e9cor\u00e9 d&rsquo;une sc\u00e8ne de danse vibrante dans un patio typique de Valence. Le design artisanal, peint \u00e0 la main, montre un couple en train de danser. La femme porte une robe rouge et un \u00e9ventail, entour\u00e9e de pots de fleurs color\u00e9s et de d\u00e9tails en c\u00e9ramique qui \u00e9voquent la riche tradition locale. Avec le mot \u00ab\u00a0VALENCIA\u00a0\u00bb mis en avant, ce sous-verre capture l&rsquo;essence festive de la ville, id\u00e9al pour ajouter une touche culturelle \u00e0 n&rsquo;importe quelle table.<\/p>\n","protected":false},"featured_media":14160,"template":"","meta":{"_acf_changed":false},"product_brand":[],"product_cat":[812],"product_tag":[585],"class_list":{"0":"post-36381","1":"product","2":"type-product","3":"status-publish","4":"has-post-thumbnail","6":"product_cat-sous-verres","7":"product_tag-ceramique","8":"pa_ciudad-valencia","9":"pa_motivo-cours-interieures","10":"pa_pais-espana","12":"first","13":"instock","14":"shipping-taxable","15":"product-type-simple"},"acf":[],"_links":{"self":[{"href":"https:\/\/olemosaic.com\/fr\/wp-json\/wp\/v2\/product\/36381","targetHints":{"allow":["GET"]}}],"collection":[{"href":"https:\/\/olemosaic.com\/fr\/wp-json\/wp\/v2\/product"}],"about":[{"href":"https:\/\/olemosaic.com\/fr\/wp-json\/wp\/v2\/types\/product"}],"wp:featuredmedia":[{"embeddable":true,"href":"https:\/\/olemosaic.com\/fr\/wp-json\/wp\/v2\/media\/14160"}],"wp:attachment":[{"href":"https:\/\/olemosaic.com\/fr\/wp-json\/wp\/v2\/media?parent=36381"}],"wp:term":[{"taxonomy":"product_brand","embeddable":true,"href":"https:\/\/olemosaic.com\/fr\/wp-json\/wp\/v2\/product_brand?post=36381"},{"taxonomy":"product_cat","embeddable":true,"href":"https:\/\/olemosaic.com\/fr\/wp-json\/wp\/v2\/product_cat?post=36381"},{"taxonomy":"product_tag","embeddable":true,"href":"https:\/\/olemosaic.com\/fr\/wp-json\/wp\/v2\/product_tag?post=36381"}],"curies":[{"name":"wp","href":"https:\/\/api.w.org\/{rel}","templated":true}]}}