{"id":36380,"date":"2025-02-20T22:38:22","date_gmt":"2025-02-20T22:38:22","guid":{"rendered":"http:\/\/olemosaic.com\/producto\/posavasos-de-ceramica-toros-pamplona\/"},"modified":"2025-07-25T20:19:55","modified_gmt":"2025-07-25T18:19:55","slug":"sous-verre-ceramique-taureaux-pampelune","status":"publish","type":"product","link":"https:\/\/olemosaic.com\/fr\/produit\/sous-verre-ceramique-taureaux-pampelune\/","title":{"rendered":"Sous-verre en c\u00e9ramique. Taureaux. Pampelune."},"content":{"rendered":"<p>Ce sous-verre en c\u00e9ramique, d\u00e9cor\u00e9 d&rsquo;une mosa\u00efque vibrante, est une repr\u00e9sentation artistique du taureau, symbole embl\u00e9matique de Pampelune. Son design color\u00e9 se d\u00e9tache sur un fond de tons brillants qui \u00e9voquent l&rsquo;\u00e9nergie et la vitalit\u00e9 de la culture navarraise. Au centre, un taureau majestueux ressort avec un style moderne et amusant, fusionnant des couleurs intenses comme le bleu, le vert, le rouge et le jaune, toutes soigneusement peintes \u00e0 la main, ce qui conf\u00e8re \u00e0 chaque pi\u00e8ce un caract\u00e8re unique et irr\u00e9p\u00e9tible. En compl\u00e9ment de l&rsquo;image, on appr\u00e9cie de beaux d\u00e9tails floraux et le texte \u00ab Pamplona-Iru\u00f1a \u00bb dans la partie sup\u00e9rieure, qui souligne sa connexion avec cette ville historique et festive.<\/p>\n<p>Ce sous-verre n&rsquo;est pas seulement un choix d\u00e9coratif, mais aussi un souvenir culturel de Pampelune, id\u00e9al pour les amoureux du folklore espagnol qui souhaitent emporter chez eux un morceau de sa riche tradition. Son design capture l&rsquo;essence des f\u00eates de San Ferm\u00edn, soulignant l&rsquo;importance du taureau dans la culture locale. Chez Ol\u00e9 Mosaic, nous sommes fiers de proposer des souvenirs authentiques et de qualit\u00e9 en gros, faisant de ce sous-verre un excellent produit pour les boutiques de cadeaux touristiques qui cherchent \u00e0 offrir \u00e0 leurs clients une repr\u00e9sentation authentique et attrayante de la Navarre. \u00c9l\u00e9gant, fonctionnel et charg\u00e9 d&rsquo;histoire, ce souvenir est parfait pour ceux qui souhaitent se souvenir de leur visite \u00e0 Pampelune d&rsquo;une mani\u00e8re sp\u00e9ciale.<\/p>\n","protected":false},"excerpt":{"rendered":"<p>Sous-verre en c\u00e9ramique d\u00e9cor\u00e9 d&rsquo;une mosa\u00efque vibrante repr\u00e9sentant un taureau, symbole embl\u00e9matique de Pampelune. Ce design color\u00e9 comprend un fond de couleurs brillantes et des d\u00e9tails floraux, ainsi que le texte \u00ab\u00a0Pamplona-Iru\u00f1a\u00a0\u00bb dans la partie sup\u00e9rieure. La technique employ\u00e9e est la peinture \u00e0 la main, ce qui lui conf\u00e8re un caract\u00e8re unique. Le m\u00e9lange de tons lumineux et le style artistique \u00e9voquent la tradition culturelle de la ville, id\u00e9al pour tout amateur de folklore espagnol.<\/p>\n","protected":false},"featured_media":14159,"template":"","meta":{"_acf_changed":false},"product_brand":[],"product_cat":[812],"product_tag":[530,585],"class_list":{"0":"post-36380","1":"product","2":"type-product","3":"status-publish","4":"has-post-thumbnail","6":"product_cat-sous-verres","7":"product_tag-animaux","8":"product_tag-ceramique","9":"pa_ciudad-pamplona","10":"pa_motivo-taureaux","11":"pa_pais-espana","13":"first","14":"instock","15":"shipping-taxable","16":"product-type-simple"},"acf":[],"_links":{"self":[{"href":"https:\/\/olemosaic.com\/fr\/wp-json\/wp\/v2\/product\/36380","targetHints":{"allow":["GET"]}}],"collection":[{"href":"https:\/\/olemosaic.com\/fr\/wp-json\/wp\/v2\/product"}],"about":[{"href":"https:\/\/olemosaic.com\/fr\/wp-json\/wp\/v2\/types\/product"}],"wp:featuredmedia":[{"embeddable":true,"href":"https:\/\/olemosaic.com\/fr\/wp-json\/wp\/v2\/media\/14159"}],"wp:attachment":[{"href":"https:\/\/olemosaic.com\/fr\/wp-json\/wp\/v2\/media?parent=36380"}],"wp:term":[{"taxonomy":"product_brand","embeddable":true,"href":"https:\/\/olemosaic.com\/fr\/wp-json\/wp\/v2\/product_brand?post=36380"},{"taxonomy":"product_cat","embeddable":true,"href":"https:\/\/olemosaic.com\/fr\/wp-json\/wp\/v2\/product_cat?post=36380"},{"taxonomy":"product_tag","embeddable":true,"href":"https:\/\/olemosaic.com\/fr\/wp-json\/wp\/v2\/product_tag?post=36380"}],"curies":[{"name":"wp","href":"https:\/\/api.w.org\/{rel}","templated":true}]}}