{"id":36379,"date":"2025-02-20T23:38:21","date_gmt":"2025-02-20T22:38:21","guid":{"rendered":"http:\/\/olemosaic.com\/producto\/posavasos-de-ceramica-mosaico-mallorca-2\/"},"modified":"2025-07-25T19:08:26","modified_gmt":"2025-07-25T17:08:26","slug":"sous-verre-ceramique-mosaique-majorque-2","status":"publish","type":"product","link":"https:\/\/olemosaic.com\/fr\/produit\/sous-verre-ceramique-mosaique-majorque-2\/","title":{"rendered":"Sous-verre en c\u00e9ramique. Mosa\u00efque. Majorque. Motifs floraux."},"content":{"rendered":"<p>Ce sous-verre en c\u00e9ramique, d\u00e9cor\u00e9 d&rsquo;une mosa\u00efque vibrante inspir\u00e9e de la tradition majorquine, est une pi\u00e8ce incontournable pour les amoureux de la culture m\u00e9diterran\u00e9enne. Avec un design circulaire qui souligne son \u00e9l\u00e9gance, il pr\u00e9sente une combinaison \u00e9blouissante de motifs g\u00e9om\u00e9triques et floraux dans des tons rouges, bleus et jaunes, cr\u00e9ant une symphonie de couleurs qui attire tous les regards sur n&rsquo;importe quelle table. Chaque section de la mosa\u00efque est m\u00e9ticuleusement \u00e9labor\u00e9e, capturant l&rsquo;essence de l&rsquo;art c\u00e9ramique typique de l&rsquo;\u00eele, appr\u00e9ci\u00e9 depuis des g\u00e9n\u00e9rations.<\/p>\n<p>Sur le bord du sous-verre appara\u00eet le mot \u00ab\u00a0MALLORCA\u00a0\u00bb, une r\u00e9f\u00e9rence directe au riche h\u00e9ritage culturel de cette belle \u00eele, c\u00e9l\u00e8bre pour son architecture historique et ses paysages naturels idylliques. Ce souvenir n&rsquo;est pas seulement fonctionnel en prot\u00e9geant les surfaces des taches, mais il agit \u00e9galement comme un rappel artistique de la beaut\u00e9 de Majorque, id\u00e9al pour les touristes qui cherchent \u00e0 emporter un petit morceau de leur exp\u00e9rience.<\/p>\n<p>Chez Ol\u00e9 Mosaic, en tant que distributeurs en gros de souvenirs, nous proposons ce sous-verre comme une excellente option pour les boutiques de cadeaux touristiques, garantissant authenticit\u00e9 et pertinence culturelle dans chaque pi\u00e8ce. Ce sous-verre est plus qu&rsquo;un simple accessoire ; c&rsquo;est une c\u00e9l\u00e9bration de la tradition majorquine, devenant le souvenir parfait d&rsquo;une visite inoubliable.<\/p>\n","protected":false},"excerpt":{"rendered":"<p>Sous-verre en c\u00e9ramique d\u00e9cor\u00e9 d&rsquo;une mosa\u00efque vibrante inspir\u00e9e de la tradition majorquine. Ce sous-verre \u00e9l\u00e9gant pr\u00e9sente un design circulaire rempli de motifs g\u00e9om\u00e9triques et floraux color\u00e9s dans des tons rouges, bleus et jaunes, ainsi que le mot \u00ab\u00a0MALLORCA\u00a0\u00bb. Ses \u00e9l\u00e9ments visuels \u00e9voquent la beaut\u00e9 de l&rsquo;art c\u00e9ramique typique de la r\u00e9gion, apportant une touche distinctive et culturelle \u00e0 n&rsquo;importe quelle table. Un souvenir parfait pour se rappeler l&rsquo;essence de l&rsquo;\u00eele.<\/p>\n","protected":false},"featured_media":14158,"template":"","meta":{"_acf_changed":false},"product_brand":[],"product_cat":[812],"product_tag":[585],"class_list":{"0":"post-36379","1":"product","2":"type-product","3":"status-publish","4":"has-post-thumbnail","6":"product_cat-sous-verres","7":"product_tag-ceramique","8":"pa_ciudad-mallorca","9":"pa_motivo-mosaique","10":"pa_pais-espana","12":"first","13":"instock","14":"shipping-taxable","15":"product-type-simple"},"acf":[],"_links":{"self":[{"href":"https:\/\/olemosaic.com\/fr\/wp-json\/wp\/v2\/product\/36379","targetHints":{"allow":["GET"]}}],"collection":[{"href":"https:\/\/olemosaic.com\/fr\/wp-json\/wp\/v2\/product"}],"about":[{"href":"https:\/\/olemosaic.com\/fr\/wp-json\/wp\/v2\/types\/product"}],"wp:featuredmedia":[{"embeddable":true,"href":"https:\/\/olemosaic.com\/fr\/wp-json\/wp\/v2\/media\/14158"}],"wp:attachment":[{"href":"https:\/\/olemosaic.com\/fr\/wp-json\/wp\/v2\/media?parent=36379"}],"wp:term":[{"taxonomy":"product_brand","embeddable":true,"href":"https:\/\/olemosaic.com\/fr\/wp-json\/wp\/v2\/product_brand?post=36379"},{"taxonomy":"product_cat","embeddable":true,"href":"https:\/\/olemosaic.com\/fr\/wp-json\/wp\/v2\/product_cat?post=36379"},{"taxonomy":"product_tag","embeddable":true,"href":"https:\/\/olemosaic.com\/fr\/wp-json\/wp\/v2\/product_tag?post=36379"}],"curies":[{"name":"wp","href":"https:\/\/api.w.org\/{rel}","templated":true}]}}