{"id":36378,"date":"2025-02-20T22:38:21","date_gmt":"2025-02-20T22:38:21","guid":{"rendered":"http:\/\/olemosaic.com\/producto\/posavasos-de-ceramica-gato-gran-canaria\/"},"modified":"2025-07-25T18:52:51","modified_gmt":"2025-07-25T16:52:51","slug":"sous-verre-ceramique-chat-grande-canarie","status":"publish","type":"product","link":"https:\/\/olemosaic.com\/fr\/produit\/sous-verre-ceramique-chat-grande-canarie\/","title":{"rendered":"Sous-verre en c\u00e9ramique. Chat. Gran Canaria."},"content":{"rendered":"<p>Ce sous-verre en c\u00e9ramique, d\u00e9cor\u00e9 d&rsquo;un motif vibrant, capture l&rsquo;essence unique de Grande Canarie \u00e0 travers une illustration color\u00e9e de quatre chats de style mosa\u00efque, \u00e9voquant l&rsquo;ambiance joyeuse et tropicale de l&rsquo;archipel. La base ronde du sous-verre est orn\u00e9e de papillons qui apportent une touche de fra\u00eecheur et de nature, cr\u00e9ant un effet visuel qui invite \u00e0 la contemplation. La palette de couleurs comprend des verts luxuriants, des bleus profonds, des oranges lumineux et des rouges vibrants, des \u00e9l\u00e9ments qui non seulement rehaussent son attrait esth\u00e9tique, mais refl\u00e8tent \u00e9galement la biodiversit\u00e9 de l&rsquo;\u00eele.<\/p>\n<p>Cet article n&rsquo;est pas seulement un accessoire fonctionnel pour tout foyer ou \u00e9v\u00e9nement, mais il agit \u00e9galement comme un authentique souvenir de Grande Canarie, id\u00e9al pour les touristes qui cherchent \u00e0 ramener un petit morceau de la culture canarienne. La repr\u00e9sentation des chats, animaux communs dans la vie insulaire, comme symboles de compagnie et de mysticisme, souligne la connexion culturelle du produit avec la r\u00e9gion. Chez Ol\u00e9 Mosaic, nous nous sp\u00e9cialisons dans la distribution en gros de souvenirs authentiques, et ce sous-verre est une excellente option pour les boutiques de cadeaux touristiques souhaitant proposer des pi\u00e8ces ayant une signification culturelle et un attrait visuel. Avec son design unique et sa qualit\u00e9 artisanale, il devient un choix parfait pour ceux qui recherchent un souvenir repr\u00e9sentatif de leur visite \u00e0 Grande Canarie.<\/p>\n","protected":false},"excerpt":{"rendered":"<p>Sous-verre en c\u00e9ramique d\u00e9cor\u00e9 d&rsquo;un motif vibrant repr\u00e9sentant quatre chats dans un style de mosa\u00efque color\u00e9e, inspir\u00e9 de Grande Canarie. Cet article, \u00e0 base ronde, comprend des \u00e9l\u00e9ments distinctifs tels que des papillons qui ornent le fond, apportant une touche joyeuse et tropicale. La palette de couleurs, incluant des verts, des bleus, des oranges et des rouges, fait de ce sous-verre un accessoire fonctionnel et artistique pour tout foyer ou \u00e9v\u00e9nement.<\/p>\n","protected":false},"featured_media":14157,"template":"","meta":{"_acf_changed":false},"product_brand":[],"product_cat":[812],"product_tag":[530,585],"class_list":{"0":"post-36378","1":"product","2":"type-product","3":"status-publish","4":"has-post-thumbnail","6":"product_cat-sous-verres","7":"product_tag-animaux","8":"product_tag-ceramique","9":"pa_ciudad-gran-canaria","10":"pa_motivo-chats","11":"pa_pais-espana","13":"first","14":"instock","15":"shipping-taxable","16":"product-type-simple"},"acf":[],"_links":{"self":[{"href":"https:\/\/olemosaic.com\/fr\/wp-json\/wp\/v2\/product\/36378","targetHints":{"allow":["GET"]}}],"collection":[{"href":"https:\/\/olemosaic.com\/fr\/wp-json\/wp\/v2\/product"}],"about":[{"href":"https:\/\/olemosaic.com\/fr\/wp-json\/wp\/v2\/types\/product"}],"wp:featuredmedia":[{"embeddable":true,"href":"https:\/\/olemosaic.com\/fr\/wp-json\/wp\/v2\/media\/14157"}],"wp:attachment":[{"href":"https:\/\/olemosaic.com\/fr\/wp-json\/wp\/v2\/media?parent=36378"}],"wp:term":[{"taxonomy":"product_brand","embeddable":true,"href":"https:\/\/olemosaic.com\/fr\/wp-json\/wp\/v2\/product_brand?post=36378"},{"taxonomy":"product_cat","embeddable":true,"href":"https:\/\/olemosaic.com\/fr\/wp-json\/wp\/v2\/product_cat?post=36378"},{"taxonomy":"product_tag","embeddable":true,"href":"https:\/\/olemosaic.com\/fr\/wp-json\/wp\/v2\/product_tag?post=36378"}],"curies":[{"name":"wp","href":"https:\/\/api.w.org\/{rel}","templated":true}]}}