{"id":36377,"date":"2025-02-20T22:38:21","date_gmt":"2025-02-20T22:38:21","guid":{"rendered":"http:\/\/olemosaic.com\/producto\/posavasos-de-ceramica-patio-tenerife\/"},"modified":"2025-07-25T18:38:33","modified_gmt":"2025-07-25T16:38:33","slug":"sous-verre-ceramique-patio-tenerife","status":"publish","type":"product","link":"https:\/\/olemosaic.com\/fr\/produit\/sous-verre-ceramique-patio-tenerife\/","title":{"rendered":"Sous-verre en c\u00e9ramique. Patio. Tenerife."},"content":{"rendered":"<p>Ce sous-verre en c\u00e9ramique, d\u00e9cor\u00e9 d&rsquo;un motif vibrant inspir\u00e9 du folklore de Tenerife, est une repr\u00e9sentation parfaite de la joie et de la tradition de Tenerife. Il pr\u00e9sente un couple de danseurs dans un patio color\u00e9, entour\u00e9 d&rsquo;abondantes fleurs en pots, qui encapsulent l&rsquo;essence festive de l&rsquo;\u00eele. Le fond, rappelant une mosa\u00efque, fait ressortir les couleurs vives des pots et d&rsquo;une lanterne, tandis qu&rsquo;un texte distinctif \u00ab\u00a0Tenerife\u00a0\u00bb apporte du caract\u00e8re et de l&rsquo;authenticit\u00e9 au design. Ce sous-verre, en plus d&rsquo;\u00eatre fonctionnel, devient un v\u00e9ritable objet d\u00e9coratif qui ajoute une touche culturelle \u00e0 n&rsquo;importe quelle table, id\u00e9al pour ceux qui souhaitent ramener un petit morceau de Tenerife chez eux.<\/p>\n<p>La connexion culturelle sp\u00e9ciale avec Tenerife se manifeste dans la repr\u00e9sentation de ses traditions festives, o\u00f9 la danse et la musique sont des \u00e9l\u00e9ments fondamentaux. Chaque fois que ce sous-verre est utilis\u00e9, il \u00e9voque la vibrante culture canarienne, soulignant sa pertinence en tant que souvenir repr\u00e9sentatif. Chez Ol\u00e9 Mosaic, nous sommes fiers de proposer des souvenirs authentiques et bien con\u00e7us en gros, parfaits pour les boutiques de cadeaux touristiques qui recherchent des articles de qualit\u00e9 refl\u00e9tant la diversit\u00e9 culturelle de l&rsquo;Espagne. Ce sous-verre en c\u00e9ramique est, sans aucun doute, une excellente option pour ceux qui recherchent des souvenirs uniques et significatifs de Tenerife.<\/p>\n","protected":false},"excerpt":{"rendered":"<p>Sous-verre en c\u00e9ramique d\u00e9cor\u00e9 d&rsquo;un motif vibrant inspir\u00e9 du folklore de Tenerife. Il montre un couple de danseurs dans un patio color\u00e9 orn\u00e9 de fleurs, capturant l&rsquo;essence festive de Tenerife. Le fond, qui rappelle une mosa\u00efque, fait ressortir les couleurs vives des pots et d&rsquo;une lanterne, tandis que le texte \u00ab\u00a0Tenerife\u00a0\u00bb ajoute une touche distinctive. Id\u00e9al pour donner un caract\u00e8re authentique \u00e0 n&rsquo;importe quelle table.<\/p>\n","protected":false},"featured_media":14156,"template":"","meta":{"_acf_changed":false},"product_brand":[],"product_cat":[812],"product_tag":[585],"class_list":{"0":"post-36377","1":"product","2":"type-product","3":"status-publish","4":"has-post-thumbnail","6":"product_cat-sous-verres","7":"product_tag-ceramique","8":"pa_ciudad-tenerife","9":"pa_motivo-cours-interieures","10":"pa_pais-espana","12":"first","13":"instock","14":"shipping-taxable","15":"product-type-simple"},"acf":[],"_links":{"self":[{"href":"https:\/\/olemosaic.com\/fr\/wp-json\/wp\/v2\/product\/36377","targetHints":{"allow":["GET"]}}],"collection":[{"href":"https:\/\/olemosaic.com\/fr\/wp-json\/wp\/v2\/product"}],"about":[{"href":"https:\/\/olemosaic.com\/fr\/wp-json\/wp\/v2\/types\/product"}],"wp:featuredmedia":[{"embeddable":true,"href":"https:\/\/olemosaic.com\/fr\/wp-json\/wp\/v2\/media\/14156"}],"wp:attachment":[{"href":"https:\/\/olemosaic.com\/fr\/wp-json\/wp\/v2\/media?parent=36377"}],"wp:term":[{"taxonomy":"product_brand","embeddable":true,"href":"https:\/\/olemosaic.com\/fr\/wp-json\/wp\/v2\/product_brand?post=36377"},{"taxonomy":"product_cat","embeddable":true,"href":"https:\/\/olemosaic.com\/fr\/wp-json\/wp\/v2\/product_cat?post=36377"},{"taxonomy":"product_tag","embeddable":true,"href":"https:\/\/olemosaic.com\/fr\/wp-json\/wp\/v2\/product_tag?post=36377"}],"curies":[{"name":"wp","href":"https:\/\/api.w.org\/{rel}","templated":true}]}}