{"id":36376,"date":"2025-02-20T22:38:21","date_gmt":"2025-02-20T22:38:21","guid":{"rendered":"http:\/\/olemosaic.com\/producto\/posavasos-de-ceramica-salamandra-tenerife-2\/"},"modified":"2025-07-25T19:29:03","modified_gmt":"2025-07-25T17:29:03","slug":"sous-verre-ceramique-salamandre-tenerife","status":"publish","type":"product","link":"https:\/\/olemosaic.com\/fr\/produit\/sous-verre-ceramique-salamandre-tenerife\/","title":{"rendered":"Sous-verre en c\u00e9ramique. Salamandre. Tenerife."},"content":{"rendered":"<p>Ce sous-verre en c\u00e9ramique d\u00e9cor\u00e9 pr\u00e9sente un motif vibrant de salamandres, inspir\u00e9 par la riche faune de Tenerife. Avec un coloris attrayant, le sous-verre montre une mosa\u00efque dans des tons rouges, verts et bleus qui \u00e9voque la beaut\u00e9 exub\u00e9rante de l&rsquo;\u00eele. Les salamandres, l&rsquo;un des symboles de la biodiversit\u00e9 de Tenerife, sont entour\u00e9es de fleurs d\u00e9licates dans une vari\u00e9t\u00e9 de tons, qui compl\u00e8tent le design et apportent une touche de fra\u00eecheur et de naturel. Le mot \u00ab\u00a0Tenerife\u00a0\u00bb se d\u00e9tache \u00e0 un endroit strat\u00e9gique du sous-verre, soulignant sa connexion directe avec l&rsquo;\u00eele.<\/p>\n<p>Sa base en c\u00e9ramique partiellement \u00e9maill\u00e9e le rend non seulement fonctionnel, mais ajoute \u00e9galement une dimension esth\u00e9tique qui s&rsquo;int\u00e8gre parfaitement \u00e0 tout style de table. Ce souvenir de Tenerife est id\u00e9al pour ceux qui cherchent \u00e0 ramener un petit morceau de l&rsquo;essence canarienne chez eux. L&rsquo;authenticit\u00e9 du design et la qualit\u00e9 de la c\u00e9ramique garantissent qu&rsquo;il s&rsquo;agit d&rsquo;un produit repr\u00e9sentatif de la culture locale, ce qui en fait un cadeau parfait pour les touristes et une excellente option pour les boutiques de souvenirs.<\/p>\n<p>Chez Ol\u00e9 Mosaic, en tant que distributeurs en gros de souvenirs de Tenerife, nous proposons des produits qui c\u00e9l\u00e8brent le riche h\u00e9ritage culturel des \u00eeles. Ce sous-verre en c\u00e9ramique est une opportunit\u00e9 unique pour les boutiques de souvenirs d&rsquo;offrir \u00e0 leurs clients un souvenir authentique et visuellement attrayant de leur voyage aux Canaries.<\/p>\n","protected":false},"excerpt":{"rendered":"<p>Sous-verre en c\u00e9ramique d\u00e9cor\u00e9 d&rsquo;un motif vibrant de salamandres, inspir\u00e9 par la riche faune de Tenerife. Ce sous-verre attrayant pr\u00e9sente une mosa\u00efque color\u00e9e avec des d\u00e9tails en rouge, vert et bleu, entour\u00e9e de fleurs aux tons vari\u00e9s, le tout sur un fond de c\u00e9ramique partiellement \u00e9maill\u00e9. Le mot \u00ab\u00a0Tenerife\u00a0\u00bb se d\u00e9tache dans le design, transformant ce produit en une pi\u00e8ce unique et fonctionnelle qui rehausse l&rsquo;essence de l&rsquo;\u00eele. Id\u00e9al pour ajouter une touche canarienne \u00e0 n&rsquo;importe quelle table.<\/p>\n","protected":false},"featured_media":14155,"template":"","meta":{"_acf_changed":false},"product_brand":[],"product_cat":[812],"product_tag":[530,585],"class_list":{"0":"post-36376","1":"product","2":"type-product","3":"status-publish","4":"has-post-thumbnail","6":"product_cat-sous-verres","7":"product_tag-animaux","8":"product_tag-ceramique","9":"pa_ciudad-tenerife","10":"pa_motivo-salamandres","11":"pa_pais-espana","13":"first","14":"instock","15":"shipping-taxable","16":"product-type-simple"},"acf":[],"_links":{"self":[{"href":"https:\/\/olemosaic.com\/fr\/wp-json\/wp\/v2\/product\/36376","targetHints":{"allow":["GET"]}}],"collection":[{"href":"https:\/\/olemosaic.com\/fr\/wp-json\/wp\/v2\/product"}],"about":[{"href":"https:\/\/olemosaic.com\/fr\/wp-json\/wp\/v2\/types\/product"}],"wp:featuredmedia":[{"embeddable":true,"href":"https:\/\/olemosaic.com\/fr\/wp-json\/wp\/v2\/media\/14155"}],"wp:attachment":[{"href":"https:\/\/olemosaic.com\/fr\/wp-json\/wp\/v2\/media?parent=36376"}],"wp:term":[{"taxonomy":"product_brand","embeddable":true,"href":"https:\/\/olemosaic.com\/fr\/wp-json\/wp\/v2\/product_brand?post=36376"},{"taxonomy":"product_cat","embeddable":true,"href":"https:\/\/olemosaic.com\/fr\/wp-json\/wp\/v2\/product_cat?post=36376"},{"taxonomy":"product_tag","embeddable":true,"href":"https:\/\/olemosaic.com\/fr\/wp-json\/wp\/v2\/product_tag?post=36376"}],"curies":[{"name":"wp","href":"https:\/\/api.w.org\/{rel}","templated":true}]}}