{"id":36374,"date":"2025-02-20T22:38:21","date_gmt":"2025-02-20T22:38:21","guid":{"rendered":"http:\/\/olemosaic.com\/producto\/posavasos-de-ceramica-gato-valencia\/"},"modified":"2025-07-25T19:57:07","modified_gmt":"2025-07-25T17:57:07","slug":"sous-verre-ceramique-chat-valence","status":"publish","type":"product","link":"https:\/\/olemosaic.com\/fr\/produit\/sous-verre-ceramique-chat-valence\/","title":{"rendered":"Sous-verre en c\u00e9ramique. Chat. Valence."},"content":{"rendered":"<p>Ce sous-verre en c\u00e9ramique, d\u00e9cor\u00e9 d&rsquo;un motif vibrant de chats en mosa\u00efque, est un charmant souvenir qui capture l&rsquo;essence de la culture valencienne. Avec un design joyeux, ce sous-verre pr\u00e9sente quatre chats dans diverses poses, entour\u00e9s de papillons qui ajoutent une touche de vitalit\u00e9. La palette de couleurs \u00e9clatantes, avec des verts, des bleus, des rouges et des jaunes, est compl\u00e9t\u00e9e par une base blanche qui rehausse l&rsquo;ensemble, en faisant un objet d\u00e9coratif id\u00e9al pour n&rsquo;importe quel foyer.<\/p>\n<p>Le style du design s&rsquo;inspire du c\u00e9l\u00e8bre art de la mosa\u00efque valencienne, connu pour sa richesse de couleurs et de formes, symbolisant la joie et la cr\u00e9ativit\u00e9 de l&rsquo;art local. Ce sous-verre n&rsquo;est pas seulement fonctionnel, mais aussi une pi\u00e8ce d\u00e9corative qui refl\u00e8te la riche tradition artistique de la r\u00e9gion. Parfait comme cadeau original, ce souvenir offre une fa\u00e7on amusante et moderne de se souvenir d&rsquo;une visite \u00e0 Valence.<\/p>\n<p>Chez Ol\u00e9 Mosaic, nous nous sp\u00e9cialisons dans la distribution de souvenirs en gros qui soulignent l&rsquo;authenticit\u00e9 et la valeur culturelle de chaque r\u00e9gion. Ce sous-verre, avec son design de chats color\u00e9s, est une excellente option pour les boutiques de cadeaux touristiques cherchant \u00e0 proposer des produits repr\u00e9sentatifs et de qualit\u00e9. Ajouter ce sous-verre \u00e0 votre catalogue est une fa\u00e7on d&rsquo;offrir \u00e0 vos clients un souvenir inoubliable de leur exp\u00e9rience \u00e0 Valence.<\/p>\n","protected":false},"excerpt":{"rendered":"<p>Sous-verre en c\u00e9ramique d\u00e9cor\u00e9 d&rsquo;un motif vibrant de chats en mosa\u00efque, inspir\u00e9 de l&rsquo;art color\u00e9 valencien. Le sous-verre montre quatre chats dans diff\u00e9rentes postures, entour\u00e9s de papillons et avec une palette de couleurs \u00e9clatantes incluant des verts, des bleus, des rouges et des jaunes. Sa base blanche fait ressortir le design, apportant une touche joyeuse et moderne, id\u00e9ale pour tout foyer ou comme cadeau original capturant l&rsquo;essence de la culture valencienne.<\/p>\n","protected":false},"featured_media":14153,"template":"","meta":{"_acf_changed":false},"product_brand":[],"product_cat":[812],"product_tag":[530,585],"class_list":{"0":"post-36374","1":"product","2":"type-product","3":"status-publish","4":"has-post-thumbnail","6":"product_cat-sous-verres","7":"product_tag-animaux","8":"product_tag-ceramique","9":"pa_ciudad-valencia","10":"pa_motivo-chats","11":"pa_pais-espana","13":"first","14":"instock","15":"shipping-taxable","16":"product-type-simple"},"acf":[],"_links":{"self":[{"href":"https:\/\/olemosaic.com\/fr\/wp-json\/wp\/v2\/product\/36374","targetHints":{"allow":["GET"]}}],"collection":[{"href":"https:\/\/olemosaic.com\/fr\/wp-json\/wp\/v2\/product"}],"about":[{"href":"https:\/\/olemosaic.com\/fr\/wp-json\/wp\/v2\/types\/product"}],"wp:featuredmedia":[{"embeddable":true,"href":"https:\/\/olemosaic.com\/fr\/wp-json\/wp\/v2\/media\/14153"}],"wp:attachment":[{"href":"https:\/\/olemosaic.com\/fr\/wp-json\/wp\/v2\/media?parent=36374"}],"wp:term":[{"taxonomy":"product_brand","embeddable":true,"href":"https:\/\/olemosaic.com\/fr\/wp-json\/wp\/v2\/product_brand?post=36374"},{"taxonomy":"product_cat","embeddable":true,"href":"https:\/\/olemosaic.com\/fr\/wp-json\/wp\/v2\/product_cat?post=36374"},{"taxonomy":"product_tag","embeddable":true,"href":"https:\/\/olemosaic.com\/fr\/wp-json\/wp\/v2\/product_tag?post=36374"}],"curies":[{"name":"wp","href":"https:\/\/api.w.org\/{rel}","templated":true}]}}