{"id":36343,"date":"2025-02-20T22:38:20","date_gmt":"2025-02-20T22:38:20","guid":{"rendered":"http:\/\/olemosaic.com\/producto\/posavasos-de-ceramica-flamencos-tenerife\/"},"modified":"2025-07-25T18:48:47","modified_gmt":"2025-07-25T16:48:47","slug":"dessous-de-verre-ceramique-flamants-roses-tenerife","status":"publish","type":"product","link":"https:\/\/olemosaic.com\/fr\/produit\/dessous-de-verre-ceramique-flamants-roses-tenerife\/","title":{"rendered":"Dessous de verre en c\u00e9ramique. Flamants roses. Tenerife."},"content":{"rendered":"<p>Ce dessous de verre en c\u00e9ramique d\u00e9cor\u00e9 pr\u00e9sente un design vibrant de flamants roses, inspir\u00e9 par la beaut\u00e9 naturelle de Tenerife. La pi\u00e8ce montre une illustration color\u00e9e avec deux flamants roses entrela\u00e7ant leurs cous dans un geste tendre, sur un fond de mosa\u00efques bleues \u00e9voquant un environnement aquatique anim\u00e9, et orn\u00e9 de subtils d\u00e9tails roses qui apportent chaleur et joie. L&rsquo;inscription \u00ab\u00a0TENERIFE\u00a0\u00bb souligne l&rsquo;origine de cet exquis souvenir, ajoutant un \u00e9l\u00e9ment distinctif et authentique qui en fait un excellent choix pour tout amateur des \u00eeles Canaries.<\/p>\n<p>La c\u00e9ramique utilis\u00e9e pour ce dessous de verre offre non seulement de la durabilit\u00e9, mais apporte \u00e9galement un air d&rsquo;\u00e9l\u00e9gance et de qualit\u00e9 \u00e0 n&rsquo;importe quelle table, \u00e9tant parfaite pour prot\u00e9ger les surfaces tout en ajoutant une touche de style canarien. Ce produit est un excellent souvenir qui capture l&rsquo;essence de l&rsquo;\u00e9cosyst\u00e8me de l&rsquo;\u00eele, refl\u00e9tant la riche faune de la r\u00e9gion et sa connexion avec l&rsquo;eau, des caract\u00e9ristiques profond\u00e9ment ancr\u00e9es dans la culture de Tenerife.<\/p>\n<p>Chez Ol\u00e9 Mosaic, nous sommes sp\u00e9cialistes de la distribution de souvenirs en gros. Ce dessous de verre flamants roses est id\u00e9al pour les boutiques de cadeaux touristiques qui cherchent \u00e0 offrir des articles authentiques et repr\u00e9sentatifs de la richesse culturelle canarienne. Sans aucun doute, une pi\u00e8ce qui ravira les touristes et les locaux, devenant un souvenir m\u00e9morable de leur visite.<\/p>\n","protected":false},"excerpt":{"rendered":"<p>Dessous de verre en c\u00e9ramique d\u00e9cor\u00e9 d&rsquo;un design vibrant de flamants roses, inspir\u00e9 par la beaut\u00e9 naturelle de Tenerife. Ce dessous de verre pr\u00e9sente une illustration color\u00e9e de deux flamants roses entrela\u00e7ant leurs cous sur un fond de mosa\u00efques bleues et de d\u00e9tails roses, \u00e9voquant un environnement aquatique anim\u00e9. Id\u00e9al pour prot\u00e9ger les surfaces et ajouter une touche canarienne avec style \u00e0 n&rsquo;importe quelle table, avec l&rsquo;inscription \u00ab\u00a0TENERIFE\u00a0\u00bb qui souligne son origine.<\/p>\n","protected":false},"featured_media":14152,"template":"","meta":{"_acf_changed":false},"product_brand":[],"product_cat":[812],"product_tag":[530,585],"class_list":{"0":"post-36343","1":"product","2":"type-product","3":"status-publish","4":"has-post-thumbnail","6":"product_cat-sous-verres","7":"product_tag-animaux","8":"product_tag-ceramique","9":"pa_ciudad-tenerife","10":"pa_motivo-flamants-roses","11":"pa_pais-espana","13":"first","14":"instock","15":"shipping-taxable","16":"product-type-simple"},"acf":[],"_links":{"self":[{"href":"https:\/\/olemosaic.com\/fr\/wp-json\/wp\/v2\/product\/36343","targetHints":{"allow":["GET"]}}],"collection":[{"href":"https:\/\/olemosaic.com\/fr\/wp-json\/wp\/v2\/product"}],"about":[{"href":"https:\/\/olemosaic.com\/fr\/wp-json\/wp\/v2\/types\/product"}],"wp:featuredmedia":[{"embeddable":true,"href":"https:\/\/olemosaic.com\/fr\/wp-json\/wp\/v2\/media\/14152"}],"wp:attachment":[{"href":"https:\/\/olemosaic.com\/fr\/wp-json\/wp\/v2\/media?parent=36343"}],"wp:term":[{"taxonomy":"product_brand","embeddable":true,"href":"https:\/\/olemosaic.com\/fr\/wp-json\/wp\/v2\/product_brand?post=36343"},{"taxonomy":"product_cat","embeddable":true,"href":"https:\/\/olemosaic.com\/fr\/wp-json\/wp\/v2\/product_cat?post=36343"},{"taxonomy":"product_tag","embeddable":true,"href":"https:\/\/olemosaic.com\/fr\/wp-json\/wp\/v2\/product_tag?post=36343"}],"curies":[{"name":"wp","href":"https:\/\/api.w.org\/{rel}","templated":true}]}}