{"id":36341,"date":"2025-02-20T22:38:20","date_gmt":"2025-02-20T22:38:20","guid":{"rendered":"http:\/\/olemosaic.com\/producto\/posavasos-de-ceramica-salamandra-y-flores-valencia\/"},"modified":"2025-07-25T18:37:37","modified_gmt":"2025-07-25T16:37:37","slug":"dessous-de-verre-ceramique-salamandre-et-fleurs-valence","status":"publish","type":"product","link":"https:\/\/olemosaic.com\/fr\/produit\/dessous-de-verre-ceramique-salamandre-et-fleurs-valence\/","title":{"rendered":"Dessous de verre en c\u00e9ramique. Salamandre et fleurs. Valence."},"content":{"rendered":"<p>Ce dessous de verre en c\u00e9ramique, avec son design de salamandre et de fleurs, est une pi\u00e8ce unique qui capture l&rsquo;essence vibrante de Valence. Cr\u00e9\u00e9 selon la technique de la mosa\u00efque, il pr\u00e9sente des couleurs vives et une texture riche, id\u00e9ale pour ajouter une touche artistique \u00e0 n&rsquo;importe quelle table. L&rsquo;illustration centrale montre une salamandre dans des tons verts, rouges et bleus, une ic\u00f4ne de la faune locale, entrelac\u00e9e de fleurs rouges et jaunes, cr\u00e9ant un contraste visuel captivant sur un fond gris textur\u00e9. Le mot \u00ab\u00a0Valencia\u00a0\u00bb ressort avec joie, rappelant \u00e0 celui qui l&rsquo;admire son origine.<\/p>\n<p>Ce dessous de verre n&rsquo;est pas seulement fonctionnel, il repr\u00e9sente \u00e9galement le riche h\u00e9ritage culturel de Valence, o\u00f9 l&rsquo;art de la mosa\u00efque est un symbole de cr\u00e9ativit\u00e9 et de tradition. Parfait comme souvenir, il se distingue par son authenticit\u00e9 et pour \u00eatre un souvenir repr\u00e9sentatif de la r\u00e9gion, id\u00e9al pour les touristes qui souhaitent emporter avec eux un morceau de la culture valencienne.<\/p>\n<p>Chez Ol\u00e9 Mosaic, nous nous consacrons \u00e0 la distribution de souvenirs en gros, proposant des articles qui allient art et tradition. Ce dessous de verre est une excellente option pour les boutiques de cadeaux touristiques souhaitant offrir des produits authentiques et d&rsquo;une pertinence culturelle, devenant un article indispensable pour ceux qui veulent un souvenir sp\u00e9cial de Valence.<\/p>\n","protected":false},"excerpt":{"rendered":"<p>Dessous de verre en c\u00e9ramique au design vibrant fusionnant une salamandre et des fleurs, inspir\u00e9 par la riche culture valencienne. Ce dessous de verre attrayant pr\u00e9sente une technique de mosa\u00efque aux couleurs \u00e9clatantes, avec une salamandre d\u00e9corative dans des tons verts, rouges et bleus, entour\u00e9e de fleurs rouges et jaunes sur un fond gris textur\u00e9. Avec le mot \u00ab\u00a0Valencia\u00a0\u00bb mis en avant, cet article est un souvenir parfait qui ajoute une touche artistique \u00e0 n&rsquo;importe quelle table.<\/p>\n","protected":false},"featured_media":14151,"template":"","meta":{"_acf_changed":false},"product_brand":[],"product_cat":[812],"product_tag":[530,585],"class_list":{"0":"post-36341","1":"product","2":"type-product","3":"status-publish","4":"has-post-thumbnail","6":"product_cat-sous-verres","7":"product_tag-animaux","8":"product_tag-ceramique","9":"pa_ciudad-valencia","10":"pa_motivo-salamandres","11":"pa_pais-espana","13":"first","14":"instock","15":"shipping-taxable","16":"product-type-simple"},"acf":[],"_links":{"self":[{"href":"https:\/\/olemosaic.com\/fr\/wp-json\/wp\/v2\/product\/36341","targetHints":{"allow":["GET"]}}],"collection":[{"href":"https:\/\/olemosaic.com\/fr\/wp-json\/wp\/v2\/product"}],"about":[{"href":"https:\/\/olemosaic.com\/fr\/wp-json\/wp\/v2\/types\/product"}],"wp:featuredmedia":[{"embeddable":true,"href":"https:\/\/olemosaic.com\/fr\/wp-json\/wp\/v2\/media\/14151"}],"wp:attachment":[{"href":"https:\/\/olemosaic.com\/fr\/wp-json\/wp\/v2\/media?parent=36341"}],"wp:term":[{"taxonomy":"product_brand","embeddable":true,"href":"https:\/\/olemosaic.com\/fr\/wp-json\/wp\/v2\/product_brand?post=36341"},{"taxonomy":"product_cat","embeddable":true,"href":"https:\/\/olemosaic.com\/fr\/wp-json\/wp\/v2\/product_cat?post=36341"},{"taxonomy":"product_tag","embeddable":true,"href":"https:\/\/olemosaic.com\/fr\/wp-json\/wp\/v2\/product_tag?post=36341"}],"curies":[{"name":"wp","href":"https:\/\/api.w.org\/{rel}","templated":true}]}}