{"id":36340,"date":"2025-02-20T23:38:20","date_gmt":"2025-02-20T22:38:20","guid":{"rendered":"http:\/\/olemosaic.com\/producto\/posavasos-de-ceramica-salamandra-lanzarote\/"},"modified":"2025-07-25T18:46:22","modified_gmt":"2025-07-25T16:46:22","slug":"dessous-de-verre-ceramique-salamandre-lanzarote","status":"publish","type":"product","link":"https:\/\/olemosaic.com\/fr\/produit\/dessous-de-verre-ceramique-salamandre-lanzarote\/","title":{"rendered":"Dessous de verre en c\u00e9ramique. Salamandre. Lanzarote."},"content":{"rendered":"<p>Ce dessous de verre en c\u00e9ramique est une repr\u00e9sentation vibrante du charme naturel de Lanzarote, id\u00e9al pour ceux qui recherchent des souvenirs authentiques et de qualit\u00e9. Avec un design qui met en avant la faune de l&rsquo;\u00eele, ce dessous de verre pr\u00e9sente de nombreuses salamandres dans des tons bleu, vert et rouge qui semblent prendre vie sur un fond de mosa\u00efque brillante. Les fleurs color\u00e9es et stylis\u00e9es qui accompagnent les salamandres, ainsi que le texte \u00ab\u00a0LANZAROTE\u00a0\u00bb, ajoutent une touche de fra\u00eecheur et de joie, \u00e9voquant les paysages uniques et la riche biodiversit\u00e9 de cette magnifique \u00eele des Canaries.<\/p>\n<p>Chaque dessous de verre est une pi\u00e8ce \u00e0 effet peint \u00e0 la main, ce qui garantit sa singularit\u00e9 et son authenticit\u00e9. La technique artisanale utilis\u00e9e souligne le savoir-faire des artisans locaux et leur capacit\u00e9 \u00e0 capturer l&rsquo;essence de Lanzarote dans un objet fonctionnel et d\u00e9coratif. Ce souvenir ne sert pas seulement de protecteur de surface, mais devient \u00e9galement un sujet de conversation rappelant les paysages volcaniques et la culture vibrante de l&rsquo;\u00eele.<\/p>\n<p>Ol\u00e9 Mosaic est fier de proposer des produits qui repr\u00e9sentent la richesse culturelle de l&rsquo;Espagne et du Portugal. Ce dessous de verre en c\u00e9ramique est une excellente option pour les boutiques de cadeaux touristiques \u00e0 la recherche d&rsquo;articles authentiques et color\u00e9s, parfaits pour ceux qui souhaitent emporter un morceau de Lanzarote et de ses merveilles. En tant que distributeur de souvenirs en gros, nous garantissons la qualit\u00e9 et l&rsquo;originalit\u00e9 de chaque pi\u00e8ce, assurant que vos clients trouvent des souvenirs m\u00e9morables et repr\u00e9sentatifs de leur voyage.<\/p>\n","protected":false},"excerpt":{"rendered":"<p>Dessous de verre en c\u00e9ramique au design vibrant inspir\u00e9 de la faune de Lanzarote. Ce dessous de verre attrayant pr\u00e9sente de nombreuses salamandres dans des tons bleus, verts et rouges sur un fond de mosa\u00efque. Des \u00e9l\u00e9ments d\u00e9coratifs de fleurs aux couleurs \u00e9clatantes se distinguent, ainsi que le texte \u00ab\u00a0LANZAROTE\u00a0\u00bb. La technique de c\u00e9ramique au design artisanal, peint \u00e0 la main, garantit une pi\u00e8ce unique qui capturera l&rsquo;essence color\u00e9e de cette \u00eele des Canaries, id\u00e9ale pour ajouter une touche distinctive \u00e0 votre int\u00e9rieur.<\/p>\n","protected":false},"featured_media":14150,"template":"","meta":{"_acf_changed":false},"product_brand":[],"product_cat":[812],"product_tag":[530,585],"class_list":{"0":"post-36340","1":"product","2":"type-product","3":"status-publish","4":"has-post-thumbnail","6":"product_cat-sous-verres","7":"product_tag-animaux","8":"product_tag-ceramique","9":"pa_ciudad-lanzarote","10":"pa_motivo-salamandres","11":"pa_pais-espana","13":"first","14":"instock","15":"shipping-taxable","16":"product-type-simple"},"acf":[],"_links":{"self":[{"href":"https:\/\/olemosaic.com\/fr\/wp-json\/wp\/v2\/product\/36340","targetHints":{"allow":["GET"]}}],"collection":[{"href":"https:\/\/olemosaic.com\/fr\/wp-json\/wp\/v2\/product"}],"about":[{"href":"https:\/\/olemosaic.com\/fr\/wp-json\/wp\/v2\/types\/product"}],"wp:featuredmedia":[{"embeddable":true,"href":"https:\/\/olemosaic.com\/fr\/wp-json\/wp\/v2\/media\/14150"}],"wp:attachment":[{"href":"https:\/\/olemosaic.com\/fr\/wp-json\/wp\/v2\/media?parent=36340"}],"wp:term":[{"taxonomy":"product_brand","embeddable":true,"href":"https:\/\/olemosaic.com\/fr\/wp-json\/wp\/v2\/product_brand?post=36340"},{"taxonomy":"product_cat","embeddable":true,"href":"https:\/\/olemosaic.com\/fr\/wp-json\/wp\/v2\/product_cat?post=36340"},{"taxonomy":"product_tag","embeddable":true,"href":"https:\/\/olemosaic.com\/fr\/wp-json\/wp\/v2\/product_tag?post=36340"}],"curies":[{"name":"wp","href":"https:\/\/api.w.org\/{rel}","templated":true}]}}