{"id":36339,"date":"2025-02-20T23:38:20","date_gmt":"2025-02-20T22:38:20","guid":{"rendered":"http:\/\/olemosaic.com\/producto\/posavasos-de-ceramica-salamandra-fuerteventura-2\/"},"modified":"2025-07-25T20:22:37","modified_gmt":"2025-07-25T18:22:37","slug":"dessous-de-verre-ceramique-salamandre-fuerteventura-2","status":"publish","type":"product","link":"https:\/\/olemosaic.com\/fr\/produit\/dessous-de-verre-ceramique-salamandre-fuerteventura-2\/","title":{"rendered":"Dessous de verre en c\u00e9ramique. Mosa\u00efque. Salamandre. Fuerteventura."},"content":{"rendered":"<p>Dessous de verre en c\u00e9ramique avec un motif de salamandres de Fuerteventura. Cet article est un v\u00e9ritable reflet de la beaut\u00e9 et de la tradition de l&rsquo;\u00eele des Canaries. Avec un motif vibrant de salamandres, ce dessous de verre se distingue par sa mosa\u00efque color\u00e9e aux tons vifs de vert, bleu et rouge, qui s&rsquo;entrelacent avec des fleurs d\u00e9licates sur un fond \u00e9voquant le style des azulejos et le riche folklore canarien. Le mot \u00ab\u00a0Fuerteventura\u00a0\u00bb est situ\u00e9 au centre, soulignant son origine et faisant de ce dessous de verre un souvenir attrayant et fonctionnel. Fabriqu\u00e9 en c\u00e9ramique de haute qualit\u00e9, il est durable et facile \u00e0 nettoyer, id\u00e9al pour embellir n&rsquo;importe quelle table tout en prot\u00e9geant la surface. Son design n&rsquo;est pas seulement un accessoire pratique, mais transmet \u00e9galement le riche h\u00e9ritage culturel de l&rsquo;\u00eele, c\u00e9l\u00e9brant son environnement naturel et sa diversit\u00e9. Ce dessous de verre est un excellent choix pour les touristes \u00e0 la recherche de souvenirs authentiques de Fuerteventura, et son attrait visuel en fait un produit parfait pour les boutiques de cadeaux touristiques. Chez Ol\u00e9 Mosaic, en tant que grossiste de souvenirs canariens, nous garantissons l&rsquo;authenticit\u00e9 et le charme de chaque pi\u00e8ce, offrant des souvenirs qui capturent l&rsquo;essence de chaque r\u00e9gion.<\/p>\n","protected":false},"excerpt":{"rendered":"<p>Dessous de verre en c\u00e9ramique avec un design vibrant de salamandres, inspir\u00e9 par la beaut\u00e9 de Fuerteventura. Ce dessous de verre color\u00e9 pr\u00e9sente des salamandres en mosa\u00efque dans des tons vifs de vert, bleu et rouge, entour\u00e9es de fleurs sur un fond de style azulejo, \u00e9voquant le folklore canarien. Le mot \u00ab\u00a0Fuerteventura\u00a0\u00bb ressort au centre, faisant de ce dessous de verre un souvenir attrayant et fonctionnel, id\u00e9al pour mettre en valeur la culture et la tradition de l&rsquo;\u00eele.<\/p>\n","protected":false},"featured_media":14149,"template":"","meta":{"_acf_changed":false},"product_brand":[],"product_cat":[812],"product_tag":[530,585],"class_list":{"0":"post-36339","1":"product","2":"type-product","3":"status-publish","4":"has-post-thumbnail","6":"product_cat-sous-verres","7":"product_tag-animaux","8":"product_tag-ceramique","9":"pa_ciudad-fuerteventura","10":"pa_motivo-salamandres","11":"pa_pais-espana","13":"first","14":"instock","15":"shipping-taxable","16":"product-type-simple"},"acf":[],"_links":{"self":[{"href":"https:\/\/olemosaic.com\/fr\/wp-json\/wp\/v2\/product\/36339","targetHints":{"allow":["GET"]}}],"collection":[{"href":"https:\/\/olemosaic.com\/fr\/wp-json\/wp\/v2\/product"}],"about":[{"href":"https:\/\/olemosaic.com\/fr\/wp-json\/wp\/v2\/types\/product"}],"wp:featuredmedia":[{"embeddable":true,"href":"https:\/\/olemosaic.com\/fr\/wp-json\/wp\/v2\/media\/14149"}],"wp:attachment":[{"href":"https:\/\/olemosaic.com\/fr\/wp-json\/wp\/v2\/media?parent=36339"}],"wp:term":[{"taxonomy":"product_brand","embeddable":true,"href":"https:\/\/olemosaic.com\/fr\/wp-json\/wp\/v2\/product_brand?post=36339"},{"taxonomy":"product_cat","embeddable":true,"href":"https:\/\/olemosaic.com\/fr\/wp-json\/wp\/v2\/product_cat?post=36339"},{"taxonomy":"product_tag","embeddable":true,"href":"https:\/\/olemosaic.com\/fr\/wp-json\/wp\/v2\/product_tag?post=36339"}],"curies":[{"name":"wp","href":"https:\/\/api.w.org\/{rel}","templated":true}]}}