{"id":36338,"date":"2025-02-20T23:38:20","date_gmt":"2025-02-20T22:38:20","guid":{"rendered":"http:\/\/olemosaic.com\/producto\/posavasos-de-ceramica-salamandra-gran-canaria\/"},"modified":"2025-07-25T19:47:55","modified_gmt":"2025-07-25T17:47:55","slug":"sous-verre-ceramique-salamandre-grande-canarie","status":"publish","type":"product","link":"https:\/\/olemosaic.com\/fr\/produit\/sous-verre-ceramique-salamandre-grande-canarie\/","title":{"rendered":"Sous-verre en c\u00e9ramique. Mosa\u00efque. Salamandre. Grande Canarie."},"content":{"rendered":"<p>Ce sous-verre en c\u00e9ramique est une repr\u00e9sentation vibrante du caract\u00e8re unique de la Grande Canarie, avec un design color\u00e9 de salamandres qui \u00e9voque la riche faune de l&rsquo;\u00eele. De forme circulaire, ce sous-verre pr\u00e9sente une mosa\u00efque attrayante avec des tons rouges, verts et bleus, entrelac\u00e9s de fleurs d\u00e9licates aux couleurs vives, cr\u00e9ant un effet visuel captivant. Au centre, le texte \u00ab\u00a0Gran Canaria\u00a0\u00bb se d\u00e9tache, ajoutant une touche personnalis\u00e9e qui souligne le lien culturel du produit.<\/p>\n<p>Fabriqu\u00e9 en c\u00e9ramique de haute qualit\u00e9, ce sous-verre ne prot\u00e8ge pas seulement vos surfaces, mais sert \u00e9galement d&rsquo;\u00e9l\u00e9ment d\u00e9coratif qui incorpore un fragment de l&rsquo;essence canarienne dans votre maison. Les salamandres, symbole d&rsquo;adaptabilit\u00e9 et de renaissance, refl\u00e8tent la diversit\u00e9 naturelle de la Grande Canarie, faisant de ce souvenir un rappel de la beaut\u00e9 de l&rsquo;\u00eele.<\/p>\n<p>Ce sous-verre salamandre est une excellente option pour les touristes \u00e0 la recherche de souvenirs authentiques capturant l&rsquo;essence de leur visite. Chez Ol\u00e9 Mosaic, nous nous engageons \u00e0 offrir des souvenirs en c\u00e9ramique uniques, id\u00e9aux pour les distributeurs et les boutiques de cadeaux touristiques. En tant que grossistes d&rsquo;articles artisanaux, nous garantissons la qualit\u00e9 et le design tr\u00e8s sp\u00e9cial de chaque produit, assurant que chaque pi\u00e8ce raconte une histoire et c\u00e9l\u00e8bre le riche h\u00e9ritage culturel des Canaries.<\/p>\n","protected":false},"excerpt":{"rendered":"<p>Sous-verre en c\u00e9ramique avec un design vibrant de salamandres inspir\u00e9 de la faune de la Grande Canarie. Cet article circulaire pr\u00e9sente une mosa\u00efque color\u00e9e combinant des tons rouges, verts et bleus, entour\u00e9e de fleurs aux tons vifs. L&rsquo;inscription \u00ab\u00a0Gran Canaria\u00a0\u00bb se d\u00e9tache au centre, compl\u00e9tant la sc\u00e8ne. Id\u00e9al pour ajouter une touche de la riche culture canarienne \u00e0 votre maison, tout en prot\u00e9geant vos surfaces avec style et originalit\u00e9.<\/p>\n","protected":false},"featured_media":14148,"template":"","meta":{"_acf_changed":false},"product_brand":[],"product_cat":[812],"product_tag":[530,585],"class_list":{"0":"post-36338","1":"product","2":"type-product","3":"status-publish","4":"has-post-thumbnail","6":"product_cat-sous-verres","7":"product_tag-animaux","8":"product_tag-ceramique","9":"pa_ciudad-gran-canaria","10":"pa_motivo-salamandres","11":"pa_pais-espana","13":"first","14":"instock","15":"shipping-taxable","16":"product-type-simple"},"acf":[],"_links":{"self":[{"href":"https:\/\/olemosaic.com\/fr\/wp-json\/wp\/v2\/product\/36338","targetHints":{"allow":["GET"]}}],"collection":[{"href":"https:\/\/olemosaic.com\/fr\/wp-json\/wp\/v2\/product"}],"about":[{"href":"https:\/\/olemosaic.com\/fr\/wp-json\/wp\/v2\/types\/product"}],"wp:featuredmedia":[{"embeddable":true,"href":"https:\/\/olemosaic.com\/fr\/wp-json\/wp\/v2\/media\/14148"}],"wp:attachment":[{"href":"https:\/\/olemosaic.com\/fr\/wp-json\/wp\/v2\/media?parent=36338"}],"wp:term":[{"taxonomy":"product_brand","embeddable":true,"href":"https:\/\/olemosaic.com\/fr\/wp-json\/wp\/v2\/product_brand?post=36338"},{"taxonomy":"product_cat","embeddable":true,"href":"https:\/\/olemosaic.com\/fr\/wp-json\/wp\/v2\/product_cat?post=36338"},{"taxonomy":"product_tag","embeddable":true,"href":"https:\/\/olemosaic.com\/fr\/wp-json\/wp\/v2\/product_tag?post=36338"}],"curies":[{"name":"wp","href":"https:\/\/api.w.org\/{rel}","templated":true}]}}