{"id":36337,"date":"2025-02-20T22:38:19","date_gmt":"2025-02-20T22:38:19","guid":{"rendered":"http:\/\/olemosaic.com\/producto\/posavasos-de-ceramica-mosaico-sevilla\/"},"modified":"2025-07-25T20:32:46","modified_gmt":"2025-07-25T18:32:46","slug":"sous-verre-ceramique-mosaique-seville","status":"publish","type":"product","link":"https:\/\/olemosaic.com\/fr\/produit\/sous-verre-ceramique-mosaique-seville\/","title":{"rendered":"Sous-verre en c\u00e9ramique. Mosa\u00efque. S\u00e9ville."},"content":{"rendered":"<p>Ce sous-verre en c\u00e9ramique au design de mosa\u00efque est une repr\u00e9sentation authentique de l&rsquo;esprit vibrant de S\u00e9ville. Fabriqu\u00e9 en c\u00e9ramique de haute qualit\u00e9, sa surface ronde est orn\u00e9e d&rsquo;une diversit\u00e9 de motifs g\u00e9om\u00e9triques qui \u00e9voquent la riche tradition architecturale andalouse. Les couleurs vives \u2013 bleus profonds, rouges intenses et oranges chauds \u2013 s&rsquo;entrelacent dans un d\u00e9ploiement qui capture l&rsquo;essence de l&rsquo;art local, avec le mot \u00ab\u00a0Sevilla\u00a0\u00bb se d\u00e9tachant en lettres \u00e9l\u00e9gantes, renfor\u00e7ant l&rsquo;identit\u00e9 culturelle du lieu.<\/p>\n<p>Chaque motif du sous-verre est m\u00e9ticuleusement con\u00e7u, ce qui fait de cette pi\u00e8ce non seulement un \u00e9l\u00e9ment fonctionnel pour prot\u00e9ger votre table, mais aussi un objet d\u00e9coratif attrayant qui ajoute une touche de sophistication \u00e0 n&rsquo;importe quel environnement. Sa r\u00e9sistance et sa facilit\u00e9 de nettoyage en font une option id\u00e9ale tant pour la maison que pour les commerces et les caf\u00e9s souhaitant offrir \u00e0 leurs clients un morceau de S\u00e9ville.<\/p>\n<p>Chez Ol\u00e9 Mosaic, nous sommes experts dans la distribution de souvenirs en gros, offrant des produits authentiques qui c\u00e9l\u00e8brent la culture espagnole. Ce sous-verre en mosa\u00efque est une option exceptionnelle pour les boutiques de cadeaux touristiques, permettant aux acheteurs de ramener chez eux un souvenir repr\u00e9sentatif de S\u00e9ville et de ses traditions vibrantes. Avec son design attrayant et son lien culturel, il s&rsquo;\u00e9rige comme un souvenir parfait pour ceux qui cherchent \u00e0 capturer l&rsquo;essence de l&rsquo;Andalousie dans leur vie quotidienne.<\/p>\n","protected":false},"excerpt":{"rendered":"<p>Sous-verre en c\u00e9ramique avec un design de mosa\u00efque vibrant, inspir\u00e9 de la riche tradition s\u00e9villane. Cet \u00e9l\u00e9gant sous-verre pr\u00e9sente une vari\u00e9t\u00e9 de motifs g\u00e9om\u00e9triques et d\u00e9coratifs, avec des couleurs vives comme les bleus, les rouges et les oranges, intercal\u00e9s avec le mot \u00ab\u00a0Sevilla\u00a0\u00bb dans un style pro\u00e9minent. Parfait pour ajouter une touche culturelle \u00e0 votre table, il est \u00e0 la fois fonctionnel et une belle pi\u00e8ce d\u00e9corative qui \u00e9voque le charme andalou.<\/p>\n","protected":false},"featured_media":14147,"template":"","meta":{"_acf_changed":false},"product_brand":[],"product_cat":[812],"product_tag":[585],"class_list":{"0":"post-36337","1":"product","2":"type-product","3":"status-publish","4":"has-post-thumbnail","6":"product_cat-sous-verres","7":"product_tag-ceramique","8":"pa_ciudad-sevilla","9":"pa_motivo-mosaique","10":"pa_pais-espana","12":"first","13":"instock","14":"shipping-taxable","15":"product-type-simple"},"acf":[],"_links":{"self":[{"href":"https:\/\/olemosaic.com\/fr\/wp-json\/wp\/v2\/product\/36337","targetHints":{"allow":["GET"]}}],"collection":[{"href":"https:\/\/olemosaic.com\/fr\/wp-json\/wp\/v2\/product"}],"about":[{"href":"https:\/\/olemosaic.com\/fr\/wp-json\/wp\/v2\/types\/product"}],"wp:featuredmedia":[{"embeddable":true,"href":"https:\/\/olemosaic.com\/fr\/wp-json\/wp\/v2\/media\/14147"}],"wp:attachment":[{"href":"https:\/\/olemosaic.com\/fr\/wp-json\/wp\/v2\/media?parent=36337"}],"wp:term":[{"taxonomy":"product_brand","embeddable":true,"href":"https:\/\/olemosaic.com\/fr\/wp-json\/wp\/v2\/product_brand?post=36337"},{"taxonomy":"product_cat","embeddable":true,"href":"https:\/\/olemosaic.com\/fr\/wp-json\/wp\/v2\/product_cat?post=36337"},{"taxonomy":"product_tag","embeddable":true,"href":"https:\/\/olemosaic.com\/fr\/wp-json\/wp\/v2\/product_tag?post=36337"}],"curies":[{"name":"wp","href":"https:\/\/api.w.org\/{rel}","templated":true}]}}