{"id":36335,"date":"2025-02-20T22:38:19","date_gmt":"2025-02-20T22:38:19","guid":{"rendered":"http:\/\/olemosaic.com\/producto\/posavasos-de-ceramica-flores-alicante\/"},"modified":"2025-07-25T19:11:01","modified_gmt":"2025-07-25T17:11:01","slug":"sous-verre-ceramique-fleurs-alicante","status":"publish","type":"product","link":"https:\/\/olemosaic.com\/fr\/produit\/sous-verre-ceramique-fleurs-alicante\/","title":{"rendered":"Sous-verre en c\u00e9ramique. Fleurs. Alicante."},"content":{"rendered":"<p>Ce sous-verre en c\u00e9ramique, avec son design floral vibrant, capture parfaitement l&rsquo;essence d&rsquo;Alicante. Avec un motif joyeux de p\u00e9tales dans des tons intenses de rouge, jaune, bleu et noir, ce sous-verre est non seulement fonctionnel, mais aussi un bel \u00e9l\u00e9ment d\u00e9coratif pour n&rsquo;importe quelle table. Le mot \u00ab\u00a0Alicante\u00a0\u00bb est \u00e9l\u00e9gamment imprim\u00e9 sur le bord, ajoutant une touche personnelle et un souvenir de la ville c\u00f4ti\u00e8re.<\/p>\n<p>Fabriqu\u00e9 avec une technique qui garantit sa durabilit\u00e9, ce sous-verre se distingue par son esth\u00e9tique lumineuse et festive, rappelant les mosa\u00efques typiques qui ornent les rues et les places d&rsquo;Alicante. Le design floral vibrant apporte non seulement un air m\u00e9diterran\u00e9en \u00e0 l&rsquo;ambiance, mais \u00e9voque \u00e9galement le climat chaud et la riche culture de la r\u00e9gion. Cet article est un souvenir parfait qui relie les touristes \u00e0 la tradition d&rsquo;Alicante, id\u00e9al pour ceux qui cherchent \u00e0 ramener chez eux un morceau de cette ville charmante.<\/p>\n<p>Chez Ol\u00e9 Mosaic, nous proposons ce sous-verre comme une excellente option pour les boutiques de cadeaux touristiques \u00e0 la recherche de souvenirs authentiques et repr\u00e9sentatifs de l&rsquo;Espagne. Qualit\u00e9 et culture s&rsquo;unissent dans ce sous-verre, en faisant un produit attrayant pour tout client qui appr\u00e9cie l&rsquo;art et la tradition d&rsquo;Alicante.<\/p>\n","protected":false},"excerpt":{"rendered":"<p>Sous-verre en c\u00e9ramique avec un design floral vibrant, inspir\u00e9 des mosa\u00efques d&rsquo;Alicante. Ce sous-verre color\u00e9 pr\u00e9sente un motif de p\u00e9tales dans des tons rouges, jaunes, bleus et noirs, ainsi que le nom \u00ab\u00a0Alicante\u00a0\u00bb imprim\u00e9 sur le bord. Sa technique de fabrication assure la durabilit\u00e9, tandis que son esth\u00e9tique joyeuse et lumineuse en fait un compl\u00e9ment id\u00e9al pour n&rsquo;importe quelle table, apportant une touche de culture m\u00e9diterran\u00e9enne.<\/p>\n","protected":false},"featured_media":14145,"template":"","meta":{"_acf_changed":false},"product_brand":[],"product_cat":[812],"product_tag":[585],"class_list":{"0":"post-36335","1":"product","2":"type-product","3":"status-publish","4":"has-post-thumbnail","6":"product_cat-sous-verres","7":"product_tag-ceramique","8":"pa_ciudad-alicante","9":"pa_motivo-fleurs","10":"pa_pais-espana","12":"first","13":"instock","14":"shipping-taxable","15":"product-type-simple"},"acf":[],"_links":{"self":[{"href":"https:\/\/olemosaic.com\/fr\/wp-json\/wp\/v2\/product\/36335","targetHints":{"allow":["GET"]}}],"collection":[{"href":"https:\/\/olemosaic.com\/fr\/wp-json\/wp\/v2\/product"}],"about":[{"href":"https:\/\/olemosaic.com\/fr\/wp-json\/wp\/v2\/types\/product"}],"wp:featuredmedia":[{"embeddable":true,"href":"https:\/\/olemosaic.com\/fr\/wp-json\/wp\/v2\/media\/14145"}],"wp:attachment":[{"href":"https:\/\/olemosaic.com\/fr\/wp-json\/wp\/v2\/media?parent=36335"}],"wp:term":[{"taxonomy":"product_brand","embeddable":true,"href":"https:\/\/olemosaic.com\/fr\/wp-json\/wp\/v2\/product_brand?post=36335"},{"taxonomy":"product_cat","embeddable":true,"href":"https:\/\/olemosaic.com\/fr\/wp-json\/wp\/v2\/product_cat?post=36335"},{"taxonomy":"product_tag","embeddable":true,"href":"https:\/\/olemosaic.com\/fr\/wp-json\/wp\/v2\/product_tag?post=36335"}],"curies":[{"name":"wp","href":"https:\/\/api.w.org\/{rel}","templated":true}]}}